{"id":4933,"date":"2020-05-04T07:41:05","date_gmt":"2020-05-04T07:41:05","guid":{"rendered":"https:\/\/catinfog.com\/?page_id=4933"},"modified":"2021-03-11T13:37:24","modified_gmt":"2021-03-11T13:37:24","slug":"home","status":"publish","type":"page","link":"https:\/\/catinfog.com\/en\/","title":{"rendered":"Home"},"content":{"rendered":"\n<section class=\"jumbotron bg-white text-center pb-0\">\n<div class=\"container\">\n<h1 class=\"jumbotron-heading font-weight-bold\">Point of Sale Software + Online Shop<br><span class=\"subrayado-cool\">simpler and easier<\/span><\/h1>\n<div class=\"cuerpopadding\">\n<p class=\"subtitulo pt-3\">Catinfog is a POS software <strong>super easy to use<\/strong> with which you can organise the sales of your physical shop <strong>and also your online store<\/strong>.<p>\n<a class=\"btn btn-danger text-white btn-lg mt-3\" href=\"\/regus\/registro.php\">Start now for free<\/a>\n<\/div>\n<div class=\"row justify-content-md-center\">\n<div class=\"col col-md-8 mt-1\">\n<style>\n.youtube img {\n width: 100%;\n top: -16.82%;\n left: 0;\n opacity: 0.9;\n}\n<\/style>\n<div class=\"wrapper\">\n <div class=\"youtube\" data-embed=\"HUaappCgWco\">\n <div class=\"play-button\"><\/div>\n <\/div>\n<\/div>\n\n<script>\n( function() {\n\n var youtube = document.querySelectorAll( \".youtube\" );\n \n for (var i = 0; i < youtube.length; i++) {\n \n var source = \"https:\/\/img.youtube.com\/vi\/\"+ youtube[i].dataset.embed +\"\/sddefault.jpg\";\n \n var image = new Image();\n image.src = source;\n image.addEventListener( \"load\", function() {\n youtube[ i ].appendChild( image );\n }( i ) );\n \n youtube[i].addEventListener( \"click\", function() {\n\n var iframe = document.createElement( \"iframe\" );\n\n iframe.setAttribute( \"frameborder\", \"0\" );\n iframe.setAttribute( \"allowfullscreen\", \"\" );\n iframe.setAttribute( \"src\", \"https:\/\/www.youtube.com\/embed\/\"+ this.dataset.embed +\"?rel=0&#038;autoplay=1\" );\n\n this.innerHTML = \"\";\n this.appendChild( iframe );\n } ); \n };\n \n} )();\n<\/script>\n\n<\/div>\n<\/div>\n\n\n<div class=\"row mb-5\">\n<div class=\"col-md-12 mt-4 mb-4\"><h3>More than 9,000 retailers around the world use it to manage their shops.<\/h3><p>For the past 4 years we have helped many, many shops start up and grow their businesses.<\/p><\/div>\n<div class=\"col-6 col-md-3\">\n<p><span style=\"color:#ffde6e;font-size:30px;\">&#9733;&#9733;&#9733;&#9733;&#9733;<\/span><br>\n<span style=\"font-size: 1em; font-weight: 600; color: #828282;\">\"Different from the others because of its simplicity.\"<\/span><\/p>\n<\/div>\n<div class=\"col-6 col-md-3\">\n<p><span style=\"color:#ffde6e;font-size:30px;\">&#9733;&#9733;&#9733;&#9733;&#9733;<\/span><br>\n<span style=\"font-size: 1em; font-weight: 600; color: #828282;\">\"Modern and advanced.\"<\/span><\/p>\n<\/div>\n<div class=\"col-6 col-md-3\">\n<p><span style=\"color:#ffde6e;font-size:30px;\">&#9733;&#9733;&#9733;&#9733;&#9733;<\/span><br>\n<span style=\"font-size: 1em; font-weight: 600; color: #828282;\">\"Adapted to modern times.\"<\/span><\/p>\n<\/div>\n<div class=\"col-6 col-md-3\">\n<p><span style=\"color:#ffde6e;font-size:30px;\">&#9733;&#9733;&#9733;&#9733;&#9733;<\/span><br>\n<span style=\"font-size: 1em; font-weight: 600; color: #828282;\">\"Perfect for my small shop.\"<\/span><\/p>\n<\/div>\n\n<\/div>\n\n\n\n<\/div>\n<\/section>\n\n\n\n\n<section class=\"jumbotron bg-white mt-2 mt-md-5 pt-2 pt-md-5\">\n <div class=\"container\">\n\t<div class=\"row mt-5\">\n\t\t<div class=\"col-md-6 align-self-center\">\n\t\t\t<h2>The easiest to use POS in the world<\/h2>.\n<p>Manage your physical shop in the easiest way. You can dedicate yourself to selling instead of spending countless hours learning how to use software. <br>Our POS is used exclusively to control sales and returns, the warehouse and the cash register.<br><br><a class=\"text-danger\" href=\"\/en\/pos\/\"><u>See how the POS works <img decoding=\"async\" src=\"https:\/\/catinfog.com\/wp-content\/uploads\/2020\/09\/flecha-derecha-1.png\"><\/u><\/a><\/p>\n\t\t\t\n\t\t<\/div>\n\t\t<div class=\"col-md-6\">\n\t\t\t<img decoding=\"async\" src=\"https:\/\/catinfog.com\/wp-content\/uploads\/2020\/09\/programa-tpv.jpg\">\n\t\t<\/div>\n\t<\/div>\n <\/div>\n<\/section>\n\n\n\n<section class=\"jumbotron bg-white mt-2 mt-md-4\">\n <div class=\"container\">\n\t<div class=\"row mt-2 mt-md-5\">\n\t<div class=\"col-md-6\">\n\t\t\t<img decoding=\"async\" src=\"https:\/\/catinfog.com\/wp-content\/uploads\/2020\/09\/tienda-online.jpg\">\n\t\t<\/div>\n\t\t<div class=\"col-md-6 align-self-center mt-3 mt-md-0\">\n\t\t\t<h2>An Online Shop connected to the POS warehouse<\/h2>\n\t\t\t<p>Catinfog is not just a POS. It is also an Online Shop. It comes pre-configured and you won't have to spend even 5 minutes to set it up.<br>The POS and the online shop are fully synchronised and use the same products, customers, invoices, categories, offers...<br><br><a class=\"text-danger\" href=\"\/tienda-online\/\"><u>See how the Online Shop works <img decoding=\"async\" src=\"https:\/\/catinfog.com\/wp-content\/uploads\/2020\/09\/flecha-derecha-1.png\"><\/u><\/a><\/p>\n\t\t<\/div>\n\t<\/div>\n <\/div>\n<\/section>\n<section class=\"jumbotron bg-white mt-2 mt-md-6 \">\n <div class=\"container text-center\">\n <div class=\"row\">\n <div class=\"col-md-12 text-center\">\n <h2><span class=\"subrayado-cool\">5 minutes:<\/span> is the time it takes to learn to use it<\/h2>\n <div class=\"cuerpopadding\">\n <p>\n Many shops do not use a POS simply because the ones they have tried are difficult to operate to absurd extremes.<br><strong>This is over!<\/strong> <u>A POS should be easier to use than a notepad or an excel spreadsheet.<\/u><br>\n <\/p>\n <p>\n At Catinfog <strong>we guarantee<\/strong> that it won't take you more than 5 minutes to learn how to use our POS.\n <\/p>\n <\/div>\n <\/div>\n<img decoding=\"async\" src=\"https:\/\/catinfog.com\/wp-content\/uploads\/2020\/10\/tpv-accion-5.jpg\" class=\"text-center img-fluid mt-4 px-md-5\" alt=\"POS easy to learn\">\n <\/div>\n \n <\/div>\n<\/section>\n\n\n\n\n\n\n\n\n\n\n\n\n\n\n\n\n\n<section class=\"jumbotron bg-white text-center pt-6\">\n <div class=\"container\">\n <h2>For <span class=\"subrayado-cool\">any type of physical trade<\/span><\/h2>\n <div class=\"cuerpopadding mb-5\">\n\t\t\t<p>There is no different version of Catinfog for every industry. Our experience tells us that no matter what type of business you have, simple is always the best option.<br>That's why Catinfog's POS and online shop is suitable for almost any type and size of business.<\/p>\n\t\t<\/div>\n\t\t<div class=\"row row-cols-2 row-cols-md-4\">\n\t\t\t<div class=\"col-sm-6 col-md-4 col-lg-3 mt-4\">\n\t\t\t\t<div class=\"card border-white\">\t\t\t\t\t\n\t\t\t\t\t<div class=\"card-body\">\n\t\t\t\t\t\t<a href=\"\/tpv\/tienda-ropa.php\"><img decoding=\"async\" src=\"\/wp-content\/uploads\/imagenes\/comercios\/tpv-tienda-de-ropa-miniatura-b.jpg\" alt=\"POS for clothing shop\" class=\"card-img-top mb-2\" \/><h3 class=\"card-title\">Clothing shops<\/h3><\/a>\n\t\t\t\t\t\t<p class=\"card-text\">Run your boutique easily and from the cloud. Manage sizes and colours easily.<\/p>\n\t\t\t\t\t<\/div>\n\t\t\t\t<\/div>\n\t\t\t<\/div>\n\t\t\t<div class=\"col-sm-6 col-md-4 col-lg-3 mt-4\">\n\t\t\t\t<div class=\"card border-white\">\t\t\t\t\t\n\t\t\t\t\t<div class=\"card-body\">\n\t\t\t\t\t\t<a href=\"\/tpv\/panaderia.php\"><img decoding=\"async\" src=\"\/wp-content\/uploads\/imagenes\/comercios\/tpv-panaderia-miniatura-b.jpg\" alt=\"tpv panaderia\" class=\"card-img-top mb-2\" \/><h3 class=\"card-title\">Bakeries<\/h3><\/a>\n\t\t\t\t\t\t<p class=\"card-text\">Selling bread and pastries is a task that requires extra organisational effort.<\/p>\n\t\t\t\t\t<\/div>\n\t\t\t\t<\/div>\n\t\t\t<\/div>\n\t\t\t<div class=\"col-sm-6 col-md-4 col-lg-3 mt-4\">\n\t\t\t\t<div class=\"card border-white\">\t\t\t\t\t\n\t\t\t\t\t<div class=\"card-body\">\n\t\t\t\t\t\t<a href=\"\/tpv\/zapateria.php\"><img decoding=\"async\" src=\"\/wp-content\/uploads\/imagenes\/comercios\/tpv-zapateria-miniatura-b.jpg\" alt=\"tpv zapateria\" class=\"card-img-top mb-2\" \/><h3 class=\"card-title\">Shoe shops<\/h3><\/a>\n\t\t\t\t\t\t<p class=\"card-text\">Running a shoe shop requires a very tidy warehouse and speed of execution in front of the customer.<\/p>\n\t\t\t\t\t<\/div>\n\t\t\t\t<\/div>\n\t\t\t<\/div>\n\t\t\t<div class=\"col-sm-6 col-md-4 col-lg-3 mt-4\">\n\t\t\t\t<div class=\"card border-white\">\t\t\t\t\t\n\t\t\t\t\t<div class=\"card-body\">\n\t\t\t\t\t\t<a href=\"\/tpv\/cafeteria.php\"><img decoding=\"async\" src=\"\/wp-content\/uploads\/imagenes\/comercios\/tpv-cafeteria-miniatura-b.jpg\" alt=\"POS coffee shop\" class=\"card-img-top mb-2\" \/><h3 class=\"card-title\">Coffee shops<\/h3><\/a>\n\t\t\t\t\t\t<p class=\"card-text\">Serving hundreds of coffees every breakfast requires great concentration and speed.<\/p>\n\t\t\t\t\t<\/div>\n\t\t\t\t<\/div>\n\t\t\t<\/div>\n\t\t<\/div>\n\t\t<a href=\"\/tpv#comercio\" class=\"btn btn-secondary btn-lg mt-3\">Other Sectors<\/a>\n <\/div>\n<\/section>\n\n\n\n\n\n\n<section class=\"jumbotron intermedio-rojo bg-catinfog text-center text-white\">\n <div class=\"container\">\n <h2><strong>Easy<\/strong>, Powerful and Synchronised with the cloud<\/h2>.\n <p>Print tickets or invoices, keep track of stock and customers <strong>should be easy and simple<\/strong>.Don't get complicated with complex software and focus on your business thanks to a POS that works 100% in the cloud.<\/p>\n <ul class=\"list1\">\n <li> Sell with your POS anywhere and from any device.<\/li>\n <li> No installation required. Start collecting now.<\/li>\n <li> Wherever you are, you will be able to see the evolution of your shop's sales.<\/li>\n <\/ul>\n <\/div>\n<\/section>\n\n\n\n\n<section class=\"jumbotron bg-white text-center pt-6\">\n <div class=\"container\">\n <h2>The most read articles of the blog<\/h2>\n <div class=\"cuerpopadding mb-5\">\n <p>If you want to keep up to date with news and tips for physical shops, you can visit our blog, where we show you all kinds of tricks, shop window decoration, new ways to promote yourself, etc...<\/p>\n<\/div>\n <div class=\"row row-cols-2 row-cols-md-4\">\n <div class=\"col-sm-6 col-md-4 col-lg-3 mt-4\">\n <div class=\"card\">\n <img decoding=\"async\" src=\"\/wp-content\/uploads\/2018\/11\/arqueo-caja-1-300x166.jpg\" class=\"card-img-top\" alt=\"Best cash balances\" \/>\n <div class=\"card-body\">\n <h5 class=\"card-title\">30 examples of cash audits<\/h5>\n <p class=\"card-text\">Compilation of the best cash register receipts that can be seen in shops.<br \/>\n <a href=\"\/arqueo-de-caja\/\">Read more<\/a><\/p>\n <\/div>\n <\/div>\n <\/div>\n <div class=\"col-sm-6 col-md-4 col-lg-3 mt-4\">\n <div class=\"card\">\n <img decoding=\"async\" src=\"\/wp-content\/uploads\/2017\/08\/mejores-tpv-gratis-1-300x177.jpg\" class=\"card-img-top\" alt=\"best pos\" \/>\n <div class=\"card-body\">\n <h5 class=\"card-title\">35 Point of Sale software to manage physical shops<\/h5>\n <p class=\"card-text\">\n We test 35 POS software so you don't have to.<br \/>\n <a href=\"\/en\/best-point-of-sale-free\/\">Read more<\/a>\n <\/p>\n <\/div>\n <\/div>\n <\/div>\n <div class=\"col-sm-6 col-md-4 col-lg-3 mt-4\">\n <div class=\"card\">\n <img decoding=\"async\" src=\"\/wp-content\/uploads\/2019\/02\/100-ejemplos-de-tickets-1-300x166.jpg\" class=\"card-img-top\" alt=\"Collection of 100 purchase receipt\" \/>\n <div class=\"card-body\">\n <h5 class=\"card-title\">100 purchase receipt of famous shops<\/h5>\n <p class=\"card-text\">Collection of purchase receipts from the most popular retailers.<br\/><a href=\"\/ticket-compra\/\">Read more<\/a><\/p>\n <\/div>\n <\/div>\n <\/div>\n <div class=\"col-sm-6 col-md-4 col-lg-3 mt-4\">\n <div class=\"card\">\n <img decoding=\"async\" src=\"https:\/\/catinfog.com\/wp-content\/uploads\/2020\/12\/herramienta-crear-tienda-online.jpg\" class=\"card-img-top\" alt=\"20 sites to create an online shop\" \/>\n <div class=\"card-body\">\n <h5 class=\"card-title\">20 sites to create an online shop<\/h5>\n <p class=\"card-text\">We tested 20 receipt printers and compared them.<br\/><a href=\"https:\/\/catinfog.com\/crear-tienda-online\/\">Read more<\/a><\/p>\n\n <\/div>\n <\/div>\n <\/div>\n <\/div>\n <\/div>\n\n<\/section>\n\n\n\n\n\n<section class=\"jumbotron bg-danger text-white pt-6\">\n <div class=\"container\">\n <div class=\"row\">\n <div class=\"col-md-12 text-center\">\n <form class=\"text-center\">\n <ul class=\"list-inline list-icons\">\n <li class=\"list-inline-item\">\n <i class=\"devicons devicons-css3\"><\/i>\n <input class=\"star star-5\" id=\"star-5\" type=\"radio\" name=\"star\">\n <label class=\"star star-5\" for=\"star-5\"><\/label>\n <\/li>\n <li class=\"list-inline-item\">\n <i class=\"devicons devicons-css3\"><\/i>\n <input class=\"star star-4\" id=\"star-4\" type=\"radio\" name=\"star\">\n <label class=\"star star-4\" for=\"star-4\"><\/label>\n <\/li>\n <li class=\"list-inline-item\">\n <i class=\"devicons devicons-css3\"><\/i>\n <input class=\"star star-3\" id=\"star-3\" type=\"radio\" name=\"star\">\n <label class=\"star star-3\" for=\"star-3\"><\/label>\n <\/li>\n <li class=\"list-inline-item\">\n <i class=\"devicons devicons-css3\"><\/i>\n <input class=\"star star-2\" id=\"star-2\" type=\"radio\" name=\"star\">\n <label class=\"star star-2\" for=\"star-2\"><\/label>\n <\/li>\n <li class=\"list-inline-item\">\n <i class=\"devicons devicons-css3\"><\/i>\n <input class=\"star star-1\" id=\"star-1\" type=\"radio\" name=\"star\">\n <label class=\"star star-1\" for=\"star-1\"><\/label>\n <\/li>\n <\/ul>\n <\/form>\n <p>[Total:3 Promedio:4.6\/5]*<br>*Para votar necesita iniciar sesi\u00f3n<p>\n <\/div>\n <div class=\"col-md-12\">\n <div class=\"row\">\n <div class=\"col-md-4 mb-3\">\n <div class=\"card sombreadocard text-center bg-white border-0 rounded-0\">\n <div class=\"card-body text-dark\">\n <img decoding=\"async\" class=\"img-fluid rounded-circle mb-3\" src=\"\/wp-content\/uploads\/imagenes\/maria-jose-esparza.jpg\" alt=\"catinfog customer\">\n <p>&#9733; &#9733; &#9733; &#9733; &#9733;<\/p>\n <p>\"With Catinfog we can serve customers simultaneously at the bar, at the tables and on the terrace.\"<\/p>\n <p class=\"text-danger nombreclient\">Maria Jos\u00e9 Esparza - Cafeter\u00eda Lizarralde<\/p>\n <\/div>\n <\/div>\n <\/div>\n <div class=\"col-md-4 mb-3\">\n <div class=\"card sombreadocard text-center bg-white border-0 rounded-0\">\n <div class=\"card-body text-dark\">\n <img decoding=\"async\" class=\"img-fluid rounded-circle mb-3\" src=\"\/wp-content\/uploads\/imagenes\/miguel-alvarez.jpg\" alt=\"catinfog customer\">\n <p>&#9733; &#9733; &#9733; &#9733; &#9733;<\/p>\n <p>\"The best thing for me is that I can watch the day's sales from anywhere and with my mobile phone.\"<\/p>\n <p class=\"text-danger nombreclient\">Miguel \u00c1lvarez - Hombre de Etiqueta<\/p>\n <\/div>\n <\/div>\n <\/div>\n <div class=\"col-md-4 mb-3\">\n <div class=\"card sombreadocard text-center bg-white border-0 rounded-0\">\n <div class=\"card-body text-dark\">\n <img decoding=\"async\" class=\"img-fluid rounded-circle mb-3\" src=\"\/wp-content\/uploads\/imagenes\/estrella-royo.jpg\" alt=\"catinfog customer\">\n <p>&#9733; &#9733; &#9733; &#9733; &#9733;<\/p>\n <p>\"We were looking to be able to sell online with an online shop connected to the POS software warehouse.\"<\/p>\n <p class=\"text-danger nombreclient\">Estrella Royo - Boutique A mi manera<\/p>\n <\/div>\n <\/div>\n <\/div>\n <\/div>\n <\/div>\n <\/div>\n <div class=\"row text-white\">\n <div class=\"col-md-12 text-center mt-6\">\n <div class=\"cuerpopadding\">\n <h3>Try it for 14 days. Your business will thank you<\/h3>\n <p>If you have come this far, it is because you are interested in what we are telling you.<br>So try Catinfog for 14 days free and find out for sure.<\/p>\n <a href=\"\/regus\/registro.php\" ><button type=\"button\" class=\"btn btn-secondary my-3 btn-lg\">Start now!<\/button><\/a>\n <\/div>\n <\/div>\n <\/div>\n <\/div>\n<\/section>\n","protected":false},"excerpt":{"rendered":"<p>Point of Sale Software + Online Shopsimpler and easier Catinfog is a POS software super easy to use with which you can organise the sales of your physical shop and also your online store. Start now for free More than 9,000 retailers around the world use it to manage their shops. For the past 4 [&#8230;]<\/p>\n<p><a class=\"btn btn-secondary understrap-read-more-link\" href=\"https:\/\/catinfog.com\/en\/\">Read More&#8230;<span class=\"screen-reader-text\"> from Home<\/span><\/a><\/p>\n","protected":false},"author":1,"featured_media":0,"parent":0,"menu_order":0,"comment_status":"closed","ping_status":"closed","template":"","meta":{"footnotes":""},"class_list":["post-4933","page","type-page","status-publish","hentry"],"yoast_head":"\n<title>Home - Catinfog<\/title>\n<meta name=\"robots\" content=\"index, follow, max-snippet:-1, max-image-preview:large, max-video-preview:-1\" \/>\n<link rel=\"canonical\" href=\"https:\/\/catinfog.com\/en\/\" \/>\n<meta property=\"og:locale\" content=\"en_US\" \/>\n<meta property=\"og:type\" content=\"article\" \/>\n<meta property=\"og:title\" content=\"Home - Catinfog\" \/>\n<meta property=\"og:description\" content=\"Point of Sale Software + Online Shopsimpler and easier Catinfog is a POS software super easy to use with which you can organise the sales of your physical shop and also your online store. Start now for free More than 9,000 retailers around the world use it to manage their shops. For the past 4 [...]Read More... from Home\" \/>\n<meta property=\"og:url\" content=\"https:\/\/catinfog.com\/en\/\" \/>\n<meta property=\"og:site_name\" content=\"Catinfog\" \/>\n<meta property=\"article:modified_time\" content=\"2021-03-11T13:37:24+00:00\" \/>\n<meta property=\"og:image\" content=\"https:\/\/catinfog.com\/wp-content\/uploads\/2020\/09\/flecha-derecha-1.png\" \/>\n<meta name=\"twitter:card\" content=\"summary_large_image\" \/>\n<meta name=\"twitter:label1\" content=\"Est. reading time\" \/>\n\t<meta name=\"twitter:data1\" content=\"3 minutes\" \/>\n<script type=\"application\/ld+json\" class=\"yoast-schema-graph\">{\"@context\":\"https:\/\/schema.org\",\"@graph\":[{\"@type\":\"WebPage\",\"@id\":\"https:\/\/catinfog.com\/en\/\",\"url\":\"https:\/\/catinfog.com\/en\/\",\"name\":\"Home - Catinfog\",\"isPartOf\":{\"@id\":\"https:\/\/catinfog.com\/#website\"},\"primaryImageOfPage\":{\"@id\":\"https:\/\/catinfog.com\/en\/#primaryimage\"},\"image\":{\"@id\":\"https:\/\/catinfog.com\/en\/#primaryimage\"},\"thumbnailUrl\":\"https:\/\/catinfog.com\/wp-content\/uploads\/2020\/09\/flecha-derecha-1.png\",\"datePublished\":\"2020-05-04T07:41:05+00:00\",\"dateModified\":\"2021-03-11T13:37:24+00:00\",\"breadcrumb\":{\"@id\":\"https:\/\/catinfog.com\/en\/#breadcrumb\"},\"inLanguage\":\"en-US\",\"potentialAction\":[{\"@type\":\"ReadAction\",\"target\":[\"https:\/\/catinfog.com\/en\/\"]}]},{\"@type\":\"ImageObject\",\"inLanguage\":\"en-US\",\"@id\":\"https:\/\/catinfog.com\/en\/#primaryimage\",\"url\":\"https:\/\/catinfog.com\/wp-content\/uploads\/2020\/09\/flecha-derecha-1.png\",\"contentUrl\":\"https:\/\/catinfog.com\/wp-content\/uploads\/2020\/09\/flecha-derecha-1.png\"},{\"@type\":\"BreadcrumbList\",\"@id\":\"https:\/\/catinfog.com\/en\/#breadcrumb\",\"itemListElement\":[{\"@type\":\"ListItem\",\"position\":1,\"name\":\"Portada\",\"item\":\"https:\/\/catinfog.com\/en\/\"},{\"@type\":\"ListItem\",\"position\":2,\"name\":\"Home\"}]},{\"@type\":\"WebSite\",\"@id\":\"https:\/\/catinfog.com\/#website\",\"url\":\"https:\/\/catinfog.com\/\",\"name\":\"Catinfog\",\"description\":\"Catinfog es un programa TPV para gestionar f\u00e1cilmente las ventas de una tienda f\u00edsica. Vende desde el M\u00f3vil o el Pc, acepta pagos e imprime Tickets. Fideliza a tus clientes de una forma moderna y potente desde la nube.\",\"potentialAction\":[{\"@type\":\"SearchAction\",\"target\":{\"@type\":\"EntryPoint\",\"urlTemplate\":\"https:\/\/catinfog.com\/?s={search_term_string}\"},\"query-input\":{\"@type\":\"PropertyValueSpecification\",\"valueRequired\":true,\"valueName\":\"search_term_string\"}}],\"inLanguage\":\"en-US\"}]}<\/script>\n","yoast_head_json":{"title":"Home - Catinfog","robots":{"index":"index","follow":"follow","max-snippet":"max-snippet:-1","max-image-preview":"max-image-preview:large","max-video-preview":"max-video-preview:-1"},"canonical":"https:\/\/catinfog.com\/en\/","og_locale":"en_US","og_type":"article","og_title":"Home - Catinfog","og_description":"Point of Sale Software + Online Shopsimpler and easier Catinfog is a POS software super easy to use with which you can organise the sales of your physical shop and also your online store. Start now for free More than 9,000 retailers around the world use it to manage their shops. For the past 4 [...]Read More... from Home","og_url":"https:\/\/catinfog.com\/en\/","og_site_name":"Catinfog","article_modified_time":"2021-03-11T13:37:24+00:00","og_image":[{"url":"https:\/\/catinfog.com\/wp-content\/uploads\/2020\/09\/flecha-derecha-1.png","type":"","width":"","height":""}],"twitter_card":"summary_large_image","twitter_misc":{"Est. reading time":"3 minutes"},"schema":{"@context":"https:\/\/schema.org","@graph":[{"@type":"WebPage","@id":"https:\/\/catinfog.com\/en\/","url":"https:\/\/catinfog.com\/en\/","name":"Home - Catinfog","isPartOf":{"@id":"https:\/\/catinfog.com\/#website"},"primaryImageOfPage":{"@id":"https:\/\/catinfog.com\/en\/#primaryimage"},"image":{"@id":"https:\/\/catinfog.com\/en\/#primaryimage"},"thumbnailUrl":"https:\/\/catinfog.com\/wp-content\/uploads\/2020\/09\/flecha-derecha-1.png","datePublished":"2020-05-04T07:41:05+00:00","dateModified":"2021-03-11T13:37:24+00:00","breadcrumb":{"@id":"https:\/\/catinfog.com\/en\/#breadcrumb"},"inLanguage":"en-US","potentialAction":[{"@type":"ReadAction","target":["https:\/\/catinfog.com\/en\/"]}]},{"@type":"ImageObject","inLanguage":"en-US","@id":"https:\/\/catinfog.com\/en\/#primaryimage","url":"https:\/\/catinfog.com\/wp-content\/uploads\/2020\/09\/flecha-derecha-1.png","contentUrl":"https:\/\/catinfog.com\/wp-content\/uploads\/2020\/09\/flecha-derecha-1.png"},{"@type":"BreadcrumbList","@id":"https:\/\/catinfog.com\/en\/#breadcrumb","itemListElement":[{"@type":"ListItem","position":1,"name":"Portada","item":"https:\/\/catinfog.com\/en\/"},{"@type":"ListItem","position":2,"name":"Home"}]},{"@type":"WebSite","@id":"https:\/\/catinfog.com\/#website","url":"https:\/\/catinfog.com\/","name":"Catinfog","description":"Catinfog es un programa TPV para gestionar f\u00e1cilmente las ventas de una tienda f\u00edsica. Vende desde el M\u00f3vil o el Pc, acepta pagos e imprime Tickets. Fideliza a tus clientes de una forma moderna y potente desde la nube.","potentialAction":[{"@type":"SearchAction","target":{"@type":"EntryPoint","urlTemplate":"https:\/\/catinfog.com\/?s={search_term_string}"},"query-input":{"@type":"PropertyValueSpecification","valueRequired":true,"valueName":"search_term_string"}}],"inLanguage":"en-US"}]}},"_links":{"self":[{"href":"https:\/\/catinfog.com\/en\/wp-json\/wp\/v2\/pages\/4933","targetHints":{"allow":["GET"]}}],"collection":[{"href":"https:\/\/catinfog.com\/en\/wp-json\/wp\/v2\/pages"}],"about":[{"href":"https:\/\/catinfog.com\/en\/wp-json\/wp\/v2\/types\/page"}],"author":[{"embeddable":true,"href":"https:\/\/catinfog.com\/en\/wp-json\/wp\/v2\/users\/1"}],"replies":[{"embeddable":true,"href":"https:\/\/catinfog.com\/en\/wp-json\/wp\/v2\/comments?post=4933"}],"version-history":[{"count":0,"href":"https:\/\/catinfog.com\/en\/wp-json\/wp\/v2\/pages\/4933\/revisions"}],"wp:attachment":[{"href":"https:\/\/catinfog.com\/en\/wp-json\/wp\/v2\/media?parent=4933"}],"curies":[{"name":"wp","href":"https:\/\/api.w.org\/{rel}","templated":true}]}}