{"id":4947,"date":"2020-05-04T15:37:32","date_gmt":"2020-05-04T15:37:32","guid":{"rendered":"https:\/\/catinfog.com\/?page_id=4947"},"modified":"2020-05-05T23:55:40","modified_gmt":"2020-05-05T23:55:40","slug":"pricing","status":"publish","type":"page","link":"https:\/\/catinfog.com\/en\/pricing\/","title":{"rendered":"Pricing"},"content":{"rendered":"<section class=\"jumbotron bg-white text-center pb-0\">\n<div class=\"container\">\n<div class=\"col-md-12 text-center\">\n<h1 class=\"jumbotron-heading \">Try Catinfog <span class=\"subrayado-cool\">14 days free<\/span> without obligation<\/h1>\n<p><button type=\"button\" class=\"mt-4 mb-2 btn btn-primary\" data-toggle=\"modal\" data-target=\"#profesional\">Try for free<\/button><\/p>\n<\/div>\n<\/div>\n<\/section>\n<section class=\"jumbotron bg-white\">\n<div class=\"container text-center\">\n<div class=\"row justify-content-center text-center mt-5 pt-md-5\">\n<div class=\"col-md-5\">\n<div class=\"card rounded-0 cardprecios\">\n<div class=\"card-body\">\n <span class=\"supprecio\">Profesional<\/span><br \/>\n<span class=\"preciocifra\">39\u20ac<\/span><span class=\"supprecio\"> \/month<\/span><br \/>\n<span class=\"subpricetable\">14 days free<\/span><\/p>\n<div class=\"line\"><\/div>\n<p class=\"card-text\">Everything you need for small businesses.<\/p>\n<div class=\"line\"><\/div>\n<p class=\"card-text\">\n<button type=\"button\" class=\"btn btn-primary\" data-toggle=\"modal\" data-target=\"#profesional\">Start now<\/button><\/p>\n<ul class=\"listprecios list-unstyled mt-5\">\n<li>5.000 products.<\/li>\n<li>3 vendedores.<\/li>\n<li>1 cash register.<\/li>\n<li>Support 12h.<\/li>\n<li>Online shop<\/li>\n<li>Assistance in the implementation of the POS.<\/li>\n<li>Help in moving from other POS to Catinfog.<\/li>\n<li>+ The rest of <a href=\"\/tpv\/\" target=\"_blank\" rel=\"noopener noreferrer\">Catinfog features<\/a><\/li>\n<\/ul>\n<\/div>\n<\/div>\n<\/div>\n<div class=\"col-md-5\">\n<div class=\"card rounded-0 cardprecios\">\n<div class=\"card-body\">\n <span class=\"supprecio\">Premium<\/span><br \/>\n<span class=\"preciocifra\">69\u20ac<\/span><span class=\"supprecio\"> \/month<\/span><br \/>\n<span class=\"subpricetable\">14 days free<\/span><\/p>\n<div class=\"line\"><\/div>\n<p class=\"card-text\">For medium and large businesses.<\/p>\n<div class=\"line\"><\/div>\n<p class=\"card-text\">\n<button type=\"button\" class=\"btn btn-primary\" data-toggle=\"modal\" data-target=\"#premium\">Start Now<\/button><\/p>\n<ul class=\"listprecios list-unstyled mt-5\">\n<li>20.000 products.<\/li>\n<li>12 vendedores.<\/li>\n<li>5 cash registers.<\/li>\n<li>&gt;Support 12h.<\/li>\n<li>Online shop<\/li>\n<li>Assistance in the implementation of the POS.<\/li>\n<li>Help in moving from other POS to Catinfog.<\/li>\n<li>+ The rest of <a href=\"\/tpv\/\" target=\"_blank\" rel=\"noopener noreferrer\">Catinfog features<\/a><\/li>\n<\/ul>\n<\/div>\n<\/div>\n<\/div>\n<\/div>\n<div class=\"row justify-content-center text-center my-4\">\n<div class=\"col-md-10\">\n<div class=\"card rounded-0 cardprecios\">\n<div class=\"card-body\">\n <span class=\"supprecio\">Plan for franchises and chain stores<\/span><\/p>\n<p class=\"card-text\">If you have several stores, or if you want to implement Catinfog in your franchise to easily centralize an entire network of stores, we can offer a version of our POS that will surprise you.<br \/>\nContact us and we will inform you.<br \/>\n<a href=\"#\" class=\"btn btn-primary mt-3\">More information<\/a><\/p>\n<\/div>\n<\/div>\n<\/div>\n<\/div>\n<\/div>\n<\/section>\n","protected":false},"excerpt":{"rendered":"<p>Try Catinfog 14 days free without obligation Try for free Profesional 39\u20ac \/month 14 days free Everything you need for small businesses. Start now 5.000 products. 3 vendedores. 1 cash register. Support 12h. Online shop Assistance in the implementation of the POS. Help in moving from other POS to Catinfog. + The rest of Catinfog [&#8230;]<\/p>\n<p><a class=\"btn btn-secondary understrap-read-more-link\" href=\"https:\/\/catinfog.com\/en\/pricing\/\">Read More&#8230;<span class=\"screen-reader-text\"> from Pricing<\/span><\/a><\/p>\n","protected":false},"author":1,"featured_media":0,"parent":0,"menu_order":0,"comment_status":"closed","ping_status":"closed","template":"","meta":{"footnotes":""},"class_list":["post-4947","page","type-page","status-publish","hentry"],"yoast_head":"\n<title>Catinfog Prices<\/title>\n<meta name=\"description\" content=\"Try Catinfog 14 days free or choose a monthly plan depending on the size of your store and the number of employees.\" \/>\n<meta name=\"robots\" content=\"index, follow, max-snippet:-1, max-image-preview:large, max-video-preview:-1\" \/>\n<link rel=\"canonical\" href=\"https:\/\/catinfog.com\/en\/pricing\/\" \/>\n<meta property=\"og:locale\" content=\"en_US\" \/>\n<meta property=\"og:type\" content=\"article\" \/>\n<meta property=\"og:title\" content=\"Catinfog Prices\" \/>\n<meta property=\"og:description\" content=\"Try Catinfog 14 days free or choose a monthly plan depending on the size of your store and the number of employees.\" \/>\n<meta property=\"og:url\" content=\"https:\/\/catinfog.com\/en\/pricing\/\" \/>\n<meta property=\"og:site_name\" content=\"Catinfog\" \/>\n<meta property=\"article:modified_time\" content=\"2020-05-05T23:55:40+00:00\" \/>\n<meta name=\"twitter:card\" content=\"summary_large_image\" \/>\n<meta name=\"twitter:label1\" content=\"Est. reading time\" \/>\n\t<meta name=\"twitter:data1\" content=\"1 minute\" \/>\n<script type=\"application\/ld+json\" class=\"yoast-schema-graph\">{\"@context\":\"https:\/\/schema.org\",\"@graph\":[{\"@type\":\"WebPage\",\"@id\":\"https:\/\/catinfog.com\/en\/pricing\/\",\"url\":\"https:\/\/catinfog.com\/en\/pricing\/\",\"name\":\"Catinfog Prices\",\"isPartOf\":{\"@id\":\"https:\/\/catinfog.com\/#website\"},\"datePublished\":\"2020-05-04T15:37:32+00:00\",\"dateModified\":\"2020-05-05T23:55:40+00:00\",\"description\":\"Try Catinfog 14 days free or choose a monthly plan depending on the size of your store and the number of employees.\",\"breadcrumb\":{\"@id\":\"https:\/\/catinfog.com\/en\/pricing\/#breadcrumb\"},\"inLanguage\":\"en-US\",\"potentialAction\":[{\"@type\":\"ReadAction\",\"target\":[\"https:\/\/catinfog.com\/en\/pricing\/\"]}]},{\"@type\":\"BreadcrumbList\",\"@id\":\"https:\/\/catinfog.com\/en\/pricing\/#breadcrumb\",\"itemListElement\":[{\"@type\":\"ListItem\",\"position\":1,\"name\":\"Portada\",\"item\":\"https:\/\/catinfog.com\/en\/\"},{\"@type\":\"ListItem\",\"position\":2,\"name\":\"Pricing\"}]},{\"@type\":\"WebSite\",\"@id\":\"https:\/\/catinfog.com\/#website\",\"url\":\"https:\/\/catinfog.com\/\",\"name\":\"Catinfog\",\"description\":\"Catinfog es un programa TPV para gestionar f\u00e1cilmente las ventas de una tienda f\u00edsica. Vende desde el M\u00f3vil o el Pc, acepta pagos e imprime Tickets. Fideliza a tus clientes de una forma moderna y potente desde la nube.\",\"potentialAction\":[{\"@type\":\"SearchAction\",\"target\":{\"@type\":\"EntryPoint\",\"urlTemplate\":\"https:\/\/catinfog.com\/?s={search_term_string}\"},\"query-input\":{\"@type\":\"PropertyValueSpecification\",\"valueRequired\":true,\"valueName\":\"search_term_string\"}}],\"inLanguage\":\"en-US\"}]}<\/script>\n","yoast_head_json":{"title":"Catinfog Prices","description":"Try Catinfog 14 days free or choose a monthly plan depending on the size of your store and the number of employees.","robots":{"index":"index","follow":"follow","max-snippet":"max-snippet:-1","max-image-preview":"max-image-preview:large","max-video-preview":"max-video-preview:-1"},"canonical":"https:\/\/catinfog.com\/en\/pricing\/","og_locale":"en_US","og_type":"article","og_title":"Catinfog Prices","og_description":"Try Catinfog 14 days free or choose a monthly plan depending on the size of your store and the number of employees.","og_url":"https:\/\/catinfog.com\/en\/pricing\/","og_site_name":"Catinfog","article_modified_time":"2020-05-05T23:55:40+00:00","twitter_card":"summary_large_image","twitter_misc":{"Est. reading time":"1 minute"},"schema":{"@context":"https:\/\/schema.org","@graph":[{"@type":"WebPage","@id":"https:\/\/catinfog.com\/en\/pricing\/","url":"https:\/\/catinfog.com\/en\/pricing\/","name":"Catinfog Prices","isPartOf":{"@id":"https:\/\/catinfog.com\/#website"},"datePublished":"2020-05-04T15:37:32+00:00","dateModified":"2020-05-05T23:55:40+00:00","description":"Try Catinfog 14 days free or choose a monthly plan depending on the size of your store and the number of employees.","breadcrumb":{"@id":"https:\/\/catinfog.com\/en\/pricing\/#breadcrumb"},"inLanguage":"en-US","potentialAction":[{"@type":"ReadAction","target":["https:\/\/catinfog.com\/en\/pricing\/"]}]},{"@type":"BreadcrumbList","@id":"https:\/\/catinfog.com\/en\/pricing\/#breadcrumb","itemListElement":[{"@type":"ListItem","position":1,"name":"Portada","item":"https:\/\/catinfog.com\/en\/"},{"@type":"ListItem","position":2,"name":"Pricing"}]},{"@type":"WebSite","@id":"https:\/\/catinfog.com\/#website","url":"https:\/\/catinfog.com\/","name":"Catinfog","description":"Catinfog es un programa TPV para gestionar f\u00e1cilmente las ventas de una tienda f\u00edsica. Vende desde el M\u00f3vil o el Pc, acepta pagos e imprime Tickets. Fideliza a tus clientes de una forma moderna y potente desde la nube.","potentialAction":[{"@type":"SearchAction","target":{"@type":"EntryPoint","urlTemplate":"https:\/\/catinfog.com\/?s={search_term_string}"},"query-input":{"@type":"PropertyValueSpecification","valueRequired":true,"valueName":"search_term_string"}}],"inLanguage":"en-US"}]}},"_links":{"self":[{"href":"https:\/\/catinfog.com\/en\/wp-json\/wp\/v2\/pages\/4947","targetHints":{"allow":["GET"]}}],"collection":[{"href":"https:\/\/catinfog.com\/en\/wp-json\/wp\/v2\/pages"}],"about":[{"href":"https:\/\/catinfog.com\/en\/wp-json\/wp\/v2\/types\/page"}],"author":[{"embeddable":true,"href":"https:\/\/catinfog.com\/en\/wp-json\/wp\/v2\/users\/1"}],"replies":[{"embeddable":true,"href":"https:\/\/catinfog.com\/en\/wp-json\/wp\/v2\/comments?post=4947"}],"version-history":[{"count":0,"href":"https:\/\/catinfog.com\/en\/wp-json\/wp\/v2\/pages\/4947\/revisions"}],"wp:attachment":[{"href":"https:\/\/catinfog.com\/en\/wp-json\/wp\/v2\/media?parent=4947"}],"curies":[{"name":"wp","href":"https:\/\/api.w.org\/{rel}","templated":true}]}}