{"id":5482,"date":"2020-05-05T15:38:35","date_gmt":"2020-05-05T15:38:35","guid":{"rendered":"https:\/\/catinfog.com\/?page_id=5482"},"modified":"2022-12-16T13:28:03","modified_gmt":"2022-12-16T13:28:03","slug":"about-us","status":"publish","type":"page","link":"https:\/\/catinfog.com\/en\/about-us\/","title":{"rendered":"About Us"},"content":{"rendered":"<section class=\"jumbotron bg-white text-center pb-0\">\n<div class=\"container\">\n<h1 class=\"jumbotron-heading font-weight-bold\">Lovers of <span class=\"subrayado-cool\">retail stores<\/span><\/h1>\n<div class=\"cuerpopadding\">\n<p class=\"subtitulo pt-3\">We started in 2008 by setting up our own retail store. We found that small business software was bad, expensive, and wasted more time than it was worth. That&#8217;s why we set out to create the tools necessary to improve the life of the retailer.<\/p>\n<\/div>\n<div class=\"row justify-content-center\">\n<div class=\"col-xs-6 col-md-4 col-sm-4\"><img decoding=\"async\" class=\"rounded-circle img-fluid\" src=\"https:\/\/catinfog.com\/wp-content\/uploads\/2022\/12\/5.jpg\" alt=\"Martin Ezquerro\">&nbsp;<\/p>\n<p>Martin Ezquerro<\/p>\n<\/div>\n<div class=\"col-xs-6 col-md-4 col-sm-4\"><img decoding=\"async\" class=\"rounded-circle img-fluid\" src=\"https:\/\/catinfog.com\/wp-content\/uploads\/2022\/12\/2.jpg\" alt=\"Javier Jimenez\">&nbsp;<\/p>\n<p>Javier Jimenez<\/p>\n<\/div>\n<\/div>\n<div class=\"row justify-content-center\">\n<div class=\"col-xs-6 col-md-4 col-sm-4\"><img decoding=\"async\" class=\"rounded-circle img-fluid\" src=\"https:\/\/catinfog.com\/wp-content\/uploads\/2022\/12\/3.jpg\" alt=\"Melvin Barker\">&nbsp;<\/p>\n<p>Melvin Barker<\/p>\n<\/div>\n<div class=\"col-xs-6 col-md-4 col-sm-4\"><img decoding=\"async\" class=\"rounded-circle img-fluid\" src=\"https:\/\/catinfog.com\/wp-content\/uploads\/2022\/12\/1.jpg\" alt=\"William Larson\">&nbsp;<\/p>\n<p>William Larson<\/p>\n<\/div>\n<div class=\"col-xs-6 col-md-4 col-sm-4\"><img decoding=\"async\" class=\"rounded-circle img-fluid\" src=\"https:\/\/catinfog.com\/wp-content\/uploads\/2022\/12\/4.jpg\" alt=\"Carmen Losada\">&nbsp;<\/p>\n<p>Carmen Losada<\/p>\n<\/div>\n<\/div>\n<\/div>\n<\/section>\n<section class=\"jumbotron bg-white \">\n<div class=\"container text-center\">\n<div class=\"row\">\n<div class=\"col-md-12 text-center my-5\">\n<h2>Contact us in the way that suits you best<\/h2>\n<div class=\"row justify-content-center my-5\">\n<div class=\"col-md-2 col-sm-6\"><img decoding=\"async\" class=\"img-fluid\" src=\"\/wp-content\/uploads\/imagenes\/telefono.png\" alt=\"phone catinfog\"><\/p>\n<p>+34 921929770<\/p>\n<\/div>\n<div class=\"col-md-2 col-sm-6\"><img decoding=\"async\" class=\"img-fluid\" src=\"\/wp-content\/uploads\/imagenes\/email.png\" alt=\"email catinfog\"><\/p>\n<p>info@catinfog.com<\/p>\n<\/div>\n<div class=\"col-md-2 col-sm-6\"><img decoding=\"async\" class=\"img-fluid\" src=\"\/wp-content\/uploads\/imagenes\/twitter.png\" alt=\"twitter catinfog\"><\/p>\n<p><a href=\"https:\/\/twitter.com\/catinfogcom\" target=\"_blank\" rel=\"noopener noreferrer\">@catinfogcom<\/a><\/p>\n<\/div>\n<div class=\"col-md-2 col-sm-6\"><img decoding=\"async\" class=\"img-fluid\" src=\"\/wp-content\/uploads\/imagenes\/direccion-fisica.png\" alt=\"direcci\u00f3n catinfog\"><\/p>\n<p>600 N Broad Street Suite 5 Middletown, DE 19709 USA<\/p>\n<\/div>\n<\/div>\n<h2>Objective: to make life easier for shops<\/h2>\n<div class=\"cuerpopadding\">\n<p>We realized that the success of a physical store depends largely on how it manages purchases and sales. That quantifying the results to plan and correct errors was something that was going to sentence the success or failure.<\/p>\n<p>Unfortunately, almost no store does these things simply because they do not have time to take them to dig. And if you try, you lose a lot of time (money) because the current software is really complicated with unnecessary tools and therefore ineffective. They kill mosquitoes with their guns.<\/p>\n<p>Catinfog was born with the premise of being able to be used by any business so as not to consume a second too much, and even to save time and money. No more wasted time or useless point of sale.<\/p>\n<\/div>\n<div class=\"row justify-content-md-center my-4\">\n<div class=\"col col-md-12\"><img decoding=\"async\" class=\"img-fluid\" src=\"\/wp-content\/uploads\/imagenes\/nosotros.jpg\" alt=\"Catinfog quienes somos\"><\/div>\n<\/div>\n<div class=\"cuerpopadding\">\n<h2>No physical store without POS<\/h2>\n<p>We believe in our principles. We believe in doing away with notebooks and old management programs that make the situation worse rather than helping. We believe in selling more and buying better.<\/p>\n<p>The ultimate goal of catinfog is to automate any task, and we will achieve it. We will make sure that every shop has a really effective POS.<\/p>\n<\/div>\n<\/div>\n<\/div>\n<\/div>\n<\/section>\n<section class=\"jumbotron bg-danger text-white pt-6\">\n<div class=\"container\">\n<div class=\"row text-white\">\n<div class=\"col-md-12 text-center mt-6\">\n<div class=\"cuerpopadding\">\n<h3>Try it for 14 days without obligation<\/h3>\n<p>If you&#8217;ve come this far, it&#8217;s because you&#8217;re interested in what we&#8217;re telling you.<\/p>\n<p><a href=\"\/precios.html\"><button class=\"btn btn-secondary my-3 btn-lg\" type=\"button\">Start now!<\/button><\/a><\/p>\n<\/div>\n<\/div>\n<\/div>\n<\/div>\n<\/section>\n","protected":false},"excerpt":{"rendered":"<p>Lovers of retail stores We started in 2008 by setting up our own retail store. We found that small business software was bad, expensive, and wasted more time than it was worth. That&#8217;s why we set out to create the tools necessary to improve the life of the retailer. &nbsp; Martin Ezquerro &nbsp; Javier Jimenez [&#8230;]<\/p>\n<p><a class=\"btn btn-secondary understrap-read-more-link\" href=\"https:\/\/catinfog.com\/en\/about-us\/\">Read More&#8230;<span class=\"screen-reader-text\"> from About Us<\/span><\/a><\/p>\n","protected":false},"author":1,"featured_media":0,"parent":0,"menu_order":0,"comment_status":"closed","ping_status":"closed","template":"","meta":{"footnotes":""},"class_list":["post-5482","page","type-page","status-publish","hentry"],"yoast_head":"\n<title>Who are we? Catinfog<\/title>\n<meta name=\"description\" content=\"Catinfog is a team of professionals who strive to make your business as efficient as possible.\" \/>\n<meta name=\"robots\" content=\"index, follow, max-snippet:-1, max-image-preview:large, max-video-preview:-1\" \/>\n<link rel=\"canonical\" href=\"https:\/\/catinfog.com\/en\/about-us\/\" \/>\n<meta property=\"og:locale\" content=\"en_US\" \/>\n<meta property=\"og:type\" content=\"article\" \/>\n<meta property=\"og:title\" content=\"Who are we? Catinfog\" \/>\n<meta property=\"og:description\" content=\"Catinfog is a team of professionals who strive to make your business as efficient as possible.\" \/>\n<meta property=\"og:url\" content=\"https:\/\/catinfog.com\/en\/about-us\/\" \/>\n<meta property=\"og:site_name\" content=\"Catinfog\" \/>\n<meta property=\"article:modified_time\" content=\"2022-12-16T13:28:03+00:00\" \/>\n<meta property=\"og:image\" content=\"https:\/\/catinfog.com\/wp-content\/uploads\/2022\/12\/5.jpg\" \/>\n<meta name=\"twitter:card\" content=\"summary_large_image\" \/>\n<meta name=\"twitter:label1\" content=\"Est. reading time\" \/>\n\t<meta name=\"twitter:data1\" content=\"4 minutes\" \/>\n<script type=\"application\/ld+json\" class=\"yoast-schema-graph\">{\"@context\":\"https:\/\/schema.org\",\"@graph\":[{\"@type\":\"WebPage\",\"@id\":\"https:\/\/catinfog.com\/en\/about-us\/\",\"url\":\"https:\/\/catinfog.com\/en\/about-us\/\",\"name\":\"Who are we? Catinfog\",\"isPartOf\":{\"@id\":\"https:\/\/catinfog.com\/#website\"},\"primaryImageOfPage\":{\"@id\":\"https:\/\/catinfog.com\/en\/about-us\/#primaryimage\"},\"image\":{\"@id\":\"https:\/\/catinfog.com\/en\/about-us\/#primaryimage\"},\"thumbnailUrl\":\"https:\/\/catinfog.com\/wp-content\/uploads\/2022\/12\/5.jpg\",\"datePublished\":\"2020-05-05T15:38:35+00:00\",\"dateModified\":\"2022-12-16T13:28:03+00:00\",\"description\":\"Catinfog is a team of professionals who strive to make your business as efficient as possible.\",\"breadcrumb\":{\"@id\":\"https:\/\/catinfog.com\/en\/about-us\/#breadcrumb\"},\"inLanguage\":\"en-US\",\"potentialAction\":[{\"@type\":\"ReadAction\",\"target\":[\"https:\/\/catinfog.com\/en\/about-us\/\"]}]},{\"@type\":\"ImageObject\",\"inLanguage\":\"en-US\",\"@id\":\"https:\/\/catinfog.com\/en\/about-us\/#primaryimage\",\"url\":\"https:\/\/catinfog.com\/wp-content\/uploads\/2022\/12\/5.jpg\",\"contentUrl\":\"https:\/\/catinfog.com\/wp-content\/uploads\/2022\/12\/5.jpg\"},{\"@type\":\"BreadcrumbList\",\"@id\":\"https:\/\/catinfog.com\/en\/about-us\/#breadcrumb\",\"itemListElement\":[{\"@type\":\"ListItem\",\"position\":1,\"name\":\"Portada\",\"item\":\"https:\/\/catinfog.com\/en\/\"},{\"@type\":\"ListItem\",\"position\":2,\"name\":\"About Us\"}]},{\"@type\":\"WebSite\",\"@id\":\"https:\/\/catinfog.com\/#website\",\"url\":\"https:\/\/catinfog.com\/\",\"name\":\"Catinfog\",\"description\":\"Catinfog es un programa TPV para gestionar f\u00e1cilmente las ventas de una tienda f\u00edsica. Vende desde el M\u00f3vil o el Pc, acepta pagos e imprime Tickets. Fideliza a tus clientes de una forma moderna y potente desde la nube.\",\"potentialAction\":[{\"@type\":\"SearchAction\",\"target\":{\"@type\":\"EntryPoint\",\"urlTemplate\":\"https:\/\/catinfog.com\/?s={search_term_string}\"},\"query-input\":{\"@type\":\"PropertyValueSpecification\",\"valueRequired\":true,\"valueName\":\"search_term_string\"}}],\"inLanguage\":\"en-US\"}]}<\/script>\n","yoast_head_json":{"title":"Who are we? Catinfog","description":"Catinfog is a team of professionals who strive to make your business as efficient as possible.","robots":{"index":"index","follow":"follow","max-snippet":"max-snippet:-1","max-image-preview":"max-image-preview:large","max-video-preview":"max-video-preview:-1"},"canonical":"https:\/\/catinfog.com\/en\/about-us\/","og_locale":"en_US","og_type":"article","og_title":"Who are we? Catinfog","og_description":"Catinfog is a team of professionals who strive to make your business as efficient as possible.","og_url":"https:\/\/catinfog.com\/en\/about-us\/","og_site_name":"Catinfog","article_modified_time":"2022-12-16T13:28:03+00:00","og_image":[{"url":"https:\/\/catinfog.com\/wp-content\/uploads\/2022\/12\/5.jpg","type":"","width":"","height":""}],"twitter_card":"summary_large_image","twitter_misc":{"Est. reading time":"4 minutes"},"schema":{"@context":"https:\/\/schema.org","@graph":[{"@type":"WebPage","@id":"https:\/\/catinfog.com\/en\/about-us\/","url":"https:\/\/catinfog.com\/en\/about-us\/","name":"Who are we? Catinfog","isPartOf":{"@id":"https:\/\/catinfog.com\/#website"},"primaryImageOfPage":{"@id":"https:\/\/catinfog.com\/en\/about-us\/#primaryimage"},"image":{"@id":"https:\/\/catinfog.com\/en\/about-us\/#primaryimage"},"thumbnailUrl":"https:\/\/catinfog.com\/wp-content\/uploads\/2022\/12\/5.jpg","datePublished":"2020-05-05T15:38:35+00:00","dateModified":"2022-12-16T13:28:03+00:00","description":"Catinfog is a team of professionals who strive to make your business as efficient as possible.","breadcrumb":{"@id":"https:\/\/catinfog.com\/en\/about-us\/#breadcrumb"},"inLanguage":"en-US","potentialAction":[{"@type":"ReadAction","target":["https:\/\/catinfog.com\/en\/about-us\/"]}]},{"@type":"ImageObject","inLanguage":"en-US","@id":"https:\/\/catinfog.com\/en\/about-us\/#primaryimage","url":"https:\/\/catinfog.com\/wp-content\/uploads\/2022\/12\/5.jpg","contentUrl":"https:\/\/catinfog.com\/wp-content\/uploads\/2022\/12\/5.jpg"},{"@type":"BreadcrumbList","@id":"https:\/\/catinfog.com\/en\/about-us\/#breadcrumb","itemListElement":[{"@type":"ListItem","position":1,"name":"Portada","item":"https:\/\/catinfog.com\/en\/"},{"@type":"ListItem","position":2,"name":"About Us"}]},{"@type":"WebSite","@id":"https:\/\/catinfog.com\/#website","url":"https:\/\/catinfog.com\/","name":"Catinfog","description":"Catinfog es un programa TPV para gestionar f\u00e1cilmente las ventas de una tienda f\u00edsica. Vende desde el M\u00f3vil o el Pc, acepta pagos e imprime Tickets. Fideliza a tus clientes de una forma moderna y potente desde la nube.","potentialAction":[{"@type":"SearchAction","target":{"@type":"EntryPoint","urlTemplate":"https:\/\/catinfog.com\/?s={search_term_string}"},"query-input":{"@type":"PropertyValueSpecification","valueRequired":true,"valueName":"search_term_string"}}],"inLanguage":"en-US"}]}},"_links":{"self":[{"href":"https:\/\/catinfog.com\/en\/wp-json\/wp\/v2\/pages\/5482","targetHints":{"allow":["GET"]}}],"collection":[{"href":"https:\/\/catinfog.com\/en\/wp-json\/wp\/v2\/pages"}],"about":[{"href":"https:\/\/catinfog.com\/en\/wp-json\/wp\/v2\/types\/page"}],"author":[{"embeddable":true,"href":"https:\/\/catinfog.com\/en\/wp-json\/wp\/v2\/users\/1"}],"replies":[{"embeddable":true,"href":"https:\/\/catinfog.com\/en\/wp-json\/wp\/v2\/comments?post=5482"}],"version-history":[{"count":3,"href":"https:\/\/catinfog.com\/en\/wp-json\/wp\/v2\/pages\/5482\/revisions"}],"predecessor-version":[{"id":10865,"href":"https:\/\/catinfog.com\/en\/wp-json\/wp\/v2\/pages\/5482\/revisions\/10865"}],"wp:attachment":[{"href":"https:\/\/catinfog.com\/en\/wp-json\/wp\/v2\/media?parent=5482"}],"curies":[{"name":"wp","href":"https:\/\/api.w.org\/{rel}","templated":true}]}}