{"id":7288,"date":"2021-03-21T09:27:51","date_gmt":"2021-03-21T09:27:51","guid":{"rendered":"https:\/\/catinfog.com\/?page_id=7288"},"modified":"2021-03-21T09:27:53","modified_gmt":"2021-03-21T09:27:53","slug":"online-store","status":"publish","type":"page","link":"https:\/\/catinfog.com\/en\/online-store\/","title":{"rendered":"online store"},"content":{"rendered":"\n<div class=\"container px-md-0\">\n\t<div class=\"row mt-5 pb-5\">\n\t\t<div class=\"col-md-6 col-12 align-self-center px-0\">\n\t\t\t<h1 class=\"tematich1 font-weight-bold\">Simple <span class=\"subrayado-cool\">Online Store<\/span><br>synchronized with your POS software<\/h1>\n\t\t\t<p class=\"subtitulo mt-4\">The small retailer has never had it so easy<br>to have his own online store.<\/p>\n<a class=\"btn btn-danger text-white btn-lg mt-3\" href=\"\/regus\/registro.php\">Start now for free<\/a>\n<p class=\"card-text text-muted mt-2\">Try Catinfog free for 14 days.<br>No credit card required.<\/p>\n\t\t\t\n\t\t<\/div>\n\t\t<div class=\"col-md-6 col-12 pl-2 pr-0\">\n\t\t\t<style>\n.youtube img {\n width: 100%;\n top: 0%;\n left: 0;\n opacity: 0.9;\nheight: 100%;\n}\n<\/style>\n<div class=\"wrapper\">\n <div class=\"youtube\" data-embed=\"g17pJuyDLU0\">\n <div class=\"play-button\"><\/div>\n <img decoding=\"async\" src=\"https:\/\/catinfog.com\/wp-content\/uploads\/2020\/12\/catinfog-tienda-online-6.jpg\"><\/div>\n<\/div>\n\n<script>\n( function() {\n\n var youtube = document.querySelectorAll( \".youtube\" );\n \n for (var i = 0; i < youtube.length; i++) {\n \n var source = \"https:\/\/catinfog.com\/wp-content\/uploads\/2020\/12\/catinfog-tienda-online-6.jpg\";\n \n var image = new Image();\n image.src = source;\n image.addEventListener( \"load\", function() {\n youtube[ i ].appendChild( image );\n }( i ) );\n \n youtube[i].addEventListener( \"click\", function() {\n\n var iframe = document.createElement( \"iframe\" );\n\n iframe.setAttribute( \"frameborder\", \"0\" );\n iframe.setAttribute( \"allowfullscreen\", \"\" );\n iframe.setAttribute( \"src\", \"https:\/\/www.youtube.com\/embed\/\"+ this.dataset.embed +\"?rel=0&#038;autoplay=1\" );\n\n this.innerHTML = \"\";\n this.appendChild( iframe );\n } ); \n };\n \n} )();\n<\/script>\n\t\t<\/div>\n\t<\/div>\n\n<div class=\"row mb-5 mt-5 text-center\">\n<div class=\"col-md-12 mt-4 mb-4\"><h3>More than 9,000 businesses already have an online store thanks to Catinfog<\/h3><p>Neighborhood businesses can sell their merchandise online with their own online store without too much effort.<\/p><\/div>\n<div class=\"col-6 col-md-3\">\n<p><span style=\"color:#ffde6e;font-size:30px;\">\u2605\u2605\u2605\u2605\u2605<\/span><br>\n<span style=\"font-size: 1em; font-weight: 600; color: #828282;\">\"The store gives a lot of visibility to my physical store.\"<\/span><\/p>\n<\/div>\n<div class=\"col-6 col-md-3\">\n<p><span style=\"color:#ffde6e;font-size:30px;\">\u2605\u2605\u2605\u2605\u2605<\/span><br>\n<span style=\"font-size: 1em; font-weight: 600; color: #828282;\">\"It has helped me to start selling food at home.\"<\/span><\/p>\n<\/div>\n<div class=\"col-6 col-md-3\">\n<p><span style=\"color:#ffde6e;font-size:30px;\">\u2605\u2605\u2605\u2605\u2605<\/span><br>\n<span style=\"font-size: 1em; font-weight: 600; color: #828282;\">\"I don't find it hard to maintain my online store.\"<\/span><\/p>\n<\/div>\n<div class=\"col-6 col-md-3\">\n<p><span style=\"color:#ffde6e;font-size:30px;\">\u2605\u2605\u2605\u2605\u2605<\/span><br>\n<span style=\"font-size: 1em; font-weight: 600; color: #828282;\">\"My clients consult the news on my website.\"<\/span><\/p>\n<\/div>\n\n<\/div>\n <\/div>\n<section class=\"jumbotron bg-white mt-5 mt-md-6 pt-5\">\n <div class=\"container text-center mt-4\">\n <div class=\"row\">\n <div class=\"col-md-12 text-center\">\n <h2>An Online Store connected to the Point of Sale warehouse<\/h2>\n <div class=\"cuerpopadding mb-5 pb-5\">\n <p><strong>For the same effort of maintaining your POS software, you have an online store.<\/strong>.<br>\n The online store and the POS are synchronized in real time. The products (stock, prices, offers, etc...) and categories of the POS are the same as in the Online Store.<br>You will only have to create the products and categories once, you can deliver all the invoices to your manager at once, you will receive online sales alerts at the moment, etc...<br><a class=\"text-danger\" href=\"\/tpv\/\"><u>See how the POS works <img decoding=\"async\" src=\"https:\/\/catinfog.com\/wp-content\/uploads\/2020\/09\/flecha-derecha-1.png\"><\/u><\/a>\n <\/p>\n <\/div>\n <\/div>\n<img decoding=\"async\" src=\"https:\/\/catinfog.com\/wp-content\/uploads\/imagenes\/tpv-tienda-online-ecommerce.jpg\" class=\"text-center img-fluid mt-4 px-md-5\" alt=\"online store synchronized with your Point of Sale (POS) software\">\n <\/div>\n \n <\/div>\n<\/section>\n<section class=\"jumbotron bg-white mt-2 mt-md-4\">\n <div class=\"container\">\n\t<div class=\"row mt-2 mt-md-5\">\n\t<div class=\"col-md-6\">\n\t\t\t<img decoding=\"async\" src=\"https:\/\/catinfog.com\/wp-content\/uploads\/2020\/12\/tienda-online-comercio-1.jpg\" alt=\"catinfog's online store is suitable for all types of businesses.\">\n\t\t<\/div>\n\t\t<div class=\"col-md-6 align-self-center mt-3 mt-md-0\">\n\t\t\t<h2>For all types of retail stores<\/h2>\n\t\t\t<p>The majority of businesses that use the Catinfog store are clothing stores, shoe stores, sports stores, pet stores, perfumeries, supermarkets, etc. <br>Any business that sells tangible products are suitable to sell with our online store.<\/p>\n\t\t<\/div>\n\t<\/div>\n <\/div>\n<\/section>\n<section class=\"jumbotron bg-white mt-2 mt-md-5 pt-2 pt-md-5\">\n <div class=\"container\">\n\t<div class=\"row mt-5\">\n\t\t<div class=\"col-md-6 align-self-center\">\n\t\t\t<h2>Adapted also to fast food restaurants<\/h2>\n\t\t\t<p>We have also thought about those <strong><u>pizzerias, bars and restaurants<\/u><\/strong> that want to sell online to take food home and also to pick it up at the restaurant. Imagine receiving an order through the web and the ticket comes out through the kitchen printer, the delivery printer and the bar printer.<\/p>\n\t\t\t\n\t\t<\/div>\n\t\t<div class=\"col-md-6\">\n\t\t\t<img decoding=\"async\" src=\"https:\/\/catinfog.com\/wp-content\/uploads\/imagenes\/tpv-cafeteria.jpg\" alt=\"Point of Sale (POS) for bars and restaurants\">\n\t\t<\/div>\n\t<\/div>\n <\/div>\n<\/section>\n<section class=\"jumbotron bg-white mt-6 mt-md-6 pt-5\">\n <div class=\"container text-center\">\n <div class=\"row\">\n <div class=\"col-md-12 text-center\">\n <h2>Fresh and <span class=\"subrayado-cool\">minimalist aesthetics<\/span><\/h2>\n <div class=\"cuerpopadding mb-4\">\n <p>\n The online store that we propose has a sober, simple and above all practical aesthetics. The typical problem with very elaborate aesthetics is that if you do not treat them expertly they are usually very bad.<br>Our template is designed by experts in e-commerce so that any type of product is perfect.<br> \n <\/p>\n <\/div>\n <\/div>\n<img decoding=\"async\" src=\"https:\/\/catinfog.com\/wp-content\/uploads\/2020\/12\/tienda-online-ecommerce-3.jpg\" class=\"text-center img-fluid mt-4 px-md-5\" alt=\"powerful online shop\">\n <\/div>\n \n <\/div>\n<\/section>\n<section class=\"jumbotron bg-white mt-md-3\">\n <div class=\"container\">\n\t<div class=\"row mt-md-5\">\n\t<div class=\"col-md-6\">\n\t\t\t<img decoding=\"async\" src=\"https:\/\/catinfog.com\/wp-content\/uploads\/2020\/12\/metodos-de-pago-stripe-paypal-redsys-1.jpg\" alt=\"metodos de pago stripe paypal redsys\">\n\t\t<\/div>\n\t\t<div class=\"col-md-6 align-self-center mt-3 mt-md-0\">\n\t\t\t<h2>Accepts online card or in-store payments<\/h2>\n<p>Quickly set up your payment gateway with your usual bank, or with Stripe or Paypal. Follow our video tutorials and get everything ready to receive credit or debit card payments in no time.<\/p>\n\t\t<\/div>\n\t<\/div>\n <\/div>\n<\/section>\n<section class=\"jumbotron bg-white mt-2 mt-md-5 pt-2 pt-md-5 mb-5\">\n <div class=\"container\">\n\t<div class=\"row mt-3\">\n\t\t<div class=\"col-md-6 align-self-center\">\n\t\t\t<h2>Email alerts to your customers<\/h2>\n\t\t\t<p>Your online store automatically sends product status notifications. Keep your customer informed of product preparation, shipping and delivery without you having to do anything.<\/p>\t\t\t\n\t\t<\/div>\n\t\t<div class=\"col-md-6\">\n\t\t\t<img decoding=\"async\" src=\"https:\/\/catinfog.com\/wp-content\/uploads\/2020\/12\/notificaciones-ventas.jpg\" alt=\"sales notifications\">\n\t\t<\/div>\n\t<\/div>\n <\/div>\n<\/section>\n<section class=\"jumbotron bg-white mt-2 mt-md-4\">\n <div class=\"container\">\n\t<div class=\"row mt-2 mt-md-5\">\n\t<div class=\"col-md-6\">\n\t\t\t<img decoding=\"async\" src=\"https:\/\/catinfog.com\/wp-content\/uploads\/2020\/12\/estadisticas-ventas-1.jpg\" alt=\"sales statistics\">\n\t\t<\/div>\n\t\t<div class=\"col-md-6 align-self-center mt-3 mt-md-0\">\n\t\t\t<h2>Sales and returns statistics<\/h2>\n\t\t\t<p>The statistics we put at your disposal will give you the information you need to know for the proper functioning of your business. Check which products are the best sellers in a given period. Find out which products are the most returned in money or quantity.<\/p>\n\t\t<\/div>\n\t<\/div>\n <\/div>\n<\/section>\n<section class=\"jumbotron bg-white text-center pt-4\">\n <div class=\"container\">\n <h2>Other features of the Online Store<\/h2>\n <div class=\"cuerpopadding mb-5 pb-5 pt-3\">\n <p>These are some of the features available to you. But we have done everything in such a way that it will help you without you having to learn or struggle.<\/p>\n<\/div>\n <div class=\"row row-cols-2 row-cols-md-2\">\n<div class=\"col-sm-12 col-md-6\">\n <div class=\"card border-0\">\n <img decoding=\"async\" src=\"https:\/\/catinfog.com\/wp-content\/uploads\/2020\/12\/filtros-categorias-1.jpg\" class=\"card-img-top\" alt=\"filters categories online store\">\n <div class=\"card-body\">\n <h5 class=\"card-title\">Filtros de productos<\/h5>\n <p class=\"card-text\">Help your customers find what they are looking for through automatic filters.<\/p>\n\n <\/div>\n <\/div>\n <\/div>\n<div class=\"col-sm-12 col-md-6\">\n <div class=\"card border-0\">\n <img decoding=\"async\" src=\"https:\/\/catinfog.com\/wp-content\/uploads\/2020\/12\/tienda-seo-optimizada-1.jpg\" class=\"card-img-top\" alt=\"seo optimized online store\">\n <div class=\"card-body\">\n <h5 class=\"card-title\">Seo optimizada<\/h5>\n <p class=\"card-text\">\n Our Seo experts have provided the store with technical features that will help your search engine positioning.\n <\/p>\n <\/div>\n <\/div>\n <\/div>\n <div class=\"col-sm-12 col-md-6\">\n <div class=\"card border-0\">\n <img decoding=\"async\" src=\"https:\/\/catinfog.com\/wp-content\/uploads\/2020\/12\/analytics.jpg\" class=\"card-img-top\" alt=\"google analytics and search console\">\n <div class=\"card-body\">\n <h5 class=\"card-title\">Google analytics and Search console integrated<\/h5>\n <p class=\"card-text\">Take advantage of the tools provided by Google to measure visits and positioning.<\/p>\n <\/div>\n <\/div>\n <\/div>\n<div class=\"col-sm-12 col-md-6\">\n <div class=\"card border-0\">\n <img decoding=\"async\" src=\"https:\/\/catinfog.com\/wp-content\/uploads\/2020\/12\/dominio-propio.jpg\" class=\"card-img-top\" alt=\"own domain\">\n <div class=\"card-body\">\n <h5 class=\"card-title\">Use your own domain<\/h5>\n <p class=\"card-text\">Having your store with your own domain is very easy.<\/p>\n\n <\/div>\n <\/div>\n <\/div>\n<\/div>\n<\/div>\n<\/section>\n<section class=\"jumbotron bg-white text-center pt-4\">\n <div class=\"container\">\n <h2>We give you everything already configured<\/h2>\n <div class=\"cuerpopadding mb-5 pb-5 pt-3\">\n <p>We take your time very seriously and give you everything already configured. The legal texts, the filters, the menu, etc... You will only have to upload your logo, make a decision for shipping and set up the payment gateway. You can literally start selling the same day you sign up.\/p>\n<\/div>\n <div class=\"row row-cols-2 row-cols-md-2\">\n \n<div class=\"col-sm-12 col-md-6\">\n <div class=\"card border-0\">\n <img decoding=\"async\" src=\"https:\/\/catinfog.com\/wp-content\/uploads\/2020\/12\/imagenes-secundarias-tienda.jpg\" class=\"card-img-top\" alt=\"varias imagenes por producto\">\n <div class=\"card-body\">\n <h5 class=\"card-title\">Several images per product<\/h5>\n <p class=\"card-text\">Help your customer make up his mind by uploading several images per product<\/p>\n\n <\/div>\n <\/div>\n <\/div>\n<div class=\"col-sm-12 col-md-6\">\n <div class=\"card border-0\">\n <img decoding=\"async\" src=\"https:\/\/catinfog.com\/wp-content\/uploads\/2020\/12\/ecommerce-responsive-1.jpg\" class=\"card-img-top\" alt=\"ecommerce responsive\">\n <div class=\"card-body\">\n <h5 class=\"card-title\">Responsive Mobile ready<\/h5>\n <p class=\"card-text\">The aesthetics are super-optimized for smartphones.<\/p>\n\n <\/div>\n <\/div>\n <\/div>\n<div class=\"col-sm-12 col-md-6\">\n <div class=\"card border-0\">\n <img decoding=\"async\" src=\"https:\/\/catinfog.com\/wp-content\/uploads\/2020\/12\/csv-productos.jpg\" class=\"card-img-top\" alt=\"csv products\">\n <div class=\"card-body\">\n <h5 class=\"card-title\">Bulk import with csv of products, categories, images and customers<\/h5>\n <p class=\"card-text\">Are you an excel fan? Upload products, categories and customers in bulk.<\/p>\n\n <\/div>\n <\/div>\n <\/div>\n<div class=\"col-sm-12 col-md-6\">\n <div class=\"card border-0\">\n <img decoding=\"async\" src=\"https:\/\/catinfog.com\/wp-content\/uploads\/2020\/12\/seguridad-https-1.jpg\" class=\"card-img-top\" alt=\"seguridad ssl\">\n <div class=\"card-body\">\n <h5 class=\"card-title\">SSL security included<\/h5>\n <p class=\"card-text\">Today it is absolutely mandatory in online stores.<br>You simply have it included.\n <\/p>\n <\/div>\n <\/div>\n <\/div>\n <\/div>\n <\/div>\n\n<\/section>\n\n<section class=\"jumbotron bg-danger text-white pt-6\">\n<div class=\"container\">\n<div class=\"row text-white\">\n<div class=\"col-md-12 text-center mt-6\">\n<div class=\"cuerpopadding\">\n<h3>Try it for 14 days with no obligation<\/h3>\n<p>If you have come this far, it is because you are interested in what we are telling you.<br>So try Catinfog for 14 days for free and find out for sure.<\/p>\n<p><a href=\"\/regus\/registro.php\"><button class=\"btn btn-secondary my-3 btn-lg\" type=\"button\">Start now!<\/button><\/a><\/p>\n<\/div>\n<\/div>\n<\/div>\n<\/div>\n<\/section>\n\n\n\n<p><\/p>\n","protected":false},"excerpt":{"rendered":"<p>Simple Online Storesynchronized with your POS software The small retailer has never had it so easyto have his own online store. Start now for free Try Catinfog free for 14 days.No credit card required. More than 9,000 businesses already have an online store thanks to Catinfog Neighborhood businesses can sell their merchandise online with their [&#8230;]<\/p>\n<p><a class=\"btn btn-secondary understrap-read-more-link\" href=\"https:\/\/catinfog.com\/en\/online-store\/\">Read More&#8230;<span class=\"screen-reader-text\"> from online store<\/span><\/a><\/p>\n","protected":false},"author":1,"featured_media":0,"parent":0,"menu_order":0,"comment_status":"closed","ping_status":"closed","template":"","meta":{"footnotes":""},"class_list":["post-7288","page","type-page","status-publish","hentry"],"yoast_head":"\n<title>Create a simple Online Store with POS Software for your business<\/title>\n<meta name=\"description\" content=\"Prepare your business to sell online without needing to know anything about design or programming. Set up your online store in 5 minutes.\" \/>\n<meta name=\"robots\" content=\"index, follow, max-snippet:-1, max-image-preview:large, max-video-preview:-1\" \/>\n<link rel=\"canonical\" href=\"https:\/\/catinfog.com\/en\/online-store\/\" \/>\n<meta property=\"og:locale\" content=\"en_US\" \/>\n<meta property=\"og:type\" content=\"article\" \/>\n<meta property=\"og:title\" content=\"Create a simple Online Store with POS Software for your business\" \/>\n<meta property=\"og:description\" content=\"Prepare your business to sell online without needing to know anything about design or programming. Set up your online store in 5 minutes.\" \/>\n<meta property=\"og:url\" content=\"https:\/\/catinfog.com\/en\/online-store\/\" \/>\n<meta property=\"og:site_name\" content=\"Catinfog\" \/>\n<meta property=\"article:modified_time\" content=\"2021-03-21T09:27:53+00:00\" \/>\n<meta property=\"og:image\" content=\"https:\/\/catinfog.com\/wp-content\/uploads\/2020\/12\/catinfog-tienda-online-6.jpg\" \/>\n<meta name=\"twitter:card\" content=\"summary_large_image\" \/>\n<meta name=\"twitter:label1\" content=\"Est. reading time\" \/>\n\t<meta name=\"twitter:data1\" content=\"4 minutes\" \/>\n<script type=\"application\/ld+json\" class=\"yoast-schema-graph\">{\"@context\":\"https:\/\/schema.org\",\"@graph\":[{\"@type\":\"WebPage\",\"@id\":\"https:\/\/catinfog.com\/en\/online-store\/\",\"url\":\"https:\/\/catinfog.com\/en\/online-store\/\",\"name\":\"Create a simple Online Store with POS Software for your business\",\"isPartOf\":{\"@id\":\"https:\/\/catinfog.com\/#website\"},\"primaryImageOfPage\":{\"@id\":\"https:\/\/catinfog.com\/en\/online-store\/#primaryimage\"},\"image\":{\"@id\":\"https:\/\/catinfog.com\/en\/online-store\/#primaryimage\"},\"thumbnailUrl\":\"https:\/\/catinfog.com\/wp-content\/uploads\/2020\/12\/catinfog-tienda-online-6.jpg\",\"datePublished\":\"2021-03-21T09:27:51+00:00\",\"dateModified\":\"2021-03-21T09:27:53+00:00\",\"description\":\"Prepare your business to sell online without needing to know anything about design or programming. Set up your online store in 5 minutes.\",\"breadcrumb\":{\"@id\":\"https:\/\/catinfog.com\/en\/online-store\/#breadcrumb\"},\"inLanguage\":\"en-US\",\"potentialAction\":[{\"@type\":\"ReadAction\",\"target\":[\"https:\/\/catinfog.com\/en\/online-store\/\"]}]},{\"@type\":\"ImageObject\",\"inLanguage\":\"en-US\",\"@id\":\"https:\/\/catinfog.com\/en\/online-store\/#primaryimage\",\"url\":\"https:\/\/catinfog.com\/wp-content\/uploads\/2020\/12\/catinfog-tienda-online-6.jpg\",\"contentUrl\":\"https:\/\/catinfog.com\/wp-content\/uploads\/2020\/12\/catinfog-tienda-online-6.jpg\"},{\"@type\":\"BreadcrumbList\",\"@id\":\"https:\/\/catinfog.com\/en\/online-store\/#breadcrumb\",\"itemListElement\":[{\"@type\":\"ListItem\",\"position\":1,\"name\":\"Portada\",\"item\":\"https:\/\/catinfog.com\/en\/\"},{\"@type\":\"ListItem\",\"position\":2,\"name\":\"online store\"}]},{\"@type\":\"WebSite\",\"@id\":\"https:\/\/catinfog.com\/#website\",\"url\":\"https:\/\/catinfog.com\/\",\"name\":\"Catinfog\",\"description\":\"Catinfog es un programa TPV para gestionar f\u00e1cilmente las ventas de una tienda f\u00edsica. Vende desde el M\u00f3vil o el Pc, acepta pagos e imprime Tickets. Fideliza a tus clientes de una forma moderna y potente desde la nube.\",\"potentialAction\":[{\"@type\":\"SearchAction\",\"target\":{\"@type\":\"EntryPoint\",\"urlTemplate\":\"https:\/\/catinfog.com\/?s={search_term_string}\"},\"query-input\":{\"@type\":\"PropertyValueSpecification\",\"valueRequired\":true,\"valueName\":\"search_term_string\"}}],\"inLanguage\":\"en-US\"}]}<\/script>\n","yoast_head_json":{"title":"Create a simple Online Store with POS Software for your business","description":"Prepare your business to sell online without needing to know anything about design or programming. Set up your online store in 5 minutes.","robots":{"index":"index","follow":"follow","max-snippet":"max-snippet:-1","max-image-preview":"max-image-preview:large","max-video-preview":"max-video-preview:-1"},"canonical":"https:\/\/catinfog.com\/en\/online-store\/","og_locale":"en_US","og_type":"article","og_title":"Create a simple Online Store with POS Software for your business","og_description":"Prepare your business to sell online without needing to know anything about design or programming. Set up your online store in 5 minutes.","og_url":"https:\/\/catinfog.com\/en\/online-store\/","og_site_name":"Catinfog","article_modified_time":"2021-03-21T09:27:53+00:00","og_image":[{"url":"https:\/\/catinfog.com\/wp-content\/uploads\/2020\/12\/catinfog-tienda-online-6.jpg","type":"","width":"","height":""}],"twitter_card":"summary_large_image","twitter_misc":{"Est. reading time":"4 minutes"},"schema":{"@context":"https:\/\/schema.org","@graph":[{"@type":"WebPage","@id":"https:\/\/catinfog.com\/en\/online-store\/","url":"https:\/\/catinfog.com\/en\/online-store\/","name":"Create a simple Online Store with POS Software for your business","isPartOf":{"@id":"https:\/\/catinfog.com\/#website"},"primaryImageOfPage":{"@id":"https:\/\/catinfog.com\/en\/online-store\/#primaryimage"},"image":{"@id":"https:\/\/catinfog.com\/en\/online-store\/#primaryimage"},"thumbnailUrl":"https:\/\/catinfog.com\/wp-content\/uploads\/2020\/12\/catinfog-tienda-online-6.jpg","datePublished":"2021-03-21T09:27:51+00:00","dateModified":"2021-03-21T09:27:53+00:00","description":"Prepare your business to sell online without needing to know anything about design or programming. Set up your online store in 5 minutes.","breadcrumb":{"@id":"https:\/\/catinfog.com\/en\/online-store\/#breadcrumb"},"inLanguage":"en-US","potentialAction":[{"@type":"ReadAction","target":["https:\/\/catinfog.com\/en\/online-store\/"]}]},{"@type":"ImageObject","inLanguage":"en-US","@id":"https:\/\/catinfog.com\/en\/online-store\/#primaryimage","url":"https:\/\/catinfog.com\/wp-content\/uploads\/2020\/12\/catinfog-tienda-online-6.jpg","contentUrl":"https:\/\/catinfog.com\/wp-content\/uploads\/2020\/12\/catinfog-tienda-online-6.jpg"},{"@type":"BreadcrumbList","@id":"https:\/\/catinfog.com\/en\/online-store\/#breadcrumb","itemListElement":[{"@type":"ListItem","position":1,"name":"Portada","item":"https:\/\/catinfog.com\/en\/"},{"@type":"ListItem","position":2,"name":"online store"}]},{"@type":"WebSite","@id":"https:\/\/catinfog.com\/#website","url":"https:\/\/catinfog.com\/","name":"Catinfog","description":"Catinfog es un programa TPV para gestionar f\u00e1cilmente las ventas de una tienda f\u00edsica. Vende desde el M\u00f3vil o el Pc, acepta pagos e imprime Tickets. Fideliza a tus clientes de una forma moderna y potente desde la nube.","potentialAction":[{"@type":"SearchAction","target":{"@type":"EntryPoint","urlTemplate":"https:\/\/catinfog.com\/?s={search_term_string}"},"query-input":{"@type":"PropertyValueSpecification","valueRequired":true,"valueName":"search_term_string"}}],"inLanguage":"en-US"}]}},"_links":{"self":[{"href":"https:\/\/catinfog.com\/en\/wp-json\/wp\/v2\/pages\/7288","targetHints":{"allow":["GET"]}}],"collection":[{"href":"https:\/\/catinfog.com\/en\/wp-json\/wp\/v2\/pages"}],"about":[{"href":"https:\/\/catinfog.com\/en\/wp-json\/wp\/v2\/types\/page"}],"author":[{"embeddable":true,"href":"https:\/\/catinfog.com\/en\/wp-json\/wp\/v2\/users\/1"}],"replies":[{"embeddable":true,"href":"https:\/\/catinfog.com\/en\/wp-json\/wp\/v2\/comments?post=7288"}],"version-history":[{"count":0,"href":"https:\/\/catinfog.com\/en\/wp-json\/wp\/v2\/pages\/7288\/revisions"}],"wp:attachment":[{"href":"https:\/\/catinfog.com\/en\/wp-json\/wp\/v2\/media?parent=7288"}],"curies":[{"name":"wp","href":"https:\/\/api.w.org\/{rel}","templated":true}]}}