{"id":7305,"date":"2021-03-23T09:49:08","date_gmt":"2021-03-23T09:49:08","guid":{"rendered":"https:\/\/catinfog.com\/?page_id=7305"},"modified":"2021-03-23T10:04:46","modified_gmt":"2021-03-23T10:04:46","slug":"clothing-store","status":"publish","type":"page","link":"https:\/\/catinfog.com\/en\/pos\/clothing-store\/","title":{"rendered":"Clothing shop"},"content":{"rendered":"\n<section class=\"jumbotron bg-white mt-sm-0 mt-md-5 px-md-2 mb-5\">\n<div class=\"container cabecerapage\">\n<div class=\"row\">\n<div class=\"col-12 col-xl-6 tematic\">\n<h1 class=\"jumbotron-heading font-weight-bold tematich1\">The best Point of Sale (POS) software for <span class=\"subrayado-cool\">Clothing Stores<\/span><\/h1>\n<div>\n<p class=\"subtitulo pt-3\">It is <strong>easy<\/strong>, it is <strong>fast<\/strong>, it is <strong>powerful<\/strong> and above all, it is a POS software for fashion shops.<br \/>Sell clothes easily and quickly with a POS that adapts to the size of your shop.<\/p>\n<\/div>\n<p><a href=\"\/regus\/registro.php\"><button class=\"btn btn-primary my-2 btn-lg\" type=\"button\">Try it for 14 days free<\/button><\/a><\/p>\n<\/div>\n<div class=\"col-12 col-xl-6 text-right\"><img decoding=\"async\" class=\"img-fluid mt-5 mt-md-0\" src=\"\/wp-content\/uploads\/imagenes\/tpv-tienda-ropa.jpg\" alt=\"best POS software for clothing shops\" \/><\/div>\n<\/div>\n<\/div>\n<\/section>\n<section class=\"jumbotron bg-white py-4 text-center\" style=\"opacity: 0.4;\">\n<div class=\"container\"><span style=\"font-size: 24px; font-weight: 600;\">Trusted by more than 3,000 retail outlets<\/span>\u00a0\n<p>\u00a0<\/p>\n<div class=\"row justify-content-md-center mt-4\">\n<div class=\"col-12 col-sm-6 col-md-2\"><img decoding=\"async\" class=\"img-fluid\" src=\"\/wp-content\/uploads\/imagenes\/medios\/emprenderioja.png\" alt=\"emprenderioja\" \/><\/div>\n<div class=\"col-12 col-sm-6 col-md-2\"><img decoding=\"async\" class=\"img-fluid\" src=\"\/wp-content\/uploads\/imagenes\/medios\/elmundofinanciero.jpg\" alt=\"mundo financiero\" \/><\/div>\n<div class=\"col-12 col-sm-6 col-md-2\"><img decoding=\"async\" class=\"img-fluid\" src=\"\/wp-content\/uploads\/imagenes\/medios\/europapress.png\" alt=\"europapress\" \/><\/div>\n<div class=\"col-12 col-sm-6 col-md-2\"><img decoding=\"async\" class=\"img-fluid\" src=\"\/wp-content\/uploads\/imagenes\/medios\/puromarketing.jpg\" alt=\"puromarketing\" \/><\/div>\n<div class=\"col-12 col-sm-6 col-md-2\"><img decoding=\"async\" class=\"img-fluid\" src=\"\/wp-content\/uploads\/imagenes\/medios\/open-expo.png\" alt=\"openexpo\" \/><\/div>\n<\/div>\n<\/div>\n<\/section>\n<section class=\"jumbotron bg-white text-center pt-6\">\n<div class=\"container\">\n<h2>Enjoy selling fashion and accessories with fluid, tactile<br \/>and <span class=\"subrayado-cool\">super easy-to-use software<\/span><\/h2>\n<p>Run your boutique easily and from the cloud with our specialised clothing shop software.<\/p>\n<div class=\"row justify-content-md-center\">\n<div class=\"col col-md-8 mt-5\">\n<div class=\"embed-responsive embed-responsive-16by9\"><iframe class=\"embed-responsive-item\" src=\"https:\/\/www.youtube.com\/embed\/g17pJuyDLU0?rel=0&amp;showinfo=0\" allowfullscreen=\"allowfullscreen\"><\/iframe><\/div>\n<\/div>\n<\/div>\n<\/div>\n<\/section>\n<section class=\"jumbotron intermedio-rojo bg-catinfog text-center text-white my-5\">\n<div class=\"container\">\n<ul class=\"list1\">\n<li>Don&#8217;t just sell from the counter. Move around and serve your customers throughout the shop.<\/li>\n<li>Open your shop window to the world and also sell online with an Online Shop synchronised with the Point of Sale.\n<li>Exploit to the maximum the <strong>touch screen<\/strong> of your mobile or tablet with our Tpv, and a modern image.<\/li>\n<\/ul>\n<\/div>\n<\/section>\n<section class=\"jumbotron bg-white pt-5\">\n<div class=\"container\">\n<div class=\"row\">\n<div class=\"col-md-6\">\n<h3>The pleasure of selling fashion<\/h3>\n<p>Catinfog is an apparel shop software specially made for you to manage all aspects of selling fashion products. Its clean and modern interface is so intuitive that your employees won&#8217;t need any training to start selling from day one. With Catinfog you will be able to sell at full speed and serve a large number of customers every day.<br \/>You will be able to print tickets or invoices, keep the inventory of the clothing shop tightly controlled, and many other tasks you need to be able to move forward with order and efficiency in your clothing shop.<br \/> You will be able to manage the inventory of your clothing shop in a simple and intuitive way.<\/p>\n<\/div>\n<div class=\"col-md-6\"><img decoding=\"async\" class=\"img-fluid\" src=\"\/wp-content\/uploads\/imagenes\/programa-tpv-tienda-ropa.jpg\" alt=\"touch tablet POS system\" \/><\/div>\n<\/div>\n<\/div>\n<\/section>\n<section class=\"jumbotron light pt-5 mb-4\">\n<div class=\"container\">\n<div class=\"row\">\n<div class=\"col-md-12 text-center\">\n<p class=\"titulo-express\">Are you in a hurry and need the POS set up right now?<\/p>\n<p>If you are in a hurry to open your shop and start today with everything ready to go, we offer you a totally free Express Plan. All you have to do is sign up and give us a call. So sign up now!<\/p>\n<p>Let&#8217;s connect via videoconference and get the software live.<\/strong><\/p>\n<p><a href=\"\/regus\/registro.php\"><button class=\"btn btn-primary my-2 btn-lg\" type=\"button\">I want my POS now<\/button><\/a><\/p>\n<\/div>\n<\/div>\n<\/div>\n<\/section>\n<section class=\"jumbotron bg-white pt-5\">\n<div class=\"container\">\n<div class=\"row\">\n<div class=\"col-md-6\"><img decoding=\"async\" class=\"img-fluid\" src=\"\/wp-content\/uploads\/imagenes\/tpv-tallas-colores.jpg\" alt=\"POS sizes and colours\" \/><\/div>\n<div class=\"col-md-6\">\n<h3>Intuitive size and colour management<\/h3>\n<p>Catinfog is designed for shops that sell garments with variants such as sizes and colours. That&#8217;s why we&#8217;ve created a quick and easy way to create product variants and a simple way to select them during the sale. Our size and colour management software is compatible with the use of barcode scanners, making the sale even faster. If you want to sell a service or product that you don&#8217;t have in your catalogue, you can create it on the spot and add it to your ticket or invoice.<\/p>\n<\/div>\n<\/div>\n<\/div>\n<\/section>\n<section class=\"jumbotron bg-white mt-1 mt-md-6\">\n<div class=\"container text-center\">\n<div class=\"col-md-12 text-center\">\n<h2>Give your customers a fast and efficient service from your Point of Sale System<\/h2>\n<div class=\"cuerpopadding\">\n<p>Offer your customers the products that are most in demand or that best match their purchase history. Learn how to manage shop activity with intelligent real-time reporting. Our cloud-based management software will give your business intelligence that will be noticed by your customers.<\/p>\n<\/div>\n<\/div>\n<p><img decoding=\"async\" class=\"text-center img-fluid my-5\" src=\"\/wp-content\/uploads\/imagenes\/tpv-tactil-composicion.jpg\" alt=\"touchscreen POS for clothing shops\" \/><\/p>\n<div class=\"col-md-12 text-center mt-5\">\n<h3>Catinfog makes Clothing Stores more productive<\/h3>\n<div class=\"cuerpopadding\">\n<p>Catinfog&#8217;s minimalist and lightweight interface will make your employees much more efficient when selling or counting and registering the warehouse in the system. The simplicity of the sales and management tools is the key to the success of our POS, and will prevent your employees from wasting time learning how to handle programs with manuals of tools that nobody ever uses. On the contrary, Catinfog is simple and gives a modern look to your shop, increasing your productivity.<\/p>\n<\/div>\n<\/div>\n<\/div>\n<\/section>\n<section class=\"jumbotron bg-white pt-5 mt-md-5\">\n<div class=\"container\">\n<div class=\"row\">\n<div class=\"col-md-6 tematic-right\"><img decoding=\"async\" class=\"img-fluid mr-md-4\" src=\"\/wp-content\/uploads\/imagenes\/tpv-tactil-movil.jpg\" alt=\"mobile touchscreen point of sale for clothing shops\" \/><\/div>\n<div class=\"col-md-6 mt-5 mt-md-0\">\n<h3>Sell and have control over your shop anywhere<\/h3>\n<p>Catinfog works on a web browser, tablet, mobile or PC. So you can sell clothes and have control of your shop from anywhere in the world. Monitor employee activity, stock on hand, cash registers, size and colour inventory, and any quantifiable aspect of a clothing shop.<br \/>Receive a daily summary report of sales by salesperson or cash register, returns and customers. See what&#8217;s going on in your shop in real time and get alerts on low stock items.<\/p>\n<p>Catinfog also allows you to move around the boutique accompanying your customers and selling at the same time and sending to the printer the order to print tickets or invoices without having to go to the counter. This way you won&#8217;t be limited to waiting behind the counter and your customers will see you closer to them.<\/p>\n<p>Imagine how simple it is to receive on your mobile phone a daily summary of all the activity in your shop, creating a ranking of the best sellers, best selling products or a comparison with the same day of the previous week, month and year.<\/p>\n<\/div>\n<\/div>\n<\/div>\n<\/section>\n<section class=\"jumbotron bg-white pt-5 mt-md-5\">\n<div class=\"container\">\n<div class=\"row\">\n<div class=\"col-md-6\">\n<h2>Open your shop to the world and also sell online<\/h2>\n<p>With Catinfog, selling clothes online without any extra effort is a reality. And all thanks to the fact that the tpv automatically brings with it an <strong>online shop<\/strong> that uses the same catalogue and stock. This will allow you to display and sell online without having to learn anything about online shops and without having to maintain 2 product catalogues. You will simply outperform your competition and provide a great service to your customers, who will be able to visit and buy or reserve products from their homes.<\/p>\n<\/div>\n<div class=\"col-md-6\"><img decoding=\"async\" class=\"img-fluid\" src=\"\/wp-content\/uploads\/imagenes\/tpv-y-tienda-online.jpg\" alt=\"POS and online fashion shop\" \/><\/div>\n<\/div>\n<\/div>\n<\/section>\n<section class=\"jumbotron bg-white pt-5 mt-md-5\">\n<div class=\"container\">\n<div class=\"row\">\n<div class=\"col-md-6\"><img decoding=\"async\" class=\"img-fluid\" src=\"\/wp-content\/uploads\/imagenes\/tienda-de-moda-perfecta.jpg\" alt=\"perfect POS for fashion shops\" \/><\/div>\n<div class=\"col-md-6 mt-5 mt-md-0\">\n<h3>Gift vouchers, cashback on credit and gift cards<\/h3>\n<p>With catinfog you will be able to sell clothes even if they are for gifts, as you will be able to print tickets hiding the price.<br \/>You will also be able to process returns easily without the need to return the money, but by means of a ticket that the customer can redeem in the future.<br \/>Print gift cards so that your customers can exchange them for clothes whenever they wish.<\/p>\n<p>With Catinfog you will have all the tools you need to provide the best service to your customers without having to learn how to use a complex and outdated platform.<\/p>\n<\/div>\n<\/div>\n<\/div>\n<\/section>\n<section class=\"jumbotron bg-danger text-white pt-6 mt-md-5\">\n<div class=\"container\">\n<div class=\"row\">\n<div class=\"col-md-12 text-center\"><form class=\"text-center\">\n<ul class=\"list-inline list-icons\">\n<li class=\"list-inline-item\"><i class=\"devicons devicons-css3\"><\/i><br \/><input id=\"star-5\" class=\"star star-5\" name=\"star\" type=\"radio\" \/><br \/><label class=\"star star-5\" for=\"star-5\"><\/label><\/li>\n<li class=\"list-inline-item\"><i class=\"devicons devicons-css3\"><\/i><br \/><input id=\"star-4\" class=\"star star-4\" name=\"star\" type=\"radio\" \/><br \/><label class=\"star star-4\" for=\"star-4\"><\/label><\/li>\n<li class=\"list-inline-item\"><i class=\"devicons devicons-css3\"><\/i><br \/><input id=\"star-3\" class=\"star star-3\" name=\"star\" type=\"radio\" \/><br \/><label class=\"star star-3\" for=\"star-3\"><\/label><\/li>\n<li class=\"list-inline-item\"><i class=\"devicons devicons-css3\"><\/i><br \/><input id=\"star-2\" class=\"star star-2\" name=\"star\" type=\"radio\" \/><br \/><label class=\"star star-2\" for=\"star-2\"><\/label><\/li>\n<li class=\"list-inline-item\"><i class=\"devicons devicons-css3\"><\/i><br \/><input id=\"star-1\" class=\"star star-1\" name=\"star\" type=\"radio\" \/><br \/><label class=\"star star-1\" for=\"star-1\"><\/label><\/li>\n<\/ul>\n<\/form>\n<p>[Total:3 Promedio:4.6\/5]*<br \/>*To vote you need to log in<\/p>\n<\/div>\n<div class=\"col-md-12\">\n<div class=\"row\">\n<div class=\"col-md-4 mb-3\">\n<div class=\"card sombreadocard text-center bg-white border-0 rounded-0\">\n<div class=\"card-body text-dark\"><img decoding=\"async\" class=\"img-fluid rounded-circle mb-3\" src=\"\/wp-content\/uploads\/imagenes\/luna-quintana.jpg\" alt=\"opinion catinfog luna quintana\" \/>\u00a0\n<p>\u00a0<\/p>\n<p>\u2605 \u2605 \u2605 \u2605 \u2605<\/p>\n<p>&#8220;I choose Catinfog for its simplicity and efficiency. It has saved me a lot of time.&#8221;<\/p>\n<p class=\"text-danger nombreclient\">Luna Quintana &#8211; El mundo de Luna<\/p>\n<\/div>\n<\/div>\n<\/div>\n<div class=\"col-md-4 mb-3\">\n<div class=\"card sombreadocard text-center bg-white border-0 rounded-0\">\n<div class=\"card-body text-dark\"><img decoding=\"async\" class=\"img-fluid rounded-circle mb-3\" src=\"\/wp-content\/uploads\/imagenes\/carmen-herrero.jpg\" alt=\"opinion Catinfog Carmen herrero\" \/>\u00a0\n<p>\u00a0<\/p>\n<p>\u2605 \u2605 \u2605 \u2605 \u2605<\/p>\n<p>&#8220;Being able to have an online shop connected to the POS is perfect for my boutique.&#8221;<\/p>\n<p class=\"text-danger nombreclient\">Carmen Herrero &#8211; Corner Shop<\/p>\n<\/div>\n<\/div>\n<\/div>\n<div class=\"col-md-4 mb-3\">\n<div class=\"card sombreadocard text-center bg-white border-0 rounded-0\">\n<div class=\"card-body text-dark\"><img decoding=\"async\" class=\"img-fluid rounded-circle mb-3\" src=\"\/wp-content\/uploads\/imagenes\/catalina-chorobik.jpg\" alt=\"opinion catinfog catalina chorobik\" \/>\u00a0\n<p>\u00a0<\/p>\n<p>\u2605 \u2605 \u2605 \u2605 \u2605<\/p>\n<p>&#8220;Selling through the shop by mobile phone has brought us much closer to the customer.&#8221;<\/p>\n<p class=\"text-danger nombreclient\">Catalina Chorobik &#8211; Era Vintage<\/p>\n<\/div>\n<\/div>\n<\/div>\n<\/div>\n<\/div>\n<\/div>\n<div class=\"row text-white\">\n<div class=\"col-md-12 text-center mt-6\">\n<div class=\"cuerpopadding\">\n<h3>Try it for 14 days. Your shop will thank you<\/h3>\n<p>Give your business the simplicity and efficiency it needs to sell more and build customer loyalty.<\/p>\n<p><a href=\"\/precios.html\"><button class=\"btn btn-secondary my-3 btn-lg\" type=\"button\">Start now!<\/button><\/a><\/p>\n<\/div>\n<\/div>\n<\/div>\n<\/div>\n<\/section>\n","protected":false},"excerpt":{"rendered":"<p>The best Point of Sale (POS) software for Clothing Stores It is easy, it is fast, it is powerful and above all, it is a POS software for fashion shops.Sell clothes easily and quickly with a POS that adapts to the size of your shop. Try it for 14 days free Trusted by more than [&#8230;]<\/p>\n<p><a class=\"btn btn-secondary understrap-read-more-link\" href=\"https:\/\/catinfog.com\/en\/pos\/clothing-store\/\">Read More&#8230;<span class=\"screen-reader-text\"> from Clothing shop<\/span><\/a><\/p>\n","protected":false},"author":1,"featured_media":0,"parent":4945,"menu_order":0,"comment_status":"closed","ping_status":"closed","template":"","meta":{"footnotes":""},"class_list":["post-7305","page","type-page","status-publish","hentry"],"yoast_head":"\n<title>The best POS of 2021 for Clothing Stores and Boutiques - Catinfog<\/title>\n<meta name=\"description\" content=\"Catinfog is a fast and easy POS software to issue discounts, generate sales reports and manage your business like a real professional.\" \/>\n<meta name=\"robots\" content=\"index, follow, max-snippet:-1, max-image-preview:large, max-video-preview:-1\" \/>\n<link rel=\"canonical\" href=\"https:\/\/catinfog.com\/en\/pos\/clothing-store\/\" \/>\n<meta property=\"og:locale\" content=\"en_US\" \/>\n<meta property=\"og:type\" content=\"article\" \/>\n<meta property=\"og:title\" content=\"The best POS of 2021 for Clothing Stores and Boutiques - Catinfog\" \/>\n<meta property=\"og:description\" content=\"Catinfog is a fast and easy POS software to issue discounts, generate sales reports and manage your business like a real professional.\" \/>\n<meta property=\"og:url\" content=\"https:\/\/catinfog.com\/en\/pos\/clothing-store\/\" \/>\n<meta property=\"og:site_name\" content=\"Catinfog\" \/>\n<meta property=\"article:modified_time\" content=\"2021-03-23T10:04:46+00:00\" \/>\n<meta property=\"og:image\" content=\"https:\/\/catinfog.com\/wp-content\/uploads\/imagenes\/tpv-tienda-ropa.jpg\" \/>\n<meta name=\"twitter:card\" content=\"summary_large_image\" \/>\n<meta name=\"twitter:label1\" content=\"Est. reading time\" \/>\n\t<meta name=\"twitter:data1\" content=\"5 minutes\" \/>\n<script type=\"application\/ld+json\" class=\"yoast-schema-graph\">{\"@context\":\"https:\/\/schema.org\",\"@graph\":[{\"@type\":\"WebPage\",\"@id\":\"https:\/\/catinfog.com\/en\/pos\/clothing-store\/\",\"url\":\"https:\/\/catinfog.com\/en\/pos\/clothing-store\/\",\"name\":\"The best POS of 2021 for Clothing Stores and Boutiques - Catinfog\",\"isPartOf\":{\"@id\":\"https:\/\/catinfog.com\/#website\"},\"datePublished\":\"2021-03-23T09:49:08+00:00\",\"dateModified\":\"2021-03-23T10:04:46+00:00\",\"description\":\"Catinfog is a fast and easy POS software to issue discounts, generate sales reports and manage your business like a real professional.\",\"breadcrumb\":{\"@id\":\"https:\/\/catinfog.com\/en\/pos\/clothing-store\/#breadcrumb\"},\"inLanguage\":\"en-US\",\"potentialAction\":[{\"@type\":\"ReadAction\",\"target\":[\"https:\/\/catinfog.com\/en\/pos\/clothing-store\/\"]}]},{\"@type\":\"BreadcrumbList\",\"@id\":\"https:\/\/catinfog.com\/en\/pos\/clothing-store\/#breadcrumb\",\"itemListElement\":[{\"@type\":\"ListItem\",\"position\":1,\"name\":\"Portada\",\"item\":\"https:\/\/catinfog.com\/en\/\"},{\"@type\":\"ListItem\",\"position\":2,\"name\":\"Features\",\"item\":\"https:\/\/catinfog.com\/en\/pos\/\"},{\"@type\":\"ListItem\",\"position\":3,\"name\":\"Clothing shop\"}]},{\"@type\":\"WebSite\",\"@id\":\"https:\/\/catinfog.com\/#website\",\"url\":\"https:\/\/catinfog.com\/\",\"name\":\"Catinfog\",\"description\":\"Catinfog es un programa TPV para gestionar f\u00e1cilmente las ventas de una tienda f\u00edsica. Vende desde el M\u00f3vil o el Pc, acepta pagos e imprime Tickets. Fideliza a tus clientes de una forma moderna y potente desde la nube.\",\"potentialAction\":[{\"@type\":\"SearchAction\",\"target\":{\"@type\":\"EntryPoint\",\"urlTemplate\":\"https:\/\/catinfog.com\/?s={search_term_string}\"},\"query-input\":{\"@type\":\"PropertyValueSpecification\",\"valueRequired\":true,\"valueName\":\"search_term_string\"}}],\"inLanguage\":\"en-US\"}]}<\/script>\n","yoast_head_json":{"title":"The best POS of 2021 for Clothing Stores and Boutiques - Catinfog","description":"Catinfog is a fast and easy POS software to issue discounts, generate sales reports and manage your business like a real professional.","robots":{"index":"index","follow":"follow","max-snippet":"max-snippet:-1","max-image-preview":"max-image-preview:large","max-video-preview":"max-video-preview:-1"},"canonical":"https:\/\/catinfog.com\/en\/pos\/clothing-store\/","og_locale":"en_US","og_type":"article","og_title":"The best POS of 2021 for Clothing Stores and Boutiques - Catinfog","og_description":"Catinfog is a fast and easy POS software to issue discounts, generate sales reports and manage your business like a real professional.","og_url":"https:\/\/catinfog.com\/en\/pos\/clothing-store\/","og_site_name":"Catinfog","article_modified_time":"2021-03-23T10:04:46+00:00","og_image":[{"url":"https:\/\/catinfog.com\/wp-content\/uploads\/imagenes\/tpv-tienda-ropa.jpg","type":"","width":"","height":""}],"twitter_card":"summary_large_image","twitter_misc":{"Est. reading time":"5 minutes"},"schema":{"@context":"https:\/\/schema.org","@graph":[{"@type":"WebPage","@id":"https:\/\/catinfog.com\/en\/pos\/clothing-store\/","url":"https:\/\/catinfog.com\/en\/pos\/clothing-store\/","name":"The best POS of 2021 for Clothing Stores and Boutiques - Catinfog","isPartOf":{"@id":"https:\/\/catinfog.com\/#website"},"datePublished":"2021-03-23T09:49:08+00:00","dateModified":"2021-03-23T10:04:46+00:00","description":"Catinfog is a fast and easy POS software to issue discounts, generate sales reports and manage your business like a real professional.","breadcrumb":{"@id":"https:\/\/catinfog.com\/en\/pos\/clothing-store\/#breadcrumb"},"inLanguage":"en-US","potentialAction":[{"@type":"ReadAction","target":["https:\/\/catinfog.com\/en\/pos\/clothing-store\/"]}]},{"@type":"BreadcrumbList","@id":"https:\/\/catinfog.com\/en\/pos\/clothing-store\/#breadcrumb","itemListElement":[{"@type":"ListItem","position":1,"name":"Portada","item":"https:\/\/catinfog.com\/en\/"},{"@type":"ListItem","position":2,"name":"Features","item":"https:\/\/catinfog.com\/en\/pos\/"},{"@type":"ListItem","position":3,"name":"Clothing shop"}]},{"@type":"WebSite","@id":"https:\/\/catinfog.com\/#website","url":"https:\/\/catinfog.com\/","name":"Catinfog","description":"Catinfog es un programa TPV para gestionar f\u00e1cilmente las ventas de una tienda f\u00edsica. Vende desde el M\u00f3vil o el Pc, acepta pagos e imprime Tickets. Fideliza a tus clientes de una forma moderna y potente desde la nube.","potentialAction":[{"@type":"SearchAction","target":{"@type":"EntryPoint","urlTemplate":"https:\/\/catinfog.com\/?s={search_term_string}"},"query-input":{"@type":"PropertyValueSpecification","valueRequired":true,"valueName":"search_term_string"}}],"inLanguage":"en-US"}]}},"_links":{"self":[{"href":"https:\/\/catinfog.com\/en\/wp-json\/wp\/v2\/pages\/7305","targetHints":{"allow":["GET"]}}],"collection":[{"href":"https:\/\/catinfog.com\/en\/wp-json\/wp\/v2\/pages"}],"about":[{"href":"https:\/\/catinfog.com\/en\/wp-json\/wp\/v2\/types\/page"}],"author":[{"embeddable":true,"href":"https:\/\/catinfog.com\/en\/wp-json\/wp\/v2\/users\/1"}],"replies":[{"embeddable":true,"href":"https:\/\/catinfog.com\/en\/wp-json\/wp\/v2\/comments?post=7305"}],"version-history":[{"count":0,"href":"https:\/\/catinfog.com\/en\/wp-json\/wp\/v2\/pages\/7305\/revisions"}],"up":[{"embeddable":true,"href":"https:\/\/catinfog.com\/en\/wp-json\/wp\/v2\/pages\/4945"}],"wp:attachment":[{"href":"https:\/\/catinfog.com\/en\/wp-json\/wp\/v2\/media?parent=7305"}],"curies":[{"name":"wp","href":"https:\/\/api.w.org\/{rel}","templated":true}]}}