{"id":7182,"date":"2021-03-06T11:15:29","date_gmt":"2021-03-06T11:15:29","guid":{"rendered":"https:\/\/catinfog.com\/?page_id=7182"},"modified":"2021-03-06T11:15:31","modified_gmt":"2021-03-06T11:15:31","slug":"casa","status":"publish","type":"page","link":"https:\/\/catinfog.com\/it\/","title":{"rendered":"Casa"},"content":{"rendered":"\n<section class=\"jumbotron bg-white text-center pb-0\">\n<div class=\"container\">\n<h1 class=\"jumbotron-heading font-weight-bold\">Punto Vendita + Negozio Online<br><span class=\"subrayado-cool\">semplice e facile<\/span><\/h1>\n<div class=\"cuerpopadding\">\n<p class=\"subtitulo pt-3\">Catinfog \u00e8 un programma per punti vendita <strong>super facile da maneggiare<\/strong> con cui potrete organizzare le vendite del vostro negozio fisico <strong>e il tuo negozio online<\/strong>.<p>\n<a class=\"btn btn-danger text-white btn-lg mt-3\" href=\"\/regus\/registro.php\">Inizia ora gratuitamente<\/a>\n<\/div>\n<div class=\"row justify-content-md-center\">\n<div class=\"col col-md-8 mt-1\">\n<style>\n.youtube img {\n width: 100%;\n top: -16.82%;\n left: 0;\n opacity: 0.9;\n}\n<\/style>\n<div class=\"wrapper\">\n <div class=\"youtube\" data-embed=\"HUaappCgWco\">\n <div class=\"play-button\"><\/div>\n <\/div>\n<\/div>\n\n<script>\n( function() {\n\n var youtube = document.querySelectorAll( \".youtube\" );\n \n for (var i = 0; i < youtube.length; i++) {\n \n var source = \"https:\/\/img.youtube.com\/vi\/\"+ youtube[i].dataset.embed +\"\/sddefault.jpg\";\n \n var image = new Image();\n image.src = source;\n image.addEventListener( \"load\", function() {\n youtube[ i ].appendChild( image );\n }( i ) );\n \n youtube[i].addEventListener( \"click\", function() {\n\n var iframe = document.createElement( \"iframe\" );\n\n iframe.setAttribute( \"frameborder\", \"0\" );\n iframe.setAttribute( \"allowfullscreen\", \"\" );\n iframe.setAttribute( \"src\", \"https:\/\/www.youtube.com\/embed\/\"+ this.dataset.embed +\"?rel=0&#038;autoplay=1\" );\n\n this.innerHTML = \"\";\n this.appendChild( iframe );\n } ); \n };\n \n} )();\n<\/script>\n\n<\/div>\n<\/div>\n\n\n<div class=\"row mb-5\">\n<div class=\"col-md-12 mt-4 mb-4\"><h3>Pi\u00f9 di 9.000 rivenditori in tutto il mondo lo usano per gestire i loro negozi.<\/h3><p>Negli ultimi 4 anni abbiamo aiutato molti negozi ad avviare e far crescere il loro business..<\/p><\/div>\n<div class=\"col-6 col-md-3\">\n<p><span style=\"color:#ffde6e;font-size:30px;\">&#9733;&#9733;&#9733;&#9733;&#9733;<\/span><br>\n<span style=\"font-size: 1em; font-weight: 600; color: #828282;\">\"Diverso dagli altri per la sua semplicit\u00e0.\"<\/span><\/p>\n<\/div>\n<div class=\"col-6 col-md-3\">\n<p><span style=\"color:#ffde6e;font-size:30px;\">&#9733;&#9733;&#9733;&#9733;&#9733;<\/span><br>\n<span style=\"font-size: 1em; font-weight: 600; color: #828282;\">\"\nModerno e avanzato.\"<\/span><\/p>\n<\/div>\n<div class=\"col-6 col-md-3\">\n<p><span style=\"color:#ffde6e;font-size:30px;\">&#9733;&#9733;&#9733;&#9733;&#9733;<\/span><br>\n<span style=\"font-size: 1em; font-weight: 600; color: #828282;\">\"Adattato ai tempi attuali.\"<\/span><\/p>\n<\/div>\n<div class=\"col-6 col-md-3\">\n<p><span style=\"color:#ffde6e;font-size:30px;\">&#9733;&#9733;&#9733;&#9733;&#9733;<\/span><br>\n<span style=\"font-size: 1em; font-weight: 600; color: #828282;\">\"Perfetto per il mio piccolo negozio.\"<\/span><\/p>\n<\/div>\n\n<\/div>\n\n\n\n<\/div>\n<\/section>\n\n\n\n\n<section class=\"jumbotron bg-white mt-2 mt-md-5 pt-2 pt-md-5\">\n <div class=\"container\">\n\t<div class=\"row mt-5\">\n\t\t<div class=\"col-md-6 align-self-center\">\n\t\t\t<h2>Il POS pi\u00f9 facile da usare del mondo<\/h2>\n\t\t\t<p>Gestisci il tuo negozio fisico nel modo pi\u00f9 semplice. Puoi dedicarti alla vendita invece di passare innumerevoli ore a imparare come usare un software.<br>Il nostro POS \u00e8 usato esclusivamente per controllare le vendite e i resi, il magazzino e la cassa.<br><br><a class=\"text-danger\" href=\"\/tpv\/\"><u>Vedere come funziona il POS <img decoding=\"async\" src=\"https:\/\/catinfog.com\/wp-content\/uploads\/2020\/09\/flecha-derecha-1.png\"><\/u><\/a><\/p>\n\t\t\t\n\t\t<\/div>\n\t\t<div class=\"col-md-6\">\n\t\t\t<img decoding=\"async\" src=\"https:\/\/catinfog.com\/wp-content\/uploads\/2020\/09\/programa-tpv.jpg\">\n\t\t<\/div>\n\t<\/div>\n <\/div>\n<\/section>\n\n\n\n<section class=\"jumbotron bg-white mt-2 mt-md-4\">\n <div class=\"container\">\n\t<div class=\"row mt-2 mt-md-5\">\n\t<div class=\"col-md-6\">\n\t\t\t<img decoding=\"async\" src=\"https:\/\/catinfog.com\/wp-content\/uploads\/2020\/09\/tienda-online.jpg\">\n\t\t<\/div>\n\t\t<div class=\"col-md-6 align-self-center mt-3 mt-md-0\">\n\t\t\t<h2>Un negozio online collegato al magazzino del punto vendita<\/h2>\n\t\t\t<p>Catinfog non \u00e8 solo un POS. \u00c8 anche un negozio online. \u00c8 preconfigurato e non dovrete spendere nemmeno 5 minuti per impostarlo.<br>Il POS e il negozio online sono completamente sincronizzati e usano gli stessi prodotti, clienti, fatture, categorie, offerte...<br><br><a class=\"text-danger\" href=\"\/tienda-online\/\"><u>Mira c\u00f3mo funciona la Tienda Online <img decoding=\"async\" src=\"https:\/\/catinfog.com\/wp-content\/uploads\/2020\/09\/flecha-derecha-1.png\"><\/u><\/a><\/p>\n\t\t<\/div>\n\t<\/div>\n <\/div>\n<\/section>\n<section class=\"jumbotron bg-white mt-2 mt-md-6 \">\n <div class=\"container text-center\">\n <div class=\"row\">\n <div class=\"col-md-12 text-center\">\n <h2><span class=\"subrayado-cool\">5 minuti:<\/span> \u00e8 il tempo necessario per imparare ad usarlo<\/h2>\n <div class=\"cuerpopadding\">\n <p>\n Molti negozi non usano un POS semplicemente perch\u00e9 quelli che hanno provato sono difficili da gestire fino all'assurdo.<br><strong>Questo \u00e8 finito!<\/strong> <u>Un POS dovrebbe essere pi\u00f9 facile da usare di un blocco note o excel.<\/u><br>\n <\/p>\n <p>\n In Catinfog <strong>garantiamo<\/strong> che non ti ci vorranno pi\u00f9 di 5 minuti per imparare a usare il nostro POS.\n <\/p>\n <\/div>\n <\/div>\n<img decoding=\"async\" src=\"https:\/\/catinfog.com\/wp-content\/uploads\/2020\/10\/tpv-accion-5.jpg\" class=\"text-center img-fluid mt-4 px-md-5\" alt=\"POS facile da imparare\">\n <\/div>\n \n <\/div>\n<\/section>\n\n\n\n\n\n\n\n\n\n\n\n\n\n\n\n\n\n<section class=\"jumbotron bg-white text-center pt-6\">\n <div class=\"container\">\n <h2>Per <span class=\"underline-cool\">qualsiasi tipo di commercio<\/span><\/h2>\n <div class=\"cuerpopadding mb-5\">\n\t\t\t<p>Non esiste una versione di Catinfog diversa per ogni settore. La nostra esperienza ci dice che non importa che tipo di attivit\u00e0 tu abbia, la semplicit\u00e0 \u00e8 sempre l'opzione migliore.<br>Ecco perch\u00e9 il POS e il negozio online di Catinfog si adatta a quasi tutti i tipi e dimensioni di attivit\u00e0.<\/p>\n\t\t<\/div>\n\t\t<div class=\"row row-cols-2 row-cols-md-4\">\n\t\t\t<div class=\"col-sm-6 col-md-4 col-lg-3 mt-4\">\n\t\t\t\t<div class=\"card border-white\">\t\t\t\t\t\n\t\t\t\t\t<div class=\"card-body\">\n\t\t\t\t\t\t<a href=\"\/tpv\/tienda-ropa.php\"><img decoding=\"async\" src=\"\/wp-content\/uploads\/imagenes\/comercios\/tpv-tienda-de-ropa-miniatura-b.jpg\" alt=\"POS negozio di abbigliamento\" class=\"card-img-top mb-2\" \/><h3 class=\"card-title\">Negozi di abbigliamento<\/h3><\/a>\n\t\t\t\t\t\t<p class=\"card-text\">Gestite la vostra boutique facilmente e dal cloud. Gestisci facilmente le dimensioni e i colori.<\/p>\n\t\t\t\t\t<\/div>\n\t\t\t\t<\/div>\n\t\t\t<\/div>\n\t\t\t<div class=\"col-sm-6 col-md-4 col-lg-3 mt-4\">\n\t\t\t\t<div class=\"card border-white\">\t\t\t\t\t\n\t\t\t\t\t<div class=\"card-body\">\n\t\t\t\t\t\t<a href=\"\/tpv\/panaderia.php\"><img decoding=\"async\" src=\"\/wp-content\/uploads\/imagenes\/comercios\/tpv-panaderia-miniatura-b.jpg\" alt=\"Panetteria POS\" class=\"card-img-top mb-2\" \/><h3 class=\"card-title\">Panetterie<\/h3><\/a>\n\t\t\t\t\t\t<p class=\"card-text\">Vendere pane e pasticcini \u00e8 un compito che richiede uno sforzo extra nell'organizzazione.<\/p>\n\t\t\t\t\t<\/div>\n\t\t\t\t<\/div>\n\t\t\t<\/div>\n\t\t\t<div class=\"col-sm-6 col-md-4 col-lg-3 mt-4\">\n\t\t\t\t<div class=\"card border-white\">\t\t\t\t\t\n\t\t\t\t\t<div class=\"card-body\">\n\t\t\t\t\t\t<a href=\"\/tpv\/zapateria.php\"><img decoding=\"async\" src=\"\/wp-content\/uploads\/imagenes\/comercios\/tpv-zapateria-miniatura-b.jpg\" alt=\"Ristorazione POS\" class=\"card-img-top mb-2\" \/><h3 class=\"card-title\">Negozi di scarpe<\/h3><\/a>\n\t\t\t\t\t\t<p class=\"card-text\">Gestire un negozio di scarpe richiede un magazzino molto ordinato e velocit\u00e0 di esecuzione davanti al cliente.<\/p>\n\t\t\t\t\t<\/div>\n\t\t\t\t<\/div>\n\t\t\t<\/div>\n\t\t\t<div class=\"col-sm-6 col-md-4 col-lg-3 mt-4\">\n\t\t\t\t<div class=\"card border-white\">\t\t\t\t\t\n\t\t\t\t\t<div class=\"card-body\">\n\t\t\t\t\t\t<a href=\"\/tpv\/cafeteria.php\"><img decoding=\"async\" src=\"\/wp-content\/uploads\/imagenes\/comercios\/tpv-cafeteria-miniatura-b.jpg\" alt=\"tpv cafeteria\" class=\"card-img-top mb-2\" \/><h3 class=\"card-title\">Caffetterie<\/h3><\/a>\n\t\t\t\t\t\t<p class=\"card-text\">Servire centinaia di caff\u00e8 ogni colazione richiede grande concentrazione e velocit\u00e0.<\/p>\n\t\t\t\t\t<\/div>\n\t\t\t\t<\/div>\n\t\t\t<\/div>\n\t\t<\/div>\n\t\t<a href=\"\/tpv#comercio\" class=\"btn btn-secondary btn-lg mt-3\">Altri settori<\/a>\n <\/div>\n<\/section>\n\n\n\n\n\n\n<section class=\"jumbotron intermedio-rojo bg-catinfog text-center text-white\">\n <div class=\"container\">\n <h2><strong>Facile<\/strong>, Potente e sincronizzato con il cloud<\/h2>\n <p>Stampare biglietti o fatture, tenere traccia dello stock e dei clienti <strong>dovrebbe essere qualcosa di facile e semplice<\/strong>. Non complicatevi con programmi supercomplessi e concentratevi sul vostro business grazie a un POS che funziona al 100% nel cloud.<\/p>\n <ul class=\"list1\">\n <li> Vendi con il tuo software per punti vendita ovunque e da qualsiasi dispositivo.<\/li>\n <li> Nessuna installazione richiesta. Inizia a incassare subito.<\/li>\n <li> Ovunque tu sia, potrai vedere l'evoluzione delle vendite del tuo negozio.<\/li>\n <\/ul>\n <\/div>\n<\/section>\n\n\n\n\n<section class=\"jumbotron bg-white text-center pt-6\">\n <div class=\"container\">\n <h2>Gli articoli pi\u00f9 letti del blog<\/h2>\n <div class=\"cuerpopadding mb-5\">\n <p>Se vuoi avere il tuo business aggiornato, puoi visitare il nostro blog, dove ti insegniamo tutti i tipi di trucchi, decorazione di vetrine, nuovi modi per promuoverti, ecc...<\/p>\n<\/div>\n <div class=\"row row-cols-2 row-cols-md-4\">\n <div class=\"col-sm-6 col-md-4 col-lg-3 mt-4\">\n <div class=\"card\">\n <img decoding=\"async\" src=\"\/wp-content\/uploads\/2018\/11\/arqueo-caja-1-300x166.jpg\" class=\"card-img-top\" alt=\"Migliore estrazione in contanti\" \/>\n <div class=\"card-body\">\n <h5 class=\"card-title\">30 esempi di rendiconto finanziario<\/h5>\n <p class=\"card-text\">Raccolta delle migliori ricevute di cassa che si possono vedere nei negozi.<br \/>\n <a href=\"\/arqueo-de-caja\/\">Leggi di pi\u00f9<\/a><\/p>\n <\/div>\n <\/div>\n <\/div>\n <div class=\"col-sm-6 col-md-4 col-lg-3 mt-4\">\n <div class=\"card\">\n <img decoding=\"async\" src=\"\/wp-content\/uploads\/2017\/08\/mejores-tpv-gratis-1-300x177.jpg\" class=\"card-img-top\" alt=\"migliore POS\" \/>\n <div class=\"card-body\">\n <h5 class=\"card-title\">35 Programmi di punti vendita per gestire i negozi fisici<\/h5>\n <p class=\"card-text\">\n Noi testiamo 35 software per punti vendita in modo che tu non debba farlo.<br \/>\n <a href=\"\/mejores-programas-tpv-gratis\/\">Leggi di pi\u00f9<\/a>\n <\/p>\n <\/div>\n <\/div>\n <\/div>\n <div class=\"col-sm-6 col-md-4 col-lg-3 mt-4\">\n <div class=\"card\">\n <img decoding=\"async\" src=\"\/wp-content\/uploads\/2019\/02\/100-ejemplos-de-tickets-1-300x166.jpg\" class=\"card-img-top\" alt=\"Raccolta di 100 biglietti d'acquisto\" \/>\n <div class=\"card-body\">\n <h5 class=\"card-title\">100 biglietti per lo shopping in negozi famosi<\/h5>\n <p class=\"card-text\">Raccolta di biglietti d'acquisto dai rivenditori pi\u00f9 popolari.<br\/><a href=\"\/ticket-compra\/\">Leggi di pi\u00f9<\/a><\/p>\n <\/div>\n <\/div>\n <\/div>\n <div class=\"col-sm-6 col-md-4 col-lg-3 mt-4\">\n <div class=\"card\">\n <img decoding=\"async\" src=\"https:\/\/catinfog.com\/wp-content\/uploads\/2020\/12\/herramienta-crear-tienda-online.jpg\" class=\"card-img-top\" alt=\"20 siti per creare un negozio online\" \/>\n <div class=\"card-body\">\n <h5 class=\"card-title\">20 siti per creare un negozio online<\/h5>\n <p class=\"card-text\">Abbiamo testato 20 stampanti per ricevute e le abbiamo confrontate.<br\/><a href=\"https:\/\/catinfog.com\/crear-tienda-online\/\">Leggi di pi\u00f9<\/a><\/p>\n\n <\/div>\n <\/div>\n <\/div>\n <\/div>\n <\/div>\n\n<\/section>\n\n\n\n\n\n<section class=\"jumbotron bg-danger text-white pt-6\">\n <div class=\"container\">\n <div class=\"row\">\n <div class=\"col-md-12 text-center\">\n <form class=\"text-center\">\n <ul class=\"list-inline list-icons\">\n <li class=\"list-inline-item\">\n <i class=\"devicons devicons-css3\"><\/i>\n <input class=\"star star-5\" id=\"star-5\" type=\"radio\" name=\"star\">\n <label class=\"star star-5\" for=\"star-5\"><\/label>\n <\/li>\n <li class=\"list-inline-item\">\n <i class=\"devicons devicons-css3\"><\/i>\n <input class=\"star star-4\" id=\"star-4\" type=\"radio\" name=\"star\">\n <label class=\"star star-4\" for=\"star-4\"><\/label>\n <\/li>\n <li class=\"list-inline-item\">\n <i class=\"devicons devicons-css3\"><\/i>\n <input class=\"star star-3\" id=\"star-3\" type=\"radio\" name=\"star\">\n <label class=\"star star-3\" for=\"star-3\"><\/label>\n <\/li>\n <li class=\"list-inline-item\">\n <i class=\"devicons devicons-css3\"><\/i>\n <input class=\"star star-2\" id=\"star-2\" type=\"radio\" name=\"star\">\n <label class=\"star star-2\" for=\"star-2\"><\/label>\n <\/li>\n <li class=\"list-inline-item\">\n <i class=\"devicons devicons-css3\"><\/i>\n <input class=\"star star-1\" id=\"star-1\" type=\"radio\" name=\"star\">\n <label class=\"star star-1\" for=\"star-1\"><\/label>\n <\/li>\n <\/ul>\n <\/form>\n <p>[Total:3 Promedio:4.6\/5]*<br>*Per votare \u00e8 necessario effettuare il login<p>\n <\/div>\n <div class=\"col-md-12\">\n <div class=\"row\">\n <div class=\"col-md-4 mb-3\">\n <div class=\"card sombreadocard text-center bg-white border-0 rounded-0\">\n <div class=\"card-body text-dark\">\n <img decoding=\"async\" class=\"img-fluid rounded-circle mb-3\" src=\"\/wp-content\/uploads\/imagenes\/maria-jose-esparza.jpg\" alt=\"cliente catinfog\">\n <p>&#9733; &#9733; &#9733; &#9733; &#9733;<\/p>\n <p>\"Con Catinfog possiamo servire i clienti contemporaneamente al bar, ai tavoli e sulla terrazza.\"<\/p>\n <p class=\"text-danger nombreclient\">Maria Jos\u00e9 Esparza - Cafeter\u00eda Lizarralde<\/p>\n <\/div>\n <\/div>\n <\/div>\n <div class=\"col-md-4 mb-3\">\n <div class=\"card sombreadocard text-center bg-white border-0 rounded-0\">\n <div class=\"card-body text-dark\">\n <img decoding=\"async\" class=\"img-fluid rounded-circle mb-3\" src=\"\/wp-content\/uploads\/imagenes\/miguel-alvarez.jpg\" alt=\"cliente catinfog\">\n <p>&#9733; &#9733; &#9733; &#9733; &#9733;<\/p>\n <p>\"Per me la cosa migliore \u00e8 che posso guardare da qualsiasi luogo e con il mio cellulare come stanno andando le vendite del giorno.\"<\/p>\n <p class=\"text-danger nombreclient\">Miguel \u00c1lvarez - Hombre de Etiqueta<\/p>\n <\/div>\n <\/div>\n <\/div>\n <div class=\"col-md-4 mb-3\">\n <div class=\"card sombreadocard text-center bg-white border-0 rounded-0\">\n <div class=\"card-body text-dark\">\n <img decoding=\"async\" class=\"img-fluid rounded-circle mb-3\" src=\"\/wp-content\/uploads\/imagenes\/estrella-royo.jpg\" alt=\"cliente catinfog\">\n <p>&#9733; &#9733; &#9733; &#9733; &#9733;<\/p>\n <p>\"Volevamo essere in grado di vendere online con un negozio online collegato al magazzino POS.\"<\/p>\n <p class=\"text-danger nombreclient\">Estrella Royo - Boutique A mi manera<\/p>\n <\/div>\n <\/div>\n <\/div>\n <\/div>\n <\/div>\n <\/div>\n <div class=\"row text-white\">\n <div class=\"col-md-12 text-center mt-6\">\n <div class=\"cuerpopadding\">\n <h3>Provatelo per 14 giorni. Il tuo business ti ringrazier\u00e0<\/h3>\n <p>Se sei arrivato fin qui, \u00e8 perch\u00e9 sei interessato a quello che ti stiamo dicendo.<br>Prova Catinfog per 14 giorni gratuitamente e scoprilo con certezza.<\/p>\n <a href=\"\/precios.html\" ><button type=\"button\" class=\"btn btn-secondary my-3 btn-lg\">Inizia ora!<\/button><\/a>\n <\/div>\n <\/div>\n <\/div>\n <\/div>\n<\/section>\n","protected":false},"excerpt":{"rendered":"<p>Punto Vendita + Negozio Onlinesemplice e facile Catinfog \u00e8 un programma per punti vendita super facile da maneggiare con cui potrete organizzare le vendite del vostro negozio fisico e il tuo negozio online. Inizia ora gratuitamente Pi\u00f9 di 9.000 rivenditori in tutto il mondo lo usano per gestire i loro negozi. Negli ultimi 4 anni [&#8230;]<\/p>\n<p><a class=\"btn btn-secondary understrap-read-more-link\" href=\"https:\/\/catinfog.com\/it\/\">Leggi di pi\u00f9&#8230;<span class=\"screen-reader-text\"> from Casa<\/span><\/a><\/p>\n","protected":false},"author":1,"featured_media":0,"parent":0,"menu_order":0,"comment_status":"closed","ping_status":"closed","template":"","meta":{"footnotes":""},"class_list":["post-7182","page","type-page","status-publish","hentry"],"yoast_head":"\n<title>Casa - Catinfog<\/title>\n<meta name=\"robots\" content=\"index, follow, max-snippet:-1, max-image-preview:large, max-video-preview:-1\" \/>\n<link rel=\"canonical\" href=\"https:\/\/catinfog.com\/it\/\" \/>\n<meta property=\"og:locale\" content=\"it_IT\" \/>\n<meta property=\"og:type\" content=\"article\" \/>\n<meta property=\"og:title\" content=\"Casa - Catinfog\" \/>\n<meta property=\"og:description\" content=\"Punto Vendita + Negozio Onlinesemplice e facile Catinfog \u00e8 un programma per punti vendita super facile da maneggiare con cui potrete organizzare le vendite del vostro negozio fisico e il tuo negozio online. Inizia ora gratuitamente Pi\u00f9 di 9.000 rivenditori in tutto il mondo lo usano per gestire i loro negozi. Negli ultimi 4 anni [...]Leggi di pi\u00f9... from Casa\" \/>\n<meta property=\"og:url\" content=\"https:\/\/catinfog.com\/it\/\" \/>\n<meta property=\"og:site_name\" content=\"Catinfog\" \/>\n<meta property=\"article:modified_time\" content=\"2021-03-06T11:15:31+00:00\" \/>\n<meta property=\"og:image\" content=\"https:\/\/catinfog.com\/wp-content\/uploads\/2020\/09\/flecha-derecha-1.png\" \/>\n<meta name=\"twitter:card\" content=\"summary_large_image\" \/>\n<meta name=\"twitter:label1\" content=\"Tempo di lettura stimato\" \/>\n\t<meta name=\"twitter:data1\" content=\"3 minuti\" \/>\n<script type=\"application\/ld+json\" class=\"yoast-schema-graph\">{\"@context\":\"https:\/\/schema.org\",\"@graph\":[{\"@type\":\"WebPage\",\"@id\":\"https:\/\/catinfog.com\/it\/\",\"url\":\"https:\/\/catinfog.com\/it\/\",\"name\":\"Casa - Catinfog\",\"isPartOf\":{\"@id\":\"https:\/\/catinfog.com\/#website\"},\"primaryImageOfPage\":{\"@id\":\"https:\/\/catinfog.com\/it\/#primaryimage\"},\"image\":{\"@id\":\"https:\/\/catinfog.com\/it\/#primaryimage\"},\"thumbnailUrl\":\"https:\/\/catinfog.com\/wp-content\/uploads\/2020\/09\/flecha-derecha-1.png\",\"datePublished\":\"2021-03-06T11:15:29+00:00\",\"dateModified\":\"2021-03-06T11:15:31+00:00\",\"breadcrumb\":{\"@id\":\"https:\/\/catinfog.com\/it\/#breadcrumb\"},\"inLanguage\":\"it-IT\",\"potentialAction\":[{\"@type\":\"ReadAction\",\"target\":[\"https:\/\/catinfog.com\/it\/\"]}]},{\"@type\":\"ImageObject\",\"inLanguage\":\"it-IT\",\"@id\":\"https:\/\/catinfog.com\/it\/#primaryimage\",\"url\":\"https:\/\/catinfog.com\/wp-content\/uploads\/2020\/09\/flecha-derecha-1.png\",\"contentUrl\":\"https:\/\/catinfog.com\/wp-content\/uploads\/2020\/09\/flecha-derecha-1.png\"},{\"@type\":\"BreadcrumbList\",\"@id\":\"https:\/\/catinfog.com\/it\/#breadcrumb\",\"itemListElement\":[{\"@type\":\"ListItem\",\"position\":1,\"name\":\"Portada\",\"item\":\"https:\/\/catinfog.com\/it\/\"},{\"@type\":\"ListItem\",\"position\":2,\"name\":\"Casa\"}]},{\"@type\":\"WebSite\",\"@id\":\"https:\/\/catinfog.com\/#website\",\"url\":\"https:\/\/catinfog.com\/\",\"name\":\"Catinfog\",\"description\":\"Catinfog es un programa TPV para gestionar f\u00e1cilmente las ventas de una tienda f\u00edsica. Vende desde el M\u00f3vil o el Pc, acepta pagos e imprime Tickets. Fideliza a tus clientes de una forma moderna y potente desde la nube.\",\"potentialAction\":[{\"@type\":\"SearchAction\",\"target\":{\"@type\":\"EntryPoint\",\"urlTemplate\":\"https:\/\/catinfog.com\/?s={search_term_string}\"},\"query-input\":{\"@type\":\"PropertyValueSpecification\",\"valueRequired\":true,\"valueName\":\"search_term_string\"}}],\"inLanguage\":\"it-IT\"}]}<\/script>\n","yoast_head_json":{"title":"Casa - Catinfog","robots":{"index":"index","follow":"follow","max-snippet":"max-snippet:-1","max-image-preview":"max-image-preview:large","max-video-preview":"max-video-preview:-1"},"canonical":"https:\/\/catinfog.com\/it\/","og_locale":"it_IT","og_type":"article","og_title":"Casa - Catinfog","og_description":"Punto Vendita + Negozio Onlinesemplice e facile Catinfog \u00e8 un programma per punti vendita super facile da maneggiare con cui potrete organizzare le vendite del vostro negozio fisico e il tuo negozio online. Inizia ora gratuitamente Pi\u00f9 di 9.000 rivenditori in tutto il mondo lo usano per gestire i loro negozi. Negli ultimi 4 anni [...]Leggi di pi\u00f9... from Casa","og_url":"https:\/\/catinfog.com\/it\/","og_site_name":"Catinfog","article_modified_time":"2021-03-06T11:15:31+00:00","og_image":[{"url":"https:\/\/catinfog.com\/wp-content\/uploads\/2020\/09\/flecha-derecha-1.png","type":"","width":"","height":""}],"twitter_card":"summary_large_image","twitter_misc":{"Tempo di lettura stimato":"3 minuti"},"schema":{"@context":"https:\/\/schema.org","@graph":[{"@type":"WebPage","@id":"https:\/\/catinfog.com\/it\/","url":"https:\/\/catinfog.com\/it\/","name":"Casa - Catinfog","isPartOf":{"@id":"https:\/\/catinfog.com\/#website"},"primaryImageOfPage":{"@id":"https:\/\/catinfog.com\/it\/#primaryimage"},"image":{"@id":"https:\/\/catinfog.com\/it\/#primaryimage"},"thumbnailUrl":"https:\/\/catinfog.com\/wp-content\/uploads\/2020\/09\/flecha-derecha-1.png","datePublished":"2021-03-06T11:15:29+00:00","dateModified":"2021-03-06T11:15:31+00:00","breadcrumb":{"@id":"https:\/\/catinfog.com\/it\/#breadcrumb"},"inLanguage":"it-IT","potentialAction":[{"@type":"ReadAction","target":["https:\/\/catinfog.com\/it\/"]}]},{"@type":"ImageObject","inLanguage":"it-IT","@id":"https:\/\/catinfog.com\/it\/#primaryimage","url":"https:\/\/catinfog.com\/wp-content\/uploads\/2020\/09\/flecha-derecha-1.png","contentUrl":"https:\/\/catinfog.com\/wp-content\/uploads\/2020\/09\/flecha-derecha-1.png"},{"@type":"BreadcrumbList","@id":"https:\/\/catinfog.com\/it\/#breadcrumb","itemListElement":[{"@type":"ListItem","position":1,"name":"Portada","item":"https:\/\/catinfog.com\/it\/"},{"@type":"ListItem","position":2,"name":"Casa"}]},{"@type":"WebSite","@id":"https:\/\/catinfog.com\/#website","url":"https:\/\/catinfog.com\/","name":"Catinfog","description":"Catinfog es un programa TPV para gestionar f\u00e1cilmente las ventas de una tienda f\u00edsica. Vende desde el M\u00f3vil o el Pc, acepta pagos e imprime Tickets. Fideliza a tus clientes de una forma moderna y potente desde la nube.","potentialAction":[{"@type":"SearchAction","target":{"@type":"EntryPoint","urlTemplate":"https:\/\/catinfog.com\/?s={search_term_string}"},"query-input":{"@type":"PropertyValueSpecification","valueRequired":true,"valueName":"search_term_string"}}],"inLanguage":"it-IT"}]}},"_links":{"self":[{"href":"https:\/\/catinfog.com\/it\/wp-json\/wp\/v2\/pages\/7182","targetHints":{"allow":["GET"]}}],"collection":[{"href":"https:\/\/catinfog.com\/it\/wp-json\/wp\/v2\/pages"}],"about":[{"href":"https:\/\/catinfog.com\/it\/wp-json\/wp\/v2\/types\/page"}],"author":[{"embeddable":true,"href":"https:\/\/catinfog.com\/it\/wp-json\/wp\/v2\/users\/1"}],"replies":[{"embeddable":true,"href":"https:\/\/catinfog.com\/it\/wp-json\/wp\/v2\/comments?post=7182"}],"version-history":[{"count":0,"href":"https:\/\/catinfog.com\/it\/wp-json\/wp\/v2\/pages\/7182\/revisions"}],"wp:attachment":[{"href":"https:\/\/catinfog.com\/it\/wp-json\/wp\/v2\/media?parent=7182"}],"curies":[{"name":"wp","href":"https:\/\/api.w.org\/{rel}","templated":true}]}}