{"id":7215,"date":"2021-03-06T11:52:42","date_gmt":"2021-03-06T11:52:42","guid":{"rendered":"https:\/\/catinfog.com\/?page_id=7215"},"modified":"2021-03-23T16:03:14","modified_gmt":"2021-03-23T16:03:14","slug":"home","status":"publish","type":"page","link":"https:\/\/catinfog.com\/pl\/","title":{"rendered":"Home"},"content":{"rendered":"\n<section class=\"jumbotron bg-white text-center pb-0\">\n<div class=\"container\">\n<h1 class=\"jumbotron-heading font-weight-bold\">Oprogramowanie POS + Sklep internetowy<br><span class=\"underlined-cool\">pro\u015bciej i \u0142atwiej<\/span><\/h1>\n<div class=\"cuerpopadding\">\n<p class=\"subtitulo pt-3\">Catinfog jest <strong>super \u0142atwym w u\u017cyciu<\/strong> oprogramowaniem POS, dzi\u0119ki kt\u00f3remu mo\u017cesz zorganizowa\u0107 sprzeda\u017c w swoim fizycznym sklepie <strong>a tak\u017ce online<\/strong>.<p>\n<a class=\"btn btn-danger text-white btn-lg mt-3\" href=\"\/regus\/registro.php\">Zacznij teraz za darmo<\/a>\n<\/div>\n<div class=\"row justify-content-md-center\">\n<div class=\"col col-md-8 mt-1\">\n<style>\n.youtube img {\n width: 100%;\n top: -16.82%;\n left: 0;\n opacity: 0.9;\n}\n<\/style>\n<div class=\"wrapper\">\n <div class=\"youtube\" data-embed=\"HUaappCgWco\">\n <div class=\"play-button\"><\/div>\n <\/div>\n<\/div>\n\n<script>\n( function() {\n\n var youtube = document.querySelectorAll( \".youtube\" );\n \n for (var i = 0; i < youtube.length; i++) {\n \n var source = \"https:\/\/img.youtube.com\/vi\/\"+ youtube[i].dataset.embed +\"\/sddefault.jpg\";\n \n var image = new Image();\n image.src = source;\n image.addEventListener( \"load\", function() {\n youtube[ i ].appendChild( image );\n }( i ) );\n \n youtube[i].addEventListener( \"click\", function() {\n\n var iframe = document.createElement( \"iframe\" );\n\n iframe.setAttribute( \"frameborder\", \"0\" );\n iframe.setAttribute( \"allowfullscreen\", \"\" );\n iframe.setAttribute( \"src\", \"https:\/\/www.youtube.com\/embed\/\"+ this.dataset.embed +\"?rel=0&#038;autoplay=1\" );\n\n this.innerHTML = \"\";\n this.appendChild( iframe );\n } ); \n };\n \n} )();\n<\/script>\n\n<\/div>\n<\/div>\n\n\n<div class=\"row mb-5\">\n<div class=\"col-md-12 mt-4 mb-4\"><h3>Ponad 9000 sprzedawc\u00f3w na ca\u0142ym \u015bwiecie u\u017cywa go do zarz\u0105dzania swoimi sklepami.<\/h3><p>Przez ostatnie 4 lata pomogli\u015bmy wielu, wielu sklepom w rozpocz\u0119ciu i rozwoju ich dzia\u0142alno\u015bci.<\/p><\/div>\n<div class=\"col-6 col-md-3\">\n<p><span style=\"color:#ffde6e;font-size:30px;\">&#9733;&#9733;&#9733;&#9733;&#9733;<\/span><br>\n<span style=\"font-size: 1em; font-weight: 600; color: #828282;\">\"R\u00f3\u017cni si\u0119 od innych swoj\u0105 prostot\u0105.\"<\/span><\/p>\n<\/div>\n<div class=\"col-6 col-md-3\">\n<p><span style=\"color:#ffde6e;font-size:30px;\">&#9733;&#9733;&#9733;&#9733;&#9733;<\/span><br>\n<span style=\"font-size: 1em; font-weight: 600; color: #828282;\">\"Nowoczesny i zaawansowany.\"<\/span><\/p>\n<\/div>\n<div class=\"col-6 col-md-3\">\n<p><span style=\"color:#ffde6e;font-size:30px;\">&#9733;&#9733;&#9733;&#9733;&#9733;<\/span><br>\n<span style=\"font-size: 1em; font-weight: 600; color: #828282;\">\"Dostosowane do obecnych czas\u00f3w.\"<\/span><\/p>\n<\/div>\n<div class=\"col-6 col-md-3\">\n<p><span style=\"color:#ffde6e;font-size:30px;\">&#9733;&#9733;&#9733;&#9733;&#9733;<\/span><br>\n<span style=\"font-size: 1em; font-weight: 600; color: #828282;\">\"Idealny dla mojego ma\u0142ego sklepu.\"<\/span><\/p>\n<\/div>\n\n<\/div>\n\n\n\n<\/div>\n<\/section>\n\n\n\n\n<section class=\"jumbotron bg-white mt-2 mt-md-5 pt-2 pt-md-5\">\n <div class=\"container\">\n\t<div class=\"row mt-5\">\n\t\t<div class=\"col-md-6 align-self-center\">\n\t\t\t<h2>Naj\u0142atwiejszy w obs\u0142udze POS na \u015bwiecie<\/h2>\n\t\t\t<p>Zarz\u0105dzaj swoim sklepem fizycznym w najprostszy spos\u00f3b. Mo\u017cesz po\u015bwi\u0119ci\u0107 si\u0119 sprzeda\u017cy zamiast sp\u0119dza\u0107 niezliczone godziny ucz\u0105c si\u0119, jak korzysta\u0107 z oprogramowania.<br>Nasz POS jest u\u017cywany wy\u0142\u0105cznie do kontroli sprzeda\u017cy i zwrot\u00f3w, magazyn i kasy.<br><br><a class=\"text-danger\" href=\"\/tpv\/\"><u>Zobacz jak dzia\u0142a POS <img decoding=\"async\" src=\"https:\/\/catinfog.com\/wp-content\/uploads\/2020\/09\/flecha-derecha-1.png\"><\/u><\/a><\/p>\n\t\t\t\n\t\t<\/div>\n\t\t<div class=\"col-md-6\">\n\t\t\t<img decoding=\"async\" src=\"https:\/\/catinfog.com\/wp-content\/uploads\/2020\/09\/programa-tpv.jpg\">\n\t\t<\/div>\n\t<\/div>\n <\/div>\n<\/section>\n\n\n\n<section class=\"jumbotron bg-white mt-2 mt-md-4\">\n <div class=\"container\">\n\t<div class=\"row mt-2 mt-md-5\">\n\t<div class=\"col-md-6\">\n\t\t\t<img decoding=\"async\" src=\"https:\/\/catinfog.com\/wp-content\/uploads\/2020\/09\/tienda-online.jpg\">\n\t\t<\/div>\n\t\t<div class=\"col-md-6 align-self-center mt-3 mt-md-0\">\n\t\t\t<h2>Sklep internetowy po\u0142\u0105czony z magazynem POS<\/h2>\n\t\t\t<p>Catinfog to nie tylko POS. Jest to r\u00f3wnie\u017c sklep internetowy. Jest wst\u0119pnie skonfigurowany i nie b\u0119dziesz musia\u0142 po\u015bwi\u0119ci\u0107 nawet 5 minut na jego konfiguracj\u0119.<br>Punkt sprzeda\u017cy i sklep internetowy s\u0105 w pe\u0142ni zsynchronizowane i korzystaj\u0105 z tych samych produkt\u00f3w, klient\u00f3w, faktur, kategorii, ofert...<br><br><a class=\"text-danger\" href=\"\/tienda-online\/\"><u>Zobacz jak dzia\u0142a sklep internetowy <img decoding=\"async\" src=\"https:\/\/catinfog.com\/wp-content\/uploads\/2020\/09\/flecha-derecha-1.png\"><\/u><\/a><\/p>\n\t\t<\/div>\n\t<\/div>\n <\/div>\n<\/section>\n<section class=\"jumbotron bg-white mt-2 mt-md-6 \">\n <div class=\"container text-center\">\n <div class=\"row\">\n <div class=\"col-md-12 text-center\">\n <h2><span class=\"subrayado-cool\">5 minut:<\/span> to czas potrzebny na nauczenie si\u0119, jak z niego korzysta\u0107<\/h2>\n <div class=\"cuerpopadding\">\n <p>\n Wiele sklep\u00f3w nie korzysta z POS-\u00f3w tylko dlatego, \u017ce te, kt\u00f3rych pr\u00f3bowali, s\u0105 trudne w obs\u0142udze a\u017c do absurdalnych skrajno\u015bci.<br><strong>To ju\u017c koniec!<\/strong> <u>Punkt sprzeda\u017cy powinien by\u0107 \u0142atwiejszy w obs\u0142udze ni\u017c notatnik czy Excel.<\/u><br>\n <\/p>\n <p>\n W Catinfog <strong>gwarantujemy<\/strong>, \u017ce nauka obs\u0142ugi naszego POS nie zajmie Ci wi\u0119cej ni\u017c 5 minut.\n <\/p>\n <\/div>\n <\/div>\n<img decoding=\"async\" src=\"https:\/\/catinfog.com\/wp-content\/uploads\/2020\/10\/tpv-accion-5.jpg\" class=\"text-center img-fluid mt-4 px-md-5\" alt=\"POS \u0142atwy do nauczenia si\u0119\">\n <\/div>\n \n <\/div>\n<\/section>\n\n\n\n\n\n\n\n\n\n\n\n\n\n\n\n\n\n<section class=\"jumbotron bg-white text-center pt-6\">\n <div class=\"container\">\n <h2>Dla <span class=\"underline-cool\">ka\u017cdego rodzaju handlu<\/span><\/h2>\n <div class=\"cuerpopadding mb-5\">\n\t\t\t<p>Nie ma innej wersji Catinfog dla ka\u017cdej bran\u017cy. Nasze do\u015bwiadczenie m\u00f3wi nam, \u017ce bez wzgl\u0119du na to, jaki rodzaj dzia\u0142alno\u015bci prowadzisz, prostota jest zawsze najlepsz\u0105 opcj\u0105.<br>Dlatego Catinfog's POS i sklep internetowy dostosowuje si\u0119 do prawie ka\u017cdego rodzaju i wielko\u015bci firmy.<\/p>\n\t\t<\/div>\n\t\t<div class=\"row row-cols-2 row-cols-md-4\">\n\t\t\t<div class=\"col-sm-6 col-md-4 col-lg-3 mt-4\">\n\t\t\t\t<div class=\"card border-white\">\t\t\t\t\t\n\t\t\t\t\t<div class=\"card-body\">\n\t\t\t\t\t\t<a href=\"\/tpv\/tienda-ropa.php\"><img decoding=\"async\" src=\"\/wp-content\/uploads\/imagenes\/comercios\/tpv-tienda-de-ropa-miniatura-b.jpg\" alt=\"Sklep odzie\u017cowy POS\" class=\"card-img-top mb-2\" \/><h3 class=\"card-title\">Sklepy odzie\u017cowe<\/h3><\/a>\n\t\t\t\t\t\t<p class=\"card-text\">Zarz\u0105dzaj swoim butikiem \u0142atwo i z chmury. \u0141atwo zarz\u0105dzaj rozmiarami i kolorami.<\/p>\n\t\t\t\t\t<\/div>\n\t\t\t\t<\/div>\n\t\t\t<\/div>\n\t\t\t<div class=\"col-sm-6 col-md-4 col-lg-3 mt-4\">\n\t\t\t\t<div class=\"card border-white\">\t\t\t\t\t\n\t\t\t\t\t<div class=\"card-body\">\n\t\t\t\t\t\t<a href=\"\/tpv\/panaderia.php\"><img decoding=\"async\" src=\"\/wp-content\/uploads\/imagenes\/comercios\/tpv-panaderia-miniatura-b.jpg\" alt=\"POS dla piekarni\" class=\"card-img-top mb-2\" \/><h3 class=\"card-title\">Piekarnie<\/h3><\/a>\n\t\t\t\t\t\t<p class=\"card-text\">Sprzeda\u017c chleba i ciastek to zadanie, kt\u00f3re wymaga dodatkowego wysi\u0142ku organizacyjnego.<\/p>\n\t\t\t\t\t<\/div>\n\t\t\t\t<\/div>\n\t\t\t<\/div>\n\t\t\t<div class=\"col-sm-6 col-md-4 col-lg-3 mt-4\">\n\t\t\t\t<div class=\"card border-white\">\t\t\t\t\t\n\t\t\t\t\t<div class=\"card-body\">\n\t\t\t\t\t\t<a href=\"\/tpv\/zapateria.php\"><img decoding=\"async\" src=\"\/wp-content\/uploads\/imagenes\/comercios\/tpv-zapateria-miniatura-b.jpg\" alt=\"tpv zapateria\" class=\"card-img-top mb-2\" \/><h3 class=\"card-title\">Sklepy obuwnicze<\/h3><\/a>\n\t\t\t\t\t\t<p class=\"card-text\">Prowadzenie sklepu obuwniczego wymaga bardzo uporz\u0105dkowanego magazynu i szybko\u015bci dzia\u0142ania przed klientem.<\/p>\n\t\t\t\t\t<\/div>\n\t\t\t\t<\/div>\n\t\t\t<\/div>\n\t\t\t<div class=\"col-sm-6 col-md-4 col-lg-3 mt-4\">\n\t\t\t\t<div class=\"card border-white\">\t\t\t\t\t\n\t\t\t\t\t<div class=\"card-body\">\n\t\t\t\t\t\t<a href=\"\/tpv\/cafeteria.php\"><img decoding=\"async\" src=\"\/wp-content\/uploads\/imagenes\/comercios\/tpv-cafeteria-miniatura-b.jpg\" alt=\"Kafeteria POS\" class=\"card-img-top mb-2\" \/><h3 class=\"card-title\">Kafeteria<\/h3><\/a>\n\t\t\t\t\t\t<p class=\"card-text\">Serwowanie setek kaw przy ka\u017cdym \u015bniadaniu wymaga ogromnej koncentracji i szybko\u015bci.<\/p>\n\t\t\t\t\t<\/div>\n\t\t\t\t<\/div>\n\t\t\t<\/div>\n\t\t<\/div>\n\t\t<a href=\"\/tpv#comercio\" class=\"btn btn-secondary btn-lg mt-3\">Inne sektory<\/a>\n <\/div>\n<\/section>\n\n\n\n\n\n\n<section class=\"jumbotron intermedio-rojo bg-catinfog text-center text-white\">\n <div class=\"container\">\n <h2><strong>\u0141atwe<\/strong>, wydajne i zsynchronizowane z chmur\u0105<\/h2>\n <p>Drukowanie bilet\u00f3w lub faktur, \u015bledzenie zapas\u00f3w i klient\u00f3w <strong>powinno by\u0107 czym\u015b \u0142atwym i prostym<\/strong>. Nie komplikuj sobie \u017cycia superkompleksowymi programami i skup si\u0119 na swoim biznesie dzi\u0119ki POS, kt\u00f3ry dzia\u0142a w 100% w chmurze.<\/p>\n <ul class=\"list1\">\n <li> Sprzedawaj za pomoc\u0105 systemu tpv w dowolnym miejscu i z dowolnego urz\u0105dzenia.<\/li>\n <li> Nie wymaga instalacji. Zacznij wyp\u0142aca\u0107 pieni\u0105dze ju\u017c teraz.<\/li>\n <li> Gdziekolwiek jeste\u015b, b\u0119dziesz m\u00f3g\u0142 obserwowa\u0107 rozw\u00f3j sprzeda\u017cy w swoim sklepie.<\/li>\n <\/ul>\n <\/div>\n<\/section>\n\n\n\n\n<section class=\"jumbotron bg-white text-center pt-6\">\n <div class=\"container\">\n <h2>Najcz\u0119\u015bciej czytane artyku\u0142y na blogu<\/h2>\n <div class=\"cuerpopadding mb-5\">\n <p>Je\u015bli chcesz mie\u0107 sw\u00f3j biznes na bie\u017c\u0105co, mo\u017cesz odwiedzi\u0107 nasz blog, gdzie uczymy Ci\u0119 wszelkiego rodzaju sztuczek, dekoracji witryn sklepowych, nowych sposob\u00f3w promowania si\u0119, itp.<\/p>\n<\/div>\n <div class=\"row row-cols-2 row-cols-md-4\">\n <div class=\"col-sm-6 col-md-4 col-lg-3 mt-4\">\n <div class=\"card\">\n <img decoding=\"async\" src=\"\/wp-content\/uploads\/2018\/11\/arqueo-caja-1-300x166.jpg\" class=\"card-img-top\" alt=\"Najlepsze wyp\u0142aty got\u00f3wkowe\" \/>\n <div class=\"card-body\">\n <h5 class=\"card-title\">30 przyk\u0142ad\u00f3w rachunku przep\u0142yw\u00f3w pieni\u0119\u017cnych<\/h5>\n <p class=\"card-text\">Kompilacja najlepszych paragon\u00f3w fiskalnych, kt\u00f3re mo\u017cna spotka\u0107 w sklepach.<br \/>\n <a href=\"\/arqueo-de-caja\/\">Czytaj wi\u0119cej<\/a><\/p>\n <\/div>\n <\/div>\n <\/div>\n <div class=\"col-sm-6 col-md-4 col-lg-3 mt-4\">\n <div class=\"card\">\n <img decoding=\"async\" src=\"\/wp-content\/uploads\/2017\/08\/mejores-tpv-gratis-1-300x177.jpg\" class=\"card-img-top\" alt=\"najlepsze oprogramowanie POS\" \/>\n <div class=\"card-body\">\n <h5 class=\"card-title\">35 Oprogramowanie POS do zarz\u0105dzania sklepami fizycznymi<\/h5>\n <p class=\"card-text\">\n Przetestowali\u015bmy 35 program\u00f3w POS, aby\u015b nie musia\u0142 tego robi\u0107.<br \/>\n <a href=\"\/mejores-programas-tpv-gratis\/\">Czytaj wi\u0119cej<\/a>\n <\/p>\n <\/div>\n <\/div>\n <\/div>\n <div class=\"col-sm-6 col-md-4 col-lg-3 mt-4\">\n <div class=\"card\">\n <img decoding=\"async\" src=\"\/wp-content\/uploads\/2019\/02\/100-ejemplos-de-tickets-1-300x166.jpg\" class=\"card-img-top\" alt=\"Odbi\u00f3r 100 bilet\u00f3w zakupu\" \/>\n <div class=\"card-body\">\n <h5 class=\"card-title\">100 bilet\u00f3w na zakupy w znanych sklepach<\/h5>\n <p class=\"card-text\">Zbi\u00f3r bilet\u00f3w zakupu od najbardziej popularnych sprzedawc\u00f3w.<br\/><a href=\"\/ticket-compra\/\">Czytaj wi\u0119cej<\/a><\/p>\n <\/div>\n <\/div>\n <\/div>\n <div class=\"col-sm-6 col-md-4 col-lg-3 mt-4\">\n <div class=\"card\">\n <img decoding=\"async\" src=\"https:\/\/catinfog.com\/wp-content\/uploads\/2020\/12\/herramienta-crear-tienda-online.jpg\" class=\"card-img-top\" alt=\"20 stron do stworzenia sklepu internetowego\" \/>\n <div class=\"card-body\">\n <h5 class=\"card-title\">20 stron do stworzenia sklepu internetowego<\/h5>\n <p class=\"card-text\">Przetestowali\u015bmy 20 drukarek paragonowych i por\u00f3wnali\u015bmy je.<br\/><a href=\"https:\/\/catinfog.com\/crear-tienda-online\/\">Czytaj wi\u0119cej<\/a><\/p>\n\n <\/div>\n <\/div>\n <\/div>\n <\/div>\n <\/div>\n\n<\/section>\n\n\n\n\n\n<section class=\"jumbotron bg-danger text-white pt-6\">\n <div class=\"container\">\n <div class=\"row\">\n <div class=\"col-md-12 text-center\">\n <form class=\"text-center\">\n <ul class=\"list-inline list-icons\">\n <li class=\"list-inline-item\">\n <i class=\"devicons devicons-css3\"><\/i>\n <input class=\"star star-5\" id=\"star-5\" type=\"radio\" name=\"star\">\n <label class=\"star star-5\" for=\"star-5\"><\/label>\n <\/li>\n <li class=\"list-inline-item\">\n <i class=\"devicons devicons-css3\"><\/i>\n <input class=\"star star-4\" id=\"star-4\" type=\"radio\" name=\"star\">\n <label class=\"star star-4\" for=\"star-4\"><\/label>\n <\/li>\n <li class=\"list-inline-item\">\n <i class=\"devicons devicons-css3\"><\/i>\n <input class=\"star star-3\" id=\"star-3\" type=\"radio\" name=\"star\">\n <label class=\"star star-3\" for=\"star-3\"><\/label>\n <\/li>\n <li class=\"list-inline-item\">\n <i class=\"devicons devicons-css3\"><\/i>\n <input class=\"star star-2\" id=\"star-2\" type=\"radio\" name=\"star\">\n <label class=\"star star-2\" for=\"star-2\"><\/label>\n <\/li>\n <li class=\"list-inline-item\">\n <i class=\"devicons devicons-css3\"><\/i>\n <input class=\"star star-1\" id=\"star-1\" type=\"radio\" name=\"star\">\n <label class=\"star star-1\" for=\"star-1\"><\/label>\n <\/li>\n <\/ul>\n <\/form>\n <p>[Total:3 Promedio:4.6\/5]*<br>*Para votar necesita iniciar sesi\u00f3n<p>\n <\/div>\n <div class=\"col-md-12\">\n <div class=\"row\">\n <div class=\"col-md-4 mb-3\">\n <div class=\"card sombreadocard text-center bg-white border-0 rounded-0\">\n <div class=\"card-body text-dark\">\n <img decoding=\"async\" class=\"img-fluid rounded-circle mb-3\" src=\"\/wp-content\/uploads\/imagenes\/maria-jose-esparza.jpg\" alt=\"klient catinfog\">\n <p>&#9733; &#9733; &#9733; &#9733; &#9733;<\/p>\n <p>\"Dzi\u0119ki Catinfog mo\u017cemy obs\u0142ugiwa\u0107 klient\u00f3w jednocze\u015bnie przy barze, przy stolikach i na tarasie.\"<\/p>\n <p class=\"text-danger nombreclient\">Maria Jos\u00e9 Esparza - Cafeter\u00eda Lizarralde<\/p>\n <\/div>\n <\/div>\n <\/div>\n <div class=\"col-md-4 mb-3\">\n <div class=\"card sombreadocard text-center bg-white border-0 rounded-0\">\n <div class=\"card-body text-dark\">\n <img decoding=\"async\" class=\"img-fluid rounded-circle mb-3\" src=\"\/wp-content\/uploads\/imagenes\/miguel-alvarez.jpg\" alt=\"klient catinfog\">\n <p>&#9733; &#9733; &#9733; &#9733; &#9733;<\/p>\n <p>\"Dla mnie najlepsze jest to, \u017ce mog\u0119 obserwowa\u0107 z ka\u017cdego miejsca i za pomoc\u0105 mojego telefonu kom\u00f3rkowego, jak przebiega sprzeda\u017c w danym dniu.\"<\/p>\n <p class=\"text-danger nombreclient\">Miguel \u00c1lvarez - Hombre de Etiqueta<\/p>\n <\/div>\n <\/div>\n <\/div>\n <div class=\"col-md-4 mb-3\">\n <div class=\"card sombreadocard text-center bg-white border-0 rounded-0\">\n <div class=\"card-body text-dark\">\n <img decoding=\"async\" class=\"img-fluid rounded-circle mb-3\" src=\"\/wp-content\/uploads\/imagenes\/estrella-royo.jpg\" alt=\"klient catinfog\">\n <p>&#9733; &#9733; &#9733; &#9733; &#9733;<\/p>\n <p>\"Busc\u00e1bamos poder vender por internet con una tienda online conectada al almac\u00e9n del programa tpv.\"<\/p>\n <p class=\"text-danger nombreclient\">Estrella Royo - Boutique A mi manera<\/p>\n <\/div>\n <\/div>\n <\/div>\n <\/div>\n <\/div>\n <\/div>\n <div class=\"row text-white\">\n <div class=\"col-md-12 text-center mt-6\">\n <div class=\"cuerpopadding\">\n <h3>Wypr\u00f3buj go przez 14 dni. Twoja firma b\u0119dzie Ci wdzi\u0119czna<\/h3>\n <p>Je\u015bli dotar\u0142e\u015b tak daleko, to dlatego, \u017ce jeste\u015b zainteresowany tym, co m\u00f3wimy ci.<br>Wi\u0119c spr\u00f3buj Catinfog przez 14 dni za darmo i przekonaj si\u0119 na pewno.<\/p>\n <a href=\"\/precios.html\" ><button type=\"button\" class=\"btn btn-secondary my-3 btn-lg\">Zacznij teraz!<\/button><\/a>\n <\/div>\n <\/div>\n <\/div>\n <\/div>\n<\/section>\n","protected":false},"excerpt":{"rendered":"<p>Oprogramowanie POS + Sklep internetowypro\u015bciej i \u0142atwiej Catinfog jest super \u0142atwym w u\u017cyciu oprogramowaniem POS, dzi\u0119ki kt\u00f3remu mo\u017cesz zorganizowa\u0107 sprzeda\u017c w swoim fizycznym sklepie a tak\u017ce online. Zacznij teraz za darmo Ponad 9000 sprzedawc\u00f3w na ca\u0142ym \u015bwiecie u\u017cywa go do zarz\u0105dzania swoimi sklepami. Przez ostatnie 4 lata pomogli\u015bmy wielu, wielu sklepom w rozpocz\u0119ciu i rozwoju [&#8230;]<\/p>\n<p><a class=\"btn btn-secondary understrap-read-more-link\" href=\"https:\/\/catinfog.com\/pl\/\">Czytaj dalej\u2026<span class=\"screen-reader-text\"> from Home<\/span><\/a><\/p>\n","protected":false},"author":1,"featured_media":0,"parent":0,"menu_order":0,"comment_status":"closed","ping_status":"closed","template":"","meta":{"footnotes":""},"class_list":["post-7215","page","type-page","status-publish","hentry"],"yoast_head":"\n<title>Home - Catinfog<\/title>\n<meta name=\"robots\" content=\"index, follow, max-snippet:-1, max-image-preview:large, max-video-preview:-1\" \/>\n<link rel=\"canonical\" href=\"https:\/\/catinfog.com\/pl\/\" \/>\n<meta property=\"og:locale\" content=\"pl_PL\" \/>\n<meta property=\"og:type\" content=\"article\" \/>\n<meta property=\"og:title\" content=\"Home - Catinfog\" \/>\n<meta property=\"og:description\" content=\"Oprogramowanie POS + Sklep internetowypro\u015bciej i \u0142atwiej Catinfog jest super \u0142atwym w u\u017cyciu oprogramowaniem POS, dzi\u0119ki kt\u00f3remu mo\u017cesz zorganizowa\u0107 sprzeda\u017c w swoim fizycznym sklepie a tak\u017ce online. Zacznij teraz za darmo Ponad 9000 sprzedawc\u00f3w na ca\u0142ym \u015bwiecie u\u017cywa go do zarz\u0105dzania swoimi sklepami. Przez ostatnie 4 lata pomogli\u015bmy wielu, wielu sklepom w rozpocz\u0119ciu i rozwoju [...]Czytaj dalej\u2026 from Home\" \/>\n<meta property=\"og:url\" content=\"https:\/\/catinfog.com\/pl\/\" \/>\n<meta property=\"og:site_name\" content=\"Catinfog\" \/>\n<meta property=\"article:modified_time\" content=\"2021-03-23T16:03:14+00:00\" \/>\n<meta property=\"og:image\" content=\"https:\/\/catinfog.com\/wp-content\/uploads\/2020\/09\/flecha-derecha-1.png\" \/>\n<meta name=\"twitter:card\" content=\"summary_large_image\" \/>\n<meta name=\"twitter:label1\" content=\"Szacowany czas czytania\" \/>\n\t<meta name=\"twitter:data1\" content=\"4 minuty\" \/>\n<script type=\"application\/ld+json\" class=\"yoast-schema-graph\">{\"@context\":\"https:\/\/schema.org\",\"@graph\":[{\"@type\":\"WebPage\",\"@id\":\"https:\/\/catinfog.com\/pl\/\",\"url\":\"https:\/\/catinfog.com\/pl\/\",\"name\":\"Home - Catinfog\",\"isPartOf\":{\"@id\":\"https:\/\/catinfog.com\/#website\"},\"primaryImageOfPage\":{\"@id\":\"https:\/\/catinfog.com\/pl\/#primaryimage\"},\"image\":{\"@id\":\"https:\/\/catinfog.com\/pl\/#primaryimage\"},\"thumbnailUrl\":\"https:\/\/catinfog.com\/wp-content\/uploads\/2020\/09\/flecha-derecha-1.png\",\"datePublished\":\"2021-03-06T11:52:42+00:00\",\"dateModified\":\"2021-03-23T16:03:14+00:00\",\"breadcrumb\":{\"@id\":\"https:\/\/catinfog.com\/pl\/#breadcrumb\"},\"inLanguage\":\"pl-PL\",\"potentialAction\":[{\"@type\":\"ReadAction\",\"target\":[\"https:\/\/catinfog.com\/pl\/\"]}]},{\"@type\":\"ImageObject\",\"inLanguage\":\"pl-PL\",\"@id\":\"https:\/\/catinfog.com\/pl\/#primaryimage\",\"url\":\"https:\/\/catinfog.com\/wp-content\/uploads\/2020\/09\/flecha-derecha-1.png\",\"contentUrl\":\"https:\/\/catinfog.com\/wp-content\/uploads\/2020\/09\/flecha-derecha-1.png\"},{\"@type\":\"BreadcrumbList\",\"@id\":\"https:\/\/catinfog.com\/pl\/#breadcrumb\",\"itemListElement\":[{\"@type\":\"ListItem\",\"position\":1,\"name\":\"Portada\",\"item\":\"https:\/\/catinfog.com\/pl\/\"},{\"@type\":\"ListItem\",\"position\":2,\"name\":\"Home\"}]},{\"@type\":\"WebSite\",\"@id\":\"https:\/\/catinfog.com\/#website\",\"url\":\"https:\/\/catinfog.com\/\",\"name\":\"Catinfog\",\"description\":\"Catinfog es un programa TPV para gestionar f\u00e1cilmente las ventas de una tienda f\u00edsica. Vende desde el M\u00f3vil o el Pc, acepta pagos e imprime Tickets. Fideliza a tus clientes de una forma moderna y potente desde la nube.\",\"potentialAction\":[{\"@type\":\"SearchAction\",\"target\":{\"@type\":\"EntryPoint\",\"urlTemplate\":\"https:\/\/catinfog.com\/?s={search_term_string}\"},\"query-input\":{\"@type\":\"PropertyValueSpecification\",\"valueRequired\":true,\"valueName\":\"search_term_string\"}}],\"inLanguage\":\"pl-PL\"}]}<\/script>\n","yoast_head_json":{"title":"Home - Catinfog","robots":{"index":"index","follow":"follow","max-snippet":"max-snippet:-1","max-image-preview":"max-image-preview:large","max-video-preview":"max-video-preview:-1"},"canonical":"https:\/\/catinfog.com\/pl\/","og_locale":"pl_PL","og_type":"article","og_title":"Home - Catinfog","og_description":"Oprogramowanie POS + Sklep internetowypro\u015bciej i \u0142atwiej Catinfog jest super \u0142atwym w u\u017cyciu oprogramowaniem POS, dzi\u0119ki kt\u00f3remu mo\u017cesz zorganizowa\u0107 sprzeda\u017c w swoim fizycznym sklepie a tak\u017ce online. Zacznij teraz za darmo Ponad 9000 sprzedawc\u00f3w na ca\u0142ym \u015bwiecie u\u017cywa go do zarz\u0105dzania swoimi sklepami. Przez ostatnie 4 lata pomogli\u015bmy wielu, wielu sklepom w rozpocz\u0119ciu i rozwoju [...]Czytaj dalej\u2026 from Home","og_url":"https:\/\/catinfog.com\/pl\/","og_site_name":"Catinfog","article_modified_time":"2021-03-23T16:03:14+00:00","og_image":[{"url":"https:\/\/catinfog.com\/wp-content\/uploads\/2020\/09\/flecha-derecha-1.png","type":"","width":"","height":""}],"twitter_card":"summary_large_image","twitter_misc":{"Szacowany czas czytania":"4 minuty"},"schema":{"@context":"https:\/\/schema.org","@graph":[{"@type":"WebPage","@id":"https:\/\/catinfog.com\/pl\/","url":"https:\/\/catinfog.com\/pl\/","name":"Home - Catinfog","isPartOf":{"@id":"https:\/\/catinfog.com\/#website"},"primaryImageOfPage":{"@id":"https:\/\/catinfog.com\/pl\/#primaryimage"},"image":{"@id":"https:\/\/catinfog.com\/pl\/#primaryimage"},"thumbnailUrl":"https:\/\/catinfog.com\/wp-content\/uploads\/2020\/09\/flecha-derecha-1.png","datePublished":"2021-03-06T11:52:42+00:00","dateModified":"2021-03-23T16:03:14+00:00","breadcrumb":{"@id":"https:\/\/catinfog.com\/pl\/#breadcrumb"},"inLanguage":"pl-PL","potentialAction":[{"@type":"ReadAction","target":["https:\/\/catinfog.com\/pl\/"]}]},{"@type":"ImageObject","inLanguage":"pl-PL","@id":"https:\/\/catinfog.com\/pl\/#primaryimage","url":"https:\/\/catinfog.com\/wp-content\/uploads\/2020\/09\/flecha-derecha-1.png","contentUrl":"https:\/\/catinfog.com\/wp-content\/uploads\/2020\/09\/flecha-derecha-1.png"},{"@type":"BreadcrumbList","@id":"https:\/\/catinfog.com\/pl\/#breadcrumb","itemListElement":[{"@type":"ListItem","position":1,"name":"Portada","item":"https:\/\/catinfog.com\/pl\/"},{"@type":"ListItem","position":2,"name":"Home"}]},{"@type":"WebSite","@id":"https:\/\/catinfog.com\/#website","url":"https:\/\/catinfog.com\/","name":"Catinfog","description":"Catinfog es un programa TPV para gestionar f\u00e1cilmente las ventas de una tienda f\u00edsica. Vende desde el M\u00f3vil o el Pc, acepta pagos e imprime Tickets. Fideliza a tus clientes de una forma moderna y potente desde la nube.","potentialAction":[{"@type":"SearchAction","target":{"@type":"EntryPoint","urlTemplate":"https:\/\/catinfog.com\/?s={search_term_string}"},"query-input":{"@type":"PropertyValueSpecification","valueRequired":true,"valueName":"search_term_string"}}],"inLanguage":"pl-PL"}]}},"_links":{"self":[{"href":"https:\/\/catinfog.com\/pl\/wp-json\/wp\/v2\/pages\/7215","targetHints":{"allow":["GET"]}}],"collection":[{"href":"https:\/\/catinfog.com\/pl\/wp-json\/wp\/v2\/pages"}],"about":[{"href":"https:\/\/catinfog.com\/pl\/wp-json\/wp\/v2\/types\/page"}],"author":[{"embeddable":true,"href":"https:\/\/catinfog.com\/pl\/wp-json\/wp\/v2\/users\/1"}],"replies":[{"embeddable":true,"href":"https:\/\/catinfog.com\/pl\/wp-json\/wp\/v2\/comments?post=7215"}],"version-history":[{"count":0,"href":"https:\/\/catinfog.com\/pl\/wp-json\/wp\/v2\/pages\/7215\/revisions"}],"wp:attachment":[{"href":"https:\/\/catinfog.com\/pl\/wp-json\/wp\/v2\/media?parent=7215"}],"curies":[{"name":"wp","href":"https:\/\/api.w.org\/{rel}","templated":true}]}}