{"id":7220,"date":"2021-03-06T12:38:51","date_gmt":"2021-03-06T12:38:51","guid":{"rendered":"https:\/\/catinfog.com\/?page_id=7220"},"modified":"2021-03-06T12:38:53","modified_gmt":"2021-03-06T12:38:53","slug":"inicio","status":"publish","type":"page","link":"https:\/\/catinfog.com\/pt-pt\/","title":{"rendered":"In\u00edcio"},"content":{"rendered":"\n<section class=\"jumbotron bg-white text-center pb-0\">\n<div class=\"container\">\n<h1 class=\"jumbotron-heading font-weight-bold\">Software Tpv + Loja Online <br><span class=\"subrayado-cool\">mais simples e f\u00e1cil<\/span><\/h1>\n<div class=\"cuerpopadding\">\n<p class=\"subtitulo pt-3\">Catinfog \u00e9 um software POS <strong>super f\u00e1cil de manusear<\/strong> com o qual poder\u00e1 organizar as vendas da sua loja f\u00edsica <strong>e tamb\u00e9m online<\/strong>.<p>\n<a class=\"btn btn-danger text-white btn-lg mt-3\" href=\"\/regus\/registro.php\">Comece agora de gra\u00e7a<\/a>\n<\/div>\n<div class=\"row justify-content-md-center\">\n<div class=\"col col-md-8 mt-1\">\n<style>\n.youtube img {\n width: 100%;\n top: -16.82%;\n left: 0;\n opacity: 0.9;\n}\n<\/style>\n<div class=\"wrapper\">\n <div class=\"youtube\" data-embed=\"HUaappCgWco\">\n <div class=\"play-button\"><\/div>\n <\/div>\n<\/div>\n\n<script>\n( function() {\n\n var youtube = document.querySelectorAll( \".youtube\" );\n \n for (var i = 0; i < youtube.length; i++) {\n \n var source = \"https:\/\/img.youtube.com\/vi\/\"+ youtube[i].dataset.embed +\"\/sddefault.jpg\";\n \n var image = new Image();\n image.src = source;\n image.addEventListener( \"load\", function() {\n youtube[ i ].appendChild( image );\n }( i ) );\n \n youtube[i].addEventListener( \"click\", function() {\n\n var iframe = document.createElement( \"iframe\" );\n\n iframe.setAttribute( \"frameborder\", \"0\" );\n iframe.setAttribute( \"allowfullscreen\", \"\" );\n iframe.setAttribute( \"src\", \"https:\/\/www.youtube.com\/embed\/\"+ this.dataset.embed +\"?rel=0&#038;autoplay=1\" );\n\n this.innerHTML = \"\";\n this.appendChild( iframe );\n } ); \n };\n \n} )();\n<\/script>\n\n<\/div>\n<\/div>\n\n\n<div class=\"row mb-5\">\n<div class=\"col-md-12 mt-4 mb-4\"><h3>Mais de 9.000 retalhistas em todo o mundo utilizam-no para gerir as suas lojas.<\/h3><p>Nos \u00faltimos 4 anos temos ajudado muitas lojas a iniciar e a fazer crescer o seu neg\u00f3cio.<\/p><\/div>\n<div class=\"col-6 col-md-3\">\n<p><span style=\"color:#ffde6e;font-size:30px;\">&#9733;&#9733;&#9733;&#9733;&#9733;<\/span><br>\n<span style=\"font-size: 1em; font-weight: 600; color: #828282;\">\"Diferente dos outros devido \u00e0 sua simplicidade.\"<\/span><\/p>\n<\/div>\n<div class=\"col-6 col-md-3\">\n<p><span style=\"color:#ffde6e;font-size:30px;\">&#9733;&#9733;&#9733;&#9733;&#9733;<\/span><br>\n<span style=\"font-size: 1em; font-weight: 600; color: #828282;\">\"Moderno e avan\u00e7ado.\"<\/span><\/p>\n<\/div>\n<div class=\"col-6 col-md-3\">\n<p><span style=\"color:#ffde6e;font-size:30px;\">&#9733;&#9733;&#9733;&#9733;&#9733;<\/span><br>\n<span style=\"font-size: 1em; font-weight: 600; color: #828282;\">\"Adaptado aos tempos actuais.\"<\/span><\/p>\n<\/div>\n<div class=\"col-6 col-md-3\">\n<p><span style=\"color:#ffde6e;font-size:30px;\">&#9733;&#9733;&#9733;&#9733;&#9733;<\/span><br>\n<span style=\"font-size: 1em; font-weight: 600; color: #828282;\">\"Perfeito para a minha pequena loja.\"<\/span><\/p>\n<\/div>\n\n<\/div>\n\n\n\n<\/div>\n<\/section>\n\n\n\n\n<section class=\"jumbotron bg-white mt-2 mt-md-5 pt-2 pt-md-5\">\n <div class=\"container\">\n\t<div class=\"row mt-5\">\n\t\t<div class=\"col-md-6 align-self-center\">\n\t\t\t<h2>O POS mais f\u00e1cil de usar do mundo<\/h2>\n\t\t\t<p>Gerir a sua loja f\u00edsica da forma mais f\u00e1cil. Pode dedicar-se a vender em vez de passar incont\u00e1veis horas a aprender a utilizar um software.<br>O nosso POS \u00e9 utilizado exclusivamente para controlar as vendas e devolu\u00e7\u00f5es, o armaz\u00e9m e a caixa registadora.<br><br><a class=\"text-danger\" href=\"\/tpv\/\"><u>Ver como funciona o POS <img decoding=\"async\" src=\"https:\/\/catinfog.com\/wp-content\/uploads\/2020\/09\/flecha-derecha-1.png\"><\/u><\/a><\/p>\n\t\t\t\n\t\t<\/div>\n\t\t<div class=\"col-md-6\">\n\t\t\t<img decoding=\"async\" src=\"https:\/\/catinfog.com\/wp-content\/uploads\/2020\/09\/programa-tpv.jpg\">\n\t\t<\/div>\n\t<\/div>\n <\/div>\n<\/section>\n\n\n\n<section class=\"jumbotron bg-white mt-2 mt-md-4\">\n <div class=\"container\">\n\t<div class=\"row mt-2 mt-md-5\">\n\t<div class=\"col-md-6\">\n\t\t\t<img decoding=\"async\" src=\"https:\/\/catinfog.com\/wp-content\/uploads\/2020\/09\/tienda-online.jpg\">\n\t\t<\/div>\n\t\t<div class=\"col-md-6 align-self-center mt-3 mt-md-0\">\n\t\t\t<h2>Uma Loja Online ligada ao armaz\u00e9m POS<\/h2>\n\t\t\t<p>A Catinfog n\u00e3o \u00e9 apenas um POS. \u00c9 tamb\u00e9m uma Loja Online. Vem pr\u00e9-configurado e n\u00e3o ter\u00e1 de gastar sequer 5 minutos para o configurar.<br>O POS e a loja online est\u00e3o totalmente sincronizados e utilizam os mesmos produtos, clientes, facturas, categorias, ofertas...<br><br><a class=\"text-danger\" href=\"\/tienda-online\/\"><u>Ver como funciona a Loja Online <img decoding=\"async\" src=\"https:\/\/catinfog.com\/wp-content\/uploads\/2020\/09\/flecha-derecha-1.png\"><\/u><\/a><\/p>\n\t\t<\/div>\n\t<\/div>\n <\/div>\n<\/section>\n<section class=\"jumbotron bg-white mt-2 mt-md-6 \">\n <div class=\"container text-center\">\n <div class=\"row\">\n <div class=\"col-md-12 text-center\">\n <h2><span class=\"subrayado-cool\">5 minutos:<\/span> \u00e9 o tempo que leva para aprender a utiliz\u00e1-lo.<\/h2>\n <div class=\"cuerpopadding\">\n <p>\n Muitas lojas n\u00e3o utilizam um POS simplesmente porque as que tentaram s\u00e3o dif\u00edceis de operar a extremos absurdos.<br><strong>Isto est\u00e1 acabado!<\/strong> <u>Um POS deve ser mais f\u00e1cil de utilizar do que um bloco de notas ou excel.<\/u><br>\n <\/p>\n <p>\n Em Catinfog <strong>garantimos<\/strong> n\u00e3o demorar\u00e1 mais de 5 minutos a aprender como utilizar o nosso POS.\n <\/p>\n <\/div>\n <\/div>\n<img decoding=\"async\" src=\"https:\/\/catinfog.com\/wp-content\/uploads\/2020\/10\/tpv-accion-5.jpg\" class=\"text-center img-fluid mt-4 px-md-5\" alt=\"POS f\u00e1cil de aprender\">\n <\/div>\n \n <\/div>\n<\/section>\n\n\n\n\n\n\n\n\n\n\n\n\n\n\n\n\n\n<section class=\"jumbotron bg-white text-center pt-6\">\n <div class=\"container\">\n <h2>Para <span class=\"subrayado-cool\">qualquer tipo de com\u00e9rcio<\/span><\/h2>\n <div class=\"cuerpopadding mb-5\">\n\t\t\t<p>N\u00e3o existe uma vers\u00e3o diferente de Catinfog para cada ind\u00fastria. A nossa experi\u00eancia diz-nos que n\u00e3o importa que tipo de neg\u00f3cio tenha, simples \u00e9 sempre a melhor op\u00e7\u00e3o.<br>\u00c9 por isso que o POS e a loja online da Catinfog se adaptam a quase todos os tipos e tamanhos de neg\u00f3cio.<\/p>\n\t\t<\/div>\n\t\t<div class=\"row row-cols-2 row-cols-md-4\">\n\t\t\t<div class=\"col-sm-6 col-md-4 col-lg-3 mt-4\">\n\t\t\t\t<div class=\"card border-white\">\t\t\t\t\t\n\t\t\t\t\t<div class=\"card-body\">\n\t\t\t\t\t\t<a href=\"\/tpv\/tienda-ropa.php\"><img decoding=\"async\" src=\"\/wp-content\/uploads\/imagenes\/comercios\/tpv-tienda-de-ropa-miniatura-b.jpg\" alt=\"tpv tienda de ropa\" class=\"card-img-top mb-2\" \/><h3 class=\"card-title\">Lojas de roupa<\/h3><\/a>\n\t\t\t\t\t\t<p class=\"card-text\">Gerir a sua boutique facilmente e a partir da nuvem. Gerir tamanhos e cores facilmente.<\/p>\n\t\t\t\t\t<\/div>\n\t\t\t\t<\/div>\n\t\t\t<\/div>\n\t\t\t<div class=\"col-sm-6 col-md-4 col-lg-3 mt-4\">\n\t\t\t\t<div class=\"card border-white\">\t\t\t\t\t\n\t\t\t\t\t<div class=\"card-body\">\n\t\t\t\t\t\t<a href=\"\/tpv\/panaderia.php\"><img decoding=\"async\" src=\"\/wp-content\/uploads\/imagenes\/comercios\/tpv-panaderia-miniatura-b.jpg\" alt=\"Padaria POS\" class=\"card-img-top mb-2\" \/><h3 class=\"card-title\">Padarias<\/h3><\/a>\n\t\t\t\t\t\t<p class=\"card-text\">Vender p\u00e3o e pastelaria \u00e9 uma tarefa que requer um esfor\u00e7o extra em organiza\u00e7\u00e3o.<\/p>\n\t\t\t\t\t<\/div>\n\t\t\t\t<\/div>\n\t\t\t<\/div>\n\t\t\t<div class=\"col-sm-6 col-md-4 col-lg-3 mt-4\">\n\t\t\t\t<div class=\"card border-white\">\t\t\t\t\t\n\t\t\t\t\t<div class=\"card-body\">\n\t\t\t\t\t\t<a href=\"\/tpv\/zapateria.php\"><img decoding=\"async\" src=\"\/wp-content\/uploads\/imagenes\/comercios\/tpv-zapateria-miniatura-b.jpg\" alt=\"POS Sapatarias\" class=\"card-img-top mb-2\" \/><h3 class=\"card-title\">Sapatarias<\/h3><\/a>\n\t\t\t\t\t\t<p class=\"card-text\">A gest\u00e3o de uma sapataria requer um armaz\u00e9m muito arrumado e rapidez de execu\u00e7\u00e3o em frente ao cliente.<\/p>\n\t\t\t\t\t<\/div>\n\t\t\t\t<\/div>\n\t\t\t<\/div>\n\t\t\t<div class=\"col-sm-6 col-md-4 col-lg-3 mt-4\">\n\t\t\t\t<div class=\"card border-white\">\t\t\t\t\t\n\t\t\t\t\t<div class=\"card-body\">\n\t\t\t\t\t\t<a href=\"\/tpv\/cafeteria.php\"><img decoding=\"async\" src=\"\/wp-content\/uploads\/imagenes\/comercios\/tpv-cafeteria-miniatura-b.jpg\" alt=\"POS Refeit\u00f3rios\" class=\"card-img-top mb-2\" \/><h3 class=\"card-title\">Refeit\u00f3rios<\/h3><\/a>\n\t\t\t\t\t\t<p class=\"card-text\">Servir centenas de caf\u00e9s ao pequeno-almo\u00e7o requer grande concentra\u00e7\u00e3o e rapidez.<\/p>\n\t\t\t\t\t<\/div>\n\t\t\t\t<\/div>\n\t\t\t<\/div>\n\t\t<\/div>\n\t\t<a href=\"\/tpv#comercio\" class=\"btn btn-secondary btn-lg mt-3\">Outros Sectores<\/a>\n <\/div>\n<\/section>\n\n\n\n\n\n\n<section class=\"jumbotron intermedio-rojo bg-catinfog text-center text-white\">\n <div class=\"container\">\n <h2><strong>F\u00e1cil<\/strong>, Poderoso e sincronizado com a nuvem<\/h2>\n <p>Imprima bilhetes ou facturas, mantenha-se a par do seu stock e dos seus clientes <strong>deve ser algo f\u00e1cil e simples<\/strong>. N\u00e3o complique com programas supercomplexos e concentre-se no seu neg\u00f3cio gra\u00e7as a um POS que funciona a 100% na nuvem.<\/p>\n <ul class=\"list1\">\n <li> Venda com a sua tv em qualquer lugar e a partir de qualquer dispositivo.<\/li>\n <li> N\u00e3o \u00e9 necess\u00e1ria instala\u00e7\u00e3o. Comece a descontar agora mesmo.<\/li>\n <li> Onde quer que esteja, poder\u00e1 ver a evolu\u00e7\u00e3o das vendas da sua loja.<\/li>\n <\/ul>\n <\/div>\n<\/section>\n\n\n\n\n<section class=\"jumbotron bg-white text-center pt-6\">\n <div class=\"container\">\n <h2>Os artigos mais lidos do blogue<\/h2>\n <div class=\"cuerpopadding mb-5\">\n <p>Se quiser ter o seu neg\u00f3cio actualizado, pode visitar o nosso blog, onde lhe ensinamos todo o tipo de truques, decora\u00e7\u00e3o de montras, novas formas de se promover, etc...<\/p>\n<\/div>\n <div class=\"row row-cols-2 row-cols-md-4\">\n <div class=\"col-sm-6 col-md-4 col-lg-3 mt-4\">\n <div class=\"card\">\n <img decoding=\"async\" src=\"\/wp-content\/uploads\/2018\/11\/arqueo-caja-1-300x166.jpg\" class=\"card-img-top\" alt=\"Melhor sorteio de dinheiro\" \/>\n <div class=\"card-body\">\n <h5 class=\"card-title\">30 exemplos de declara\u00e7\u00e3o de fluxo de caixa<\/h5>\n <p class=\"card-text\">Compila\u00e7\u00e3o dos melhores recibos de caixa registadora que podem ser vistos nas lojas.<br \/>\n <a href=\"\/arqueo-de-caja\/\">Leia mais<\/a><\/p>\n <\/div>\n <\/div>\n <\/div>\n <div class=\"col-sm-6 col-md-4 col-lg-3 mt-4\">\n <div class=\"card\">\n <img decoding=\"async\" src=\"\/wp-content\/uploads\/2017\/08\/mejores-tpv-gratis-1-300x177.jpg\" class=\"card-img-top\" alt=\"melhor POS\" \/>\n <div class=\"card-body\">\n <h5 class=\"card-title\">35 programas POS para gerir lojas f\u00edsicas<\/h5>\n <p class=\"card-text\">\n Testamos 35 programas POS para que n\u00e3o tenha de ser voc\u00ea a faz\u00ea-lo.<br \/>\n <a href=\"\/mejores-programas-tpv-gratis\/\">Leia mais<\/a>\n <\/p>\n <\/div>\n <\/div>\n <\/div>\n <div class=\"col-sm-6 col-md-4 col-lg-3 mt-4\">\n <div class=\"card\">\n <img decoding=\"async\" src=\"\/wp-content\/uploads\/2019\/02\/100-ejemplos-de-tickets-1-300x166.jpg\" class=\"card-img-top\" alt=\"Recolha de 100 bilhetes de compra\" \/>\n <div class=\"card-body\">\n <h5 class=\"card-title\">100 Bilhetes de compras em lojas famosas<\/h5>\n <p class=\"card-text\">Recolha de bilhetes de compra junto dos retalhistas mais populares.<br\/><a href=\"\/ticket-compra\/\">Leia mais<\/a><\/p>\n <\/div>\n <\/div>\n <\/div>\n <div class=\"col-sm-6 col-md-4 col-lg-3 mt-4\">\n <div class=\"card\">\n <img decoding=\"async\" src=\"https:\/\/catinfog.com\/wp-content\/uploads\/2020\/12\/herramienta-crear-tienda-online.jpg\" class=\"card-img-top\" alt=\"20 s\u00edtios para criar uma loja online\" \/>\n <div class=\"card-body\">\n <h5 class=\"card-title\">20 s\u00edtios para criar uma loja online<\/h5>\n <p class=\"card-text\">Test\u00e1mos 20 impressoras de recibos e compar\u00e1mo-los.<br\/><a href=\"https:\/\/catinfog.com\/crear-tienda-online\/\">Leia mais<\/a><\/p>\n\n <\/div>\n <\/div>\n <\/div>\n <\/div>\n <\/div>\n\n<\/section>\n\n\n\n\n\n<section class=\"jumbotron bg-danger text-white pt-6\">\n <div class=\"container\">\n <div class=\"row\">\n <div class=\"col-md-12 text-center\">\n <form class=\"text-center\">\n <ul class=\"list-inline list-icons\">\n <li class=\"list-inline-item\">\n <i class=\"devicons devicons-css3\"><\/i>\n <input class=\"star star-5\" id=\"star-5\" type=\"radio\" name=\"star\">\n <label class=\"star star-5\" for=\"star-5\"><\/label>\n <\/li>\n <li class=\"list-inline-item\">\n <i class=\"devicons devicons-css3\"><\/i>\n <input class=\"star star-4\" id=\"star-4\" type=\"radio\" name=\"star\">\n <label class=\"star star-4\" for=\"star-4\"><\/label>\n <\/li>\n <li class=\"list-inline-item\">\n <i class=\"devicons devicons-css3\"><\/i>\n <input class=\"star star-3\" id=\"star-3\" type=\"radio\" name=\"star\">\n <label class=\"star star-3\" for=\"star-3\"><\/label>\n <\/li>\n <li class=\"list-inline-item\">\n <i class=\"devicons devicons-css3\"><\/i>\n <input class=\"star star-2\" id=\"star-2\" type=\"radio\" name=\"star\">\n <label class=\"star star-2\" for=\"star-2\"><\/label>\n <\/li>\n <li class=\"list-inline-item\">\n <i class=\"devicons devicons-css3\"><\/i>\n <input class=\"star star-1\" id=\"star-1\" type=\"radio\" name=\"star\">\n <label class=\"star star-1\" for=\"star-1\"><\/label>\n <\/li>\n <\/ul>\n <\/form>\n <p>[Total:3 Promedio:4.6\/5]*<br>*Para votar necesita iniciar sesi\u00f3n<p>\n <\/div>\n <div class=\"col-md-12\">\n <div class=\"row\">\n <div class=\"col-md-4 mb-3\">\n <div class=\"card sombreadocard text-center bg-white border-0 rounded-0\">\n <div class=\"card-body text-dark\">\n <img decoding=\"async\" class=\"img-fluid rounded-circle mb-3\" src=\"\/wp-content\/uploads\/imagenes\/maria-jose-esparza.jpg\" alt=\"cliente catinfog\">\n <p>&#9733; &#9733; &#9733; &#9733; &#9733;<\/p>\n <p>\"Com Catinfog podemos servir os clientes simultaneamente no bar, nas mesas e no terra\u00e7o.\"<\/p>\n <p class=\"text-danger nombreclient\">Maria Jos\u00e9 Esparza - Cafeter\u00eda Lizarralde<\/p>\n <\/div>\n <\/div>\n <\/div>\n <div class=\"col-md-4 mb-3\">\n <div class=\"card sombreadocard text-center bg-white border-0 rounded-0\">\n <div class=\"card-body text-dark\">\n <img decoding=\"async\" class=\"img-fluid rounded-circle mb-3\" src=\"\/wp-content\/uploads\/imagenes\/miguel-alvarez.jpg\" alt=\"cliente catinfog\">\n <p>&#9733; &#9733; &#9733; &#9733; &#9733;<\/p>\n <p>\"Para mim o melhor \u00e9 que posso ver de qualquer lugar e com o meu telem\u00f3vel como est\u00e3o a correr as vendas do dia.\"<\/p>\n <p class=\"text-danger nombreclient\">Miguel \u00c1lvarez - Hombre de Etiqueta<\/p>\n <\/div>\n <\/div>\n <\/div>\n <div class=\"col-md-4 mb-3\">\n <div class=\"card sombreadocard text-center bg-white border-0 rounded-0\">\n <div class=\"card-body text-dark\">\n <img decoding=\"async\" class=\"img-fluid rounded-circle mb-3\" src=\"\/wp-content\/uploads\/imagenes\/estrella-royo.jpg\" alt=\"cliente catinfog\"> <p>&#9733; &#9733; &#9733; &#9733; &#9733;<\/p>\n <p>\"Est\u00e1vamos \u00e0 procura de poder vender online com uma loja online ligada ao armaz\u00e9m POS.\"<\/p>\n <p class=\"text-danger nombreclient\">Estrella Royo - Boutique A mi manera<\/p>\n <\/div>\n <\/div>\n <\/div>\n <\/div>\n <\/div>\n <\/div>\n <div class=\"row text-white\">\n <div class=\"col-md-12 text-center mt-6\">\n <div class=\"cuerpopadding\">\n <h3>Experimente-o durante 14 dias. O seu neg\u00f3cio ir\u00e1 agradecer-lhe<\/h3>\n <p>Se chegou t\u00e3o longe, \u00e9 porque est\u00e1 interessado no que lhe estamos a dizer.<br>Por isso experimente Catinfog durante 14 dias gratuitamente e descubra com certeza.<\/p>\n <a href=\"\/precios.html\" ><button type=\"button\" class=\"btn btn-secondary my-3 btn-lg\">Comece agora!<\/button><\/a>\n <\/div>\n <\/div>\n <\/div>\n <\/div>\n<\/section>\n","protected":false},"excerpt":{"rendered":"<p>Software Tpv + Loja Online mais simples e f\u00e1cil Catinfog \u00e9 um software POS super f\u00e1cil de manusear com o qual poder\u00e1 organizar as vendas da sua loja f\u00edsica e tamb\u00e9m online. Comece agora de gra\u00e7a Mais de 9.000 retalhistas em todo o mundo utilizam-no para gerir as suas lojas. Nos \u00faltimos 4 anos temos [&#8230;]<\/p>\n<p><a class=\"btn btn-secondary understrap-read-more-link\" href=\"https:\/\/catinfog.com\/pt-pt\/\">Continuar a ler&#8230;<span class=\"screen-reader-text\"> from In\u00edcio<\/span><\/a><\/p>\n","protected":false},"author":1,"featured_media":0,"parent":0,"menu_order":0,"comment_status":"closed","ping_status":"closed","template":"","meta":{"footnotes":""},"class_list":["post-7220","page","type-page","status-publish","hentry"],"yoast_head":"\n<title>In\u00edcio - Catinfog<\/title>\n<meta name=\"robots\" content=\"index, follow, max-snippet:-1, max-image-preview:large, max-video-preview:-1\" \/>\n<link rel=\"canonical\" href=\"https:\/\/catinfog.com\/pt-pt\/\" \/>\n<meta property=\"og:locale\" content=\"pt_PT\" \/>\n<meta property=\"og:type\" content=\"article\" \/>\n<meta property=\"og:title\" content=\"In\u00edcio - Catinfog\" \/>\n<meta property=\"og:description\" content=\"Software Tpv + Loja Online mais simples e f\u00e1cil Catinfog \u00e9 um software POS super f\u00e1cil de manusear com o qual poder\u00e1 organizar as vendas da sua loja f\u00edsica e tamb\u00e9m online. Comece agora de gra\u00e7a Mais de 9.000 retalhistas em todo o mundo utilizam-no para gerir as suas lojas. Nos \u00faltimos 4 anos temos [...]Continuar a ler... from In\u00edcio\" \/>\n<meta property=\"og:url\" content=\"https:\/\/catinfog.com\/pt-pt\/\" \/>\n<meta property=\"og:site_name\" content=\"Catinfog\" \/>\n<meta property=\"article:modified_time\" content=\"2021-03-06T12:38:53+00:00\" \/>\n<meta property=\"og:image\" content=\"https:\/\/catinfog.com\/wp-content\/uploads\/2020\/09\/flecha-derecha-1.png\" \/>\n<meta name=\"twitter:card\" content=\"summary_large_image\" \/>\n<meta name=\"twitter:label1\" content=\"Tempo estimado de leitura\" \/>\n\t<meta name=\"twitter:data1\" content=\"4 minutos\" \/>\n<script type=\"application\/ld+json\" class=\"yoast-schema-graph\">{\"@context\":\"https:\/\/schema.org\",\"@graph\":[{\"@type\":\"WebPage\",\"@id\":\"https:\/\/catinfog.com\/pt-pt\/\",\"url\":\"https:\/\/catinfog.com\/pt-pt\/\",\"name\":\"In\u00edcio - Catinfog\",\"isPartOf\":{\"@id\":\"https:\/\/catinfog.com\/#website\"},\"primaryImageOfPage\":{\"@id\":\"https:\/\/catinfog.com\/pt-pt\/#primaryimage\"},\"image\":{\"@id\":\"https:\/\/catinfog.com\/pt-pt\/#primaryimage\"},\"thumbnailUrl\":\"https:\/\/catinfog.com\/wp-content\/uploads\/2020\/09\/flecha-derecha-1.png\",\"datePublished\":\"2021-03-06T12:38:51+00:00\",\"dateModified\":\"2021-03-06T12:38:53+00:00\",\"breadcrumb\":{\"@id\":\"https:\/\/catinfog.com\/pt-pt\/#breadcrumb\"},\"inLanguage\":\"pt-PT\",\"potentialAction\":[{\"@type\":\"ReadAction\",\"target\":[\"https:\/\/catinfog.com\/pt-pt\/\"]}]},{\"@type\":\"ImageObject\",\"inLanguage\":\"pt-PT\",\"@id\":\"https:\/\/catinfog.com\/pt-pt\/#primaryimage\",\"url\":\"https:\/\/catinfog.com\/wp-content\/uploads\/2020\/09\/flecha-derecha-1.png\",\"contentUrl\":\"https:\/\/catinfog.com\/wp-content\/uploads\/2020\/09\/flecha-derecha-1.png\"},{\"@type\":\"BreadcrumbList\",\"@id\":\"https:\/\/catinfog.com\/pt-pt\/#breadcrumb\",\"itemListElement\":[{\"@type\":\"ListItem\",\"position\":1,\"name\":\"Portada\",\"item\":\"https:\/\/catinfog.com\/pt-pt\/\"},{\"@type\":\"ListItem\",\"position\":2,\"name\":\"In\u00edcio\"}]},{\"@type\":\"WebSite\",\"@id\":\"https:\/\/catinfog.com\/#website\",\"url\":\"https:\/\/catinfog.com\/\",\"name\":\"Catinfog\",\"description\":\"Catinfog es un programa TPV para gestionar f\u00e1cilmente las ventas de una tienda f\u00edsica. Vende desde el M\u00f3vil o el Pc, acepta pagos e imprime Tickets. Fideliza a tus clientes de una forma moderna y potente desde la nube.\",\"potentialAction\":[{\"@type\":\"SearchAction\",\"target\":{\"@type\":\"EntryPoint\",\"urlTemplate\":\"https:\/\/catinfog.com\/?s={search_term_string}\"},\"query-input\":{\"@type\":\"PropertyValueSpecification\",\"valueRequired\":true,\"valueName\":\"search_term_string\"}}],\"inLanguage\":\"pt-PT\"}]}<\/script>\n","yoast_head_json":{"title":"In\u00edcio - Catinfog","robots":{"index":"index","follow":"follow","max-snippet":"max-snippet:-1","max-image-preview":"max-image-preview:large","max-video-preview":"max-video-preview:-1"},"canonical":"https:\/\/catinfog.com\/pt-pt\/","og_locale":"pt_PT","og_type":"article","og_title":"In\u00edcio - Catinfog","og_description":"Software Tpv + Loja Online mais simples e f\u00e1cil Catinfog \u00e9 um software POS super f\u00e1cil de manusear com o qual poder\u00e1 organizar as vendas da sua loja f\u00edsica e tamb\u00e9m online. Comece agora de gra\u00e7a Mais de 9.000 retalhistas em todo o mundo utilizam-no para gerir as suas lojas. Nos \u00faltimos 4 anos temos [...]Continuar a ler... from In\u00edcio","og_url":"https:\/\/catinfog.com\/pt-pt\/","og_site_name":"Catinfog","article_modified_time":"2021-03-06T12:38:53+00:00","og_image":[{"url":"https:\/\/catinfog.com\/wp-content\/uploads\/2020\/09\/flecha-derecha-1.png","type":"","width":"","height":""}],"twitter_card":"summary_large_image","twitter_misc":{"Tempo estimado de leitura":"4 minutos"},"schema":{"@context":"https:\/\/schema.org","@graph":[{"@type":"WebPage","@id":"https:\/\/catinfog.com\/pt-pt\/","url":"https:\/\/catinfog.com\/pt-pt\/","name":"In\u00edcio - Catinfog","isPartOf":{"@id":"https:\/\/catinfog.com\/#website"},"primaryImageOfPage":{"@id":"https:\/\/catinfog.com\/pt-pt\/#primaryimage"},"image":{"@id":"https:\/\/catinfog.com\/pt-pt\/#primaryimage"},"thumbnailUrl":"https:\/\/catinfog.com\/wp-content\/uploads\/2020\/09\/flecha-derecha-1.png","datePublished":"2021-03-06T12:38:51+00:00","dateModified":"2021-03-06T12:38:53+00:00","breadcrumb":{"@id":"https:\/\/catinfog.com\/pt-pt\/#breadcrumb"},"inLanguage":"pt-PT","potentialAction":[{"@type":"ReadAction","target":["https:\/\/catinfog.com\/pt-pt\/"]}]},{"@type":"ImageObject","inLanguage":"pt-PT","@id":"https:\/\/catinfog.com\/pt-pt\/#primaryimage","url":"https:\/\/catinfog.com\/wp-content\/uploads\/2020\/09\/flecha-derecha-1.png","contentUrl":"https:\/\/catinfog.com\/wp-content\/uploads\/2020\/09\/flecha-derecha-1.png"},{"@type":"BreadcrumbList","@id":"https:\/\/catinfog.com\/pt-pt\/#breadcrumb","itemListElement":[{"@type":"ListItem","position":1,"name":"Portada","item":"https:\/\/catinfog.com\/pt-pt\/"},{"@type":"ListItem","position":2,"name":"In\u00edcio"}]},{"@type":"WebSite","@id":"https:\/\/catinfog.com\/#website","url":"https:\/\/catinfog.com\/","name":"Catinfog","description":"Catinfog es un programa TPV para gestionar f\u00e1cilmente las ventas de una tienda f\u00edsica. Vende desde el M\u00f3vil o el Pc, acepta pagos e imprime Tickets. Fideliza a tus clientes de una forma moderna y potente desde la nube.","potentialAction":[{"@type":"SearchAction","target":{"@type":"EntryPoint","urlTemplate":"https:\/\/catinfog.com\/?s={search_term_string}"},"query-input":{"@type":"PropertyValueSpecification","valueRequired":true,"valueName":"search_term_string"}}],"inLanguage":"pt-PT"}]}},"_links":{"self":[{"href":"https:\/\/catinfog.com\/pt-pt\/wp-json\/wp\/v2\/pages\/7220","targetHints":{"allow":["GET"]}}],"collection":[{"href":"https:\/\/catinfog.com\/pt-pt\/wp-json\/wp\/v2\/pages"}],"about":[{"href":"https:\/\/catinfog.com\/pt-pt\/wp-json\/wp\/v2\/types\/page"}],"author":[{"embeddable":true,"href":"https:\/\/catinfog.com\/pt-pt\/wp-json\/wp\/v2\/users\/1"}],"replies":[{"embeddable":true,"href":"https:\/\/catinfog.com\/pt-pt\/wp-json\/wp\/v2\/comments?post=7220"}],"version-history":[{"count":0,"href":"https:\/\/catinfog.com\/pt-pt\/wp-json\/wp\/v2\/pages\/7220\/revisions"}],"wp:attachment":[{"href":"https:\/\/catinfog.com\/pt-pt\/wp-json\/wp\/v2\/media?parent=7220"}],"curies":[{"name":"wp","href":"https:\/\/api.w.org\/{rel}","templated":true}]}}